{"id":13503,"date":"2024-08-26T10:53:23","date_gmt":"2024-08-26T08:53:23","guid":{"rendered":"https:\/\/www.rapoo-eu.com\/de\/?page_id=13503"},"modified":"2025-07-04T09:59:32","modified_gmt":"2025-07-04T07:59:32","slug":"wm1-support","status":"publish","type":"page","link":"https:\/\/www.rapoo-eu.com\/de\/wm1-support\/","title":{"rendered":"WM1 Support"},"content":{"rendered":"\n<div class=\"container wp-block-advanced-bootstrap-blocks-container\">\n<div class=\"row wp-block-advanced-bootstrap-blocks-row\">\n<div class=\"col wp-block-advanced-bootstrap-blocks-column\"><link rel=\"stylesheet\" href=\"https:\/\/www.rapoo-eu.com\/de\/wp-content\/themes\/bmade\/dist\/css\/bmade.variable-blocks.css?ver=1754292888\" type=\"text\/css\" media=\"all\">\n\n\n    \n\n\n<section \n    class=\"section section--variable-blocks variable-blocks variable-blocks--icon \">\n            <div class=\"card-icon\">\n    <div class=\"card-icon__inner\">\n                    <div class=\"card-icon__content\">\n                                    <figure class=\"card-icon__icon-figure\">\n                        <img alt=\"Benutzerhandbuch\" src=\"https:\/\/www.rapoo-eu.com\/de\/wp-content\/uploads\/sites\/14\/2020\/06\/Infobox_info_icon-black.png\"\/>\n                    <\/figure>\n                \n                                    <h3 class=\"h3 card-icon__title\">\n                        Benutzerhandbuch\n                    <\/h3>\n                                                    <p class=\"card-icon__caption\">\n                        Kurzanleitung f\u00fcr dieses Produkt herunterladen\n                    <\/p>\n                                            <\/div>\n                            <div class=\"card-icon__footer\">\n                                    <p>\n                        <a\n                                class=\"card-icon__button button button--full-width button--ghost\"\n                                href=\"https:\/\/www.rapoo-eu.com\/de\/wp-content\/uploads\/sites\/14\/2024\/08\/1_WM1_Manual.pdf\"\n                                                                    rel=\"noreferrer noopener\"\n                                                                target=\"_blank\"\n                        >\n                            Download\n                        <\/a>\n                    <\/p>\n                \n                            <\/div>\n        \n    <\/div>\n<\/div>    <\/section>\n<\/div>\n\n\n\n<div class=\"col wp-block-advanced-bootstrap-blocks-column\">\n\n\n    \n\n\n<section \n    class=\"section section--variable-blocks variable-blocks variable-blocks--icon \">\n            <div class=\"card-icon\">\n    <div class=\"card-icon__inner\">\n                    <div class=\"card-icon__content\">\n                                    <figure class=\"card-icon__icon-figure\">\n                        <img alt=\"Erkl\u00e4rungen\" src=\"https:\/\/www.rapoo-eu.com\/de\/wp-content\/uploads\/sites\/14\/2020\/06\/Infobox_info_icon-black.png\"\/>\n                    <\/figure>\n                \n                                    <h3 class=\"h3 card-icon__title\">\n                        Erkl\u00e4rungen\n                    <\/h3>\n                                                    <p class=\"card-icon__caption\">\n                        Laden Sie die Konformit\u00e4tserkl\u00e4rung f\u00fcr dieses Produkt herunter\n                    <\/p>\n                                            <\/div>\n                            <div class=\"card-icon__footer\">\n                                    <p>\n                        <a\n                                class=\"card-icon__button button button--full-width button--ghost\"\n                                href=\"https:\/\/secure.productip.com\/public\/view\/file\/id\/2a3a9f?f=2a3a9f\"\n                                                                target=\"\"\n                        >\n                            Download\n                        <\/a>\n                    <\/p>\n                \n                            <\/div>\n        \n    <\/div>\n<\/div>    <\/section>\n<\/div>\n\n\n\n<div class=\"col\">\n\n\n    \n\n\n<section \n    class=\"section section--variable-blocks variable-blocks variable-blocks--icon \">\n            <div class=\"card-icon\">\n    <div class=\"card-icon__inner\">\n                    <div class=\"card-icon__content\">\n                                    <figure class=\"card-icon__icon-figure\">\n                        <img alt=\"Allgemeine FAQ\" src=\"https:\/\/www.rapoo-eu.com\/de\/wp-content\/uploads\/sites\/14\/2020\/06\/Windows-2.png\"\/>\n                    <\/figure>\n                \n                                    <h3 class=\"h3 card-icon__title\">\n                        Allgemeine FAQ\n                    <\/h3>\n                                                    <p class=\"card-icon__caption\">\n                        Lesen Sie f\u00fcr weitere Informationen die Antworten auf h\u00e4ufig gestellte Fragen\n                    <\/p>\n                                            <\/div>\n                            <div class=\"card-icon__footer\">\n                                    <p>\n                        <a\n                                class=\"card-icon__button button button--full-width button--ghost\"\n                                href=\"https:\/\/www.rapoo-eu.com\/de\/support\/\"\n                                                                target=\"\"\n                        >\n                            Support Center aufrufen\n                        <\/a>\n                    <\/p>\n                \n                            <\/div>\n        \n    <\/div>\n<\/div>    <\/section>\n<\/div>\n<\/div>\n\n\n\n<div class=\"row wp-block-advanced-bootstrap-blocks-row\">\n<div class=\"col wp-block-advanced-bootstrap-blocks-column\"><link rel=\"stylesheet\" href=\"https:\/\/www.rapoo-eu.com\/de\/wp-content\/themes\/bmade\/dist\/css\/bmade.rich-text.css?ver=1754292888\" type=\"text\/css\" media=\"all\">\n\n<section class=\"section section--rich-text rich-text\">\n    <div class=\"rich-text__inner\">\n        <h2><strong>H\u00e4ufig gestellte Fragen (FAQ):<\/strong> WM1<\/h2>\n<div class=\"row wp-block-advanced-bootstrap-blocks-row\">\n<div class=\"col wp-block-advanced-bootstrap-blocks-column\">\n<section class=\"section section--rich-text rich-text\">\n<div class=\"rich-text__inner\">\n<p>Bitte lesen Sie unsere FAQs, um Antworten und L\u00f6sungen zu h\u00e4ufig gestellten Fragen zu finden.<\/p>\n<\/div>\n<\/section>\n<\/div>\n<\/div>\n<div class=\"row wp-block-advanced-bootstrap-blocks-row\">\n<div class=\"col wp-block-advanced-bootstrap-blocks-column\">\n<section class=\"section section--faq faq-section\">\n<div class=\"faq__item\" data-index=\"0\"><\/div>\n<\/section>\n<\/div>\n<\/div>\n\n    <\/div>\n<\/section><\/div>\n<\/div>\n\n\n\n<div class=\"row wp-block-advanced-bootstrap-blocks-row\">\n<div class=\"col wp-block-advanced-bootstrap-blocks-column\"><link rel=\"stylesheet\" href=\"https:\/\/www.rapoo-eu.com\/de\/wp-content\/themes\/bmade\/dist\/css\/bmade.faq.css?ver=1754292888\" type=\"text\/css\" media=\"all\">\n\n\n<section class=\"section section--faq faq-section\">\n\n    \n            <div class=\"faq__item\" data-index=\"0\">\n            <h3 class=\"h4 faq__question\" @click.prevent=\"toggleSlide(0)\">\n                Mein Produkt ist defekt. Was kann ich tun?\n                <span class=\"icon icon--read-more faq__icon faq__icon--read-more\">\n                    <svg xmlns=\"http:\/\/www.w3.org\/2000\/svg\" viewBox=\"0 0 320 512\">\n                        <path d=\"M285.476 272.971L91.132 467.314c-9.373 9.373-24.569 9.373-33.941 0l-22.667-22.667c-9.357-9.357-9.375-24.522-.04-33.901L188.505 256 34.484 101.255c-9.335-9.379-9.317-24.544.04-33.901l22.667-22.667c9.373-9.373 24.569-9.373 33.941 0L285.475 239.03c9.373 9.372 9.373 24.568.001 33.941z\"\/>\n                    <\/svg>\n                <\/span>\n            <\/h3>\n            <div class=\"faq__answer-wrapper\">\n                <div class=\"faq__answer\">\n                    <p>Wir bieten eine \u201cR\u00fcckgabe an den H\u00e4ndler\u201d-Garantie f\u00fcr unsere Produkte. Im Falle eines Defekts geben Sie das Produkt bitte mit einer klaren Beschreibung des Problems, dem Kaufbeleg und allem Zubeh\u00f6r an Ihren H\u00e4ndler zur\u00fcck. W\u00e4hrend der Garantiezeit erhalten Sie ein Ersatzprodukt von Ihrem H\u00e4ndler, sofern verf\u00fcgbar.<\/p>\n\n                <\/div>\n            <\/div>\n        <\/div>\n    \n<\/section><\/div>\n<\/div>\n<\/div>\n","protected":false},"excerpt":{"rendered":"","protected":false},"author":9,"featured_media":0,"parent":0,"menu_order":0,"comment_status":"closed","ping_status":"closed","template":"","meta":[],"acf":[],"yoast_head":"<!-- This site is optimized with the Yoast SEO plugin v22.9 - https:\/\/yoast.com\/wordpress\/plugins\/seo\/ -->\n<title>WM1 Support - Rapoo<\/title>\n<meta name=\"robots\" content=\"noindex, follow, max-snippet:-1, max-image-preview:large, max-video-preview:-1\" \/>\n<meta property=\"og:locale\" content=\"de_DE\" \/>\n<meta property=\"og:type\" content=\"article\" \/>\n<meta property=\"og:title\" content=\"WM1 Support - Rapoo\" \/>\n<meta property=\"og:url\" content=\"https:\/\/www.rapoo-eu.com\/de\/wm1-support\/\" \/>\n<meta property=\"og:site_name\" content=\"Rapoo\" \/>\n<meta property=\"article:modified_time\" content=\"2025-07-04T07:59:32+00:00\" \/>\n<meta name=\"twitter:card\" content=\"summary_large_image\" \/>\n<script type=\"application\/ld+json\" class=\"yoast-schema-graph\">{\"@context\":\"https:\/\/schema.org\",\"@graph\":[{\"@type\":\"WebPage\",\"@id\":\"https:\/\/www.rapoo-eu.com\/de\/wm1-support\/\",\"url\":\"https:\/\/www.rapoo-eu.com\/de\/wm1-support\/\",\"name\":\"WM1 Support - Rapoo\",\"isPartOf\":{\"@id\":\"https:\/\/www.rapoo-eu.com\/de\/#website\"},\"datePublished\":\"2024-08-26T08:53:23+00:00\",\"dateModified\":\"2025-07-04T07:59:32+00:00\",\"breadcrumb\":{\"@id\":\"https:\/\/www.rapoo-eu.com\/de\/wm1-support\/#breadcrumb\"},\"inLanguage\":\"de\",\"potentialAction\":[{\"@type\":\"ReadAction\",\"target\":[\"https:\/\/www.rapoo-eu.com\/de\/wm1-support\/\"]}]},{\"@type\":\"BreadcrumbList\",\"@id\":\"https:\/\/www.rapoo-eu.com\/de\/wm1-support\/#breadcrumb\",\"itemListElement\":[{\"@type\":\"ListItem\",\"position\":1,\"name\":\"Home\",\"item\":\"https:\/\/www.rapoo-eu.com\/de\/\"},{\"@type\":\"ListItem\",\"position\":2,\"name\":\"WM1 Support\"}]},{\"@type\":\"WebSite\",\"@id\":\"https:\/\/www.rapoo-eu.com\/de\/#website\",\"url\":\"https:\/\/www.rapoo-eu.com\/de\/\",\"name\":\"Rapoo\",\"description\":\"Wireless Your Life\",\"potentialAction\":[{\"@type\":\"SearchAction\",\"target\":{\"@type\":\"EntryPoint\",\"urlTemplate\":\"https:\/\/www.rapoo-eu.com\/de\/?s={search_term_string}\"},\"query-input\":\"required name=search_term_string\"}],\"inLanguage\":\"de\"}]}<\/script>\n<!-- \/ Yoast SEO plugin. -->","yoast_head_json":{"title":"WM1 Support - Rapoo","robots":{"index":"noindex","follow":"follow","max-snippet":"max-snippet:-1","max-image-preview":"max-image-preview:large","max-video-preview":"max-video-preview:-1"},"og_locale":"de_DE","og_type":"article","og_title":"WM1 Support - Rapoo","og_url":"https:\/\/www.rapoo-eu.com\/de\/wm1-support\/","og_site_name":"Rapoo","article_modified_time":"2025-07-04T07:59:32+00:00","twitter_card":"summary_large_image","schema":{"@context":"https:\/\/schema.org","@graph":[{"@type":"WebPage","@id":"https:\/\/www.rapoo-eu.com\/de\/wm1-support\/","url":"https:\/\/www.rapoo-eu.com\/de\/wm1-support\/","name":"WM1 Support - Rapoo","isPartOf":{"@id":"https:\/\/www.rapoo-eu.com\/de\/#website"},"datePublished":"2024-08-26T08:53:23+00:00","dateModified":"2025-07-04T07:59:32+00:00","breadcrumb":{"@id":"https:\/\/www.rapoo-eu.com\/de\/wm1-support\/#breadcrumb"},"inLanguage":"de","potentialAction":[{"@type":"ReadAction","target":["https:\/\/www.rapoo-eu.com\/de\/wm1-support\/"]}]},{"@type":"BreadcrumbList","@id":"https:\/\/www.rapoo-eu.com\/de\/wm1-support\/#breadcrumb","itemListElement":[{"@type":"ListItem","position":1,"name":"Home","item":"https:\/\/www.rapoo-eu.com\/de\/"},{"@type":"ListItem","position":2,"name":"WM1 Support"}]},{"@type":"WebSite","@id":"https:\/\/www.rapoo-eu.com\/de\/#website","url":"https:\/\/www.rapoo-eu.com\/de\/","name":"Rapoo","description":"Wireless Your Life","potentialAction":[{"@type":"SearchAction","target":{"@type":"EntryPoint","urlTemplate":"https:\/\/www.rapoo-eu.com\/de\/?s={search_term_string}"},"query-input":"required name=search_term_string"}],"inLanguage":"de"}]}},"_links":{"self":[{"href":"https:\/\/www.rapoo-eu.com\/de\/wp-json\/wp\/v2\/pages\/13503"}],"collection":[{"href":"https:\/\/www.rapoo-eu.com\/de\/wp-json\/wp\/v2\/pages"}],"about":[{"href":"https:\/\/www.rapoo-eu.com\/de\/wp-json\/wp\/v2\/types\/page"}],"author":[{"embeddable":true,"href":"https:\/\/www.rapoo-eu.com\/de\/wp-json\/wp\/v2\/users\/9"}],"replies":[{"embeddable":true,"href":"https:\/\/www.rapoo-eu.com\/de\/wp-json\/wp\/v2\/comments?post=13503"}],"version-history":[{"count":7,"href":"https:\/\/www.rapoo-eu.com\/de\/wp-json\/wp\/v2\/pages\/13503\/revisions"}],"predecessor-version":[{"id":15743,"href":"https:\/\/www.rapoo-eu.com\/de\/wp-json\/wp\/v2\/pages\/13503\/revisions\/15743"}],"wp:attachment":[{"href":"https:\/\/www.rapoo-eu.com\/de\/wp-json\/wp\/v2\/media?parent=13503"}],"curies":[{"name":"wp","href":"https:\/\/api.w.org\/{rel}","templated":true}]}}