{"id":3570,"date":"2020-08-11T14:42:23","date_gmt":"2020-08-11T12:42:23","guid":{"rendered":"https:\/\/www.rapoo-eu.com\/de\/?page_id=3570"},"modified":"2025-07-03T17:19:28","modified_gmt":"2025-07-03T15:19:28","slug":"n2400-support","status":"publish","type":"page","link":"https:\/\/www.rapoo-eu.com\/de\/support\/keyboard-support\/n2400-support\/","title":{"rendered":"N2400 Support"},"content":{"rendered":"\n<div class=\"container wp-block-advanced-bootstrap-blocks-container\">\n<div class=\"row wp-block-advanced-bootstrap-blocks-row\">\n<div class=\"col wp-block-advanced-bootstrap-blocks-column\"><link rel=\"stylesheet\" href=\"https:\/\/www.rapoo-eu.com\/de\/wp-content\/themes\/bmade\/dist\/css\/bmade.variable-blocks.css?ver=1754292888\" type=\"text\/css\" media=\"all\">\n\n\n    \n\n\n<section \n    class=\"section section--variable-blocks variable-blocks variable-blocks--icon \">\n            <div class=\"card-icon\">\n    <div class=\"card-icon__inner\">\n                    <div class=\"card-icon__content\">\n                                    <figure class=\"card-icon__icon-figure\">\n                        <img alt=\"Plug &#038; Play\" src=\"https:\/\/www.rapoo-eu.com\/de\/wp-content\/uploads\/sites\/14\/2020\/06\/Infobox_info_icon-black.png\"\/>\n                    <\/figure>\n                \n                                    <h3 class=\"h3 card-icon__title\">\n                        Plug &#038; Play\n                    <\/h3>\n                                                    <p class=\"card-icon__caption\">\n                        Kurzanleitung f\u00fcr dieses Produkt herunterladen Kein Treiber oder Setup erforderlich. Das Produkt wird mit Ihrem Ger\u00e4t verbunden, sobald es \u00fcber einen USB-Anschluss angeschlossen ist.\n                    <\/p>\n                                            <\/div>\n                            <div class=\"card-icon__footer\">\n                                    <p>\n                        <a\n                                class=\"card-icon__button button button--full-width button--ghost\"\n                                href=\"https:\/\/www.rapoo-eu.com\/de\/wp-content\/uploads\/sites\/14\/2023\/11\/N2400_Manual.pdf\"\n                                                                    rel=\"noreferrer noopener\"\n                                                                target=\"_blank\"\n                        >\n                            Download\n                        <\/a>\n                    <\/p>\n                \n                                    <p class=\"text-center\">\n                        <a\n                                class=\"card-icon__link\"\n                                href=\"https:\/\/www.rapoo-eu.com\/de\/support\/mice-support\/\"\n                                                                target=\"\"\n                        >\n                            Alle Handb\u00fccher anzeigen\n                        <\/a>\n                    <\/p>\n                            <\/div>\n        \n    <\/div>\n<\/div>    <\/section>\n<\/div>\n\n\n\n<div class=\"col wp-block-advanced-bootstrap-blocks-column\">\n\n\n    \n\n\n<section \n    class=\"section section--variable-blocks variable-blocks variable-blocks--icon \">\n            <div class=\"card-icon\">\n    <div class=\"card-icon__inner\">\n                    <div class=\"card-icon__content\">\n                                    <figure class=\"card-icon__icon-figure\">\n                        <img alt=\"Erkl\u00e4rungen\" src=\"https:\/\/www.rapoo-eu.com\/de\/wp-content\/uploads\/sites\/14\/2020\/06\/Infobox_info_icon-black.png\"\/>\n                    <\/figure>\n                \n                                    <h3 class=\"h3 card-icon__title\">\n                        Erkl\u00e4rungen\n                    <\/h3>\n                                                    <p class=\"card-icon__caption\">\n                        Laden Sie die Konformit\u00e4tserkl\u00e4rung f\u00fcr dieses Produkt herunter\n                    <\/p>\n                                            <\/div>\n                            <div class=\"card-icon__footer\">\n                                    <p>\n                        <a\n                                class=\"card-icon__button button button--full-width button--ghost\"\n                                href=\"http:\/\/productip.com\/?f=1f6309\"\n                                                                    rel=\"noreferrer noopener\"\n                                                                target=\"_blank\"\n                        >\n                            Download\n                        <\/a>\n                    <\/p>\n                \n                                    <p class=\"text-center\">\n                        <a\n                                class=\"card-icon__link\"\n                                href=\"https:\/\/file.ac\/Ounv4azA3Jg\/\"\n                                                                    rel=\"noreferrer noopener\"\n                                                                target=\"_blank\"\n                        >\n                            Alle Handb\u00fccher anzeigen\n                        <\/a>\n                    <\/p>\n                            <\/div>\n        \n    <\/div>\n<\/div>    <\/section>\n<\/div>\n\n\n\n<div class=\"col wp-block-advanced-bootstrap-blocks-column\">\n\n\n    \n\n\n<section \n    class=\"section section--variable-blocks variable-blocks variable-blocks--icon \">\n            <div class=\"card-icon\">\n    <div class=\"card-icon__inner\">\n                    <div class=\"card-icon__content\">\n                                    <figure class=\"card-icon__icon-figure\">\n                        <img alt=\"Allgemeine FAQ\" src=\"https:\/\/www.rapoo-eu.com\/de\/wp-content\/uploads\/sites\/14\/2020\/06\/Windows-2.png\"\/>\n                    <\/figure>\n                \n                                    <h3 class=\"h3 card-icon__title\">\n                        Allgemeine FAQ\n                    <\/h3>\n                                                    <p class=\"card-icon__caption\">\n                        Lesen Sie f\u00fcr weitere Informationen die Antworten auf h\u00e4ufig gestellte Fragen\n                    <\/p>\n                                            <\/div>\n                            <div class=\"card-icon__footer\">\n                                    <p>\n                        <a\n                                class=\"card-icon__button button button--full-width button--ghost\"\n                                href=\"https:\/\/www.rapoo-eu.com\/de\/support\/\"\n                                                                target=\"\"\n                        >\n                            Support Center aufrufen\n                        <\/a>\n                    <\/p>\n                \n                                    <p class=\"text-center\">\n                        <a\n                                class=\"card-icon__link\"\n                                href=\"https:\/\/www.rapoo-eu.com\/de\/product\/n2400\/\"\n                                                                target=\"\"\n                        >\n                            Produkt-Details anzeigen\n                        <\/a>\n                    <\/p>\n                            <\/div>\n        \n    <\/div>\n<\/div>    <\/section>\n<\/div>\n<\/div>\n\n\n\n<div class=\"row wp-block-advanced-bootstrap-blocks-row\">\n<div class=\"col wp-block-advanced-bootstrap-blocks-column\"><link rel=\"stylesheet\" href=\"https:\/\/www.rapoo-eu.com\/de\/wp-content\/themes\/bmade\/dist\/css\/bmade.rich-text.css?ver=1754292888\" type=\"text\/css\" media=\"all\">\n\n<section class=\"section section--rich-text rich-text\">\n    <div class=\"rich-text__inner\">\n        <h2><strong>H\u00e4ufig gestellte Fragen (FAQ): N2400<\/strong><\/h2>\n<p>Bitte lesen Sie unsere FAQs, um Antworten und L\u00f6sungen zu h\u00e4ufig gestellten Fragen zu finden.<\/p>\n\n    <\/div>\n<\/section><\/div>\n<\/div>\n\n\n\n<div class=\"row wp-block-advanced-bootstrap-blocks-row\">\n<div class=\"col wp-block-advanced-bootstrap-blocks-column\"><link rel=\"stylesheet\" href=\"https:\/\/www.rapoo-eu.com\/de\/wp-content\/themes\/bmade\/dist\/css\/bmade.faq.css?ver=1754292888\" type=\"text\/css\" media=\"all\">\n\n\n<section class=\"section section--faq faq-section\">\n\n    \n            <div class=\"faq__item\" data-index=\"0\">\n            <h3 class=\"h4 faq__question\" @click.prevent=\"toggleSlide(0)\">\n                Wie kann ich die N2400 mit einem MacBook\/ PC\/ Laptop verbinden?\n                <span class=\"icon icon--read-more faq__icon faq__icon--read-more\">\n                    <svg xmlns=\"http:\/\/www.w3.org\/2000\/svg\" viewBox=\"0 0 320 512\">\n                        <path d=\"M285.476 272.971L91.132 467.314c-9.373 9.373-24.569 9.373-33.941 0l-22.667-22.667c-9.357-9.357-9.375-24.522-.04-33.901L188.505 256 34.484 101.255c-9.335-9.379-9.317-24.544.04-33.901l22.667-22.667c9.373-9.373 24.569-9.373 33.941 0L285.475 239.03c9.373 9.372 9.373 24.568.001 33.941z\"\/>\n                    <\/svg>\n                <\/span>\n            <\/h3>\n            <div class=\"faq__answer-wrapper\">\n                <div class=\"faq__answer\">\n                    <p>Stecken Sie das N2400-Kabel einfach in den USB-Anschluss eines PCs oder Laptops.<\/p>\n\n                <\/div>\n            <\/div>\n        <\/div>\n            <div class=\"faq__item\" data-index=\"1\">\n            <h3 class=\"h4 faq__question\" @click.prevent=\"toggleSlide(1)\">\n                Wie kann ich die N2400 mit einem MacBook\/ PC\/ Laptop verbinden?\n                <span class=\"icon icon--read-more faq__icon faq__icon--read-more\">\n                    <svg xmlns=\"http:\/\/www.w3.org\/2000\/svg\" viewBox=\"0 0 320 512\">\n                        <path d=\"M285.476 272.971L91.132 467.314c-9.373 9.373-24.569 9.373-33.941 0l-22.667-22.667c-9.357-9.357-9.375-24.522-.04-33.901L188.505 256 34.484 101.255c-9.335-9.379-9.317-24.544.04-33.901l22.667-22.667c9.373-9.373 24.569-9.373 33.941 0L285.475 239.03c9.373 9.372 9.373 24.568.001 33.941z\"\/>\n                    <\/svg>\n                <\/span>\n            <\/h3>\n            <div class=\"faq__answer-wrapper\">\n                <div class=\"faq__answer\">\n                    <p>Wir bieten f\u00fcr unsere Produkte eine \u201cR\u00fcckgabe an den H\u00e4ndler\u201d-Garantie. Im Falle eines Defekts geben Sie das Produkt bitte mit einer klaren Beschreibung des Problems, dem Kaufbeleg und allem Zubeh\u00f6r an Ihren H\u00e4ndler zur\u00fcck. W\u00e4hrend der Garantiezeit erhalten Sie ein Ersatzprodukt von Ihrem H\u00e4ndler, sofern verf\u00fcgbar.<\/p>\n\n                <\/div>\n            <\/div>\n        <\/div>\n    \n<\/section>\n\n\n\n<section class=\"section section--rich-text rich-text\">\n    <div class=\"rich-text__inner\">\n        <h3><strong>Sie konnten die Antwort nicht in den FAQs finden?<\/strong><\/h3>\n<p><a href=\"https:\/\/www.rapoo-eu.com\/de\/contact\/\">Nehmen Sie Kontakt mit uns auf<\/a> und f\u00fcllen Sie das Formular mit so vielen Informationen wie m\u00f6glich aus.\u00a0Einer unserer Support-Mitarbeiter wird Ihnen so schnell wie m\u00f6glich helfen.<\/p>\n\n    <\/div>\n<\/section><\/div>\n<\/div>\n<\/div>\n","protected":false},"excerpt":{"rendered":"","protected":false},"author":9,"featured_media":0,"parent":1800,"menu_order":0,"comment_status":"closed","ping_status":"closed","template":"page-content.php","meta":[],"acf":[],"yoast_head":"<!-- This site is optimized with the Yoast SEO plugin v22.9 - https:\/\/yoast.com\/wordpress\/plugins\/seo\/ -->\n<title>N2400 Support - Rapoo<\/title>\n<meta name=\"description\" content=\"Need help with your MT550 multi-mode wireless mouse? Here you can find MT550 user manual with simple step by step instructions, video tutorials, and answers to frequently asked questions.\" \/>\n<meta name=\"robots\" content=\"noindex, follow, max-snippet:-1, max-image-preview:large, max-video-preview:-1\" \/>\n<meta property=\"og:locale\" content=\"de_DE\" \/>\n<meta property=\"og:type\" content=\"article\" \/>\n<meta property=\"og:title\" content=\"N2400 Support - Rapoo\" \/>\n<meta property=\"og:description\" content=\"Need help with your MT550 multi-mode wireless mouse? Here you can find MT550 user manual with simple step by step instructions, video tutorials, and answers to frequently asked questions.\" \/>\n<meta property=\"og:url\" content=\"https:\/\/www.rapoo-eu.com\/de\/support\/keyboard-support\/n2400-support\/\" \/>\n<meta property=\"og:site_name\" content=\"Rapoo\" \/>\n<meta property=\"article:modified_time\" content=\"2025-07-03T15:19:28+00:00\" \/>\n<meta name=\"twitter:card\" content=\"summary_large_image\" \/>\n<script type=\"application\/ld+json\" class=\"yoast-schema-graph\">{\"@context\":\"https:\/\/schema.org\",\"@graph\":[{\"@type\":\"WebPage\",\"@id\":\"https:\/\/www.rapoo-eu.com\/de\/support\/keyboard-support\/n2400-support\/\",\"url\":\"https:\/\/www.rapoo-eu.com\/de\/support\/keyboard-support\/n2400-support\/\",\"name\":\"N2400 Support - Rapoo\",\"isPartOf\":{\"@id\":\"https:\/\/www.rapoo-eu.com\/de\/#website\"},\"datePublished\":\"2020-08-11T12:42:23+00:00\",\"dateModified\":\"2025-07-03T15:19:28+00:00\",\"description\":\"Need help with your MT550 multi-mode wireless mouse? Here you can find MT550 user manual with simple step by step instructions, video tutorials, and answers to frequently asked questions.\",\"breadcrumb\":{\"@id\":\"https:\/\/www.rapoo-eu.com\/de\/support\/keyboard-support\/n2400-support\/#breadcrumb\"},\"inLanguage\":\"de\",\"potentialAction\":[{\"@type\":\"ReadAction\",\"target\":[\"https:\/\/www.rapoo-eu.com\/de\/support\/keyboard-support\/n2400-support\/\"]}]},{\"@type\":\"BreadcrumbList\",\"@id\":\"https:\/\/www.rapoo-eu.com\/de\/support\/keyboard-support\/n2400-support\/#breadcrumb\",\"itemListElement\":[{\"@type\":\"ListItem\",\"position\":1,\"name\":\"Home\",\"item\":\"https:\/\/www.rapoo-eu.com\/de\/\"},{\"@type\":\"ListItem\",\"position\":2,\"name\":\"Support\",\"item\":\"https:\/\/www.rapoo-eu.com\/de\/support\/\"},{\"@type\":\"ListItem\",\"position\":3,\"name\":\"Keyboards Support\",\"item\":\"https:\/\/www.rapoo-eu.com\/de\/support\/keyboard-support\/\"},{\"@type\":\"ListItem\",\"position\":4,\"name\":\"N2400 Support\"}]},{\"@type\":\"WebSite\",\"@id\":\"https:\/\/www.rapoo-eu.com\/de\/#website\",\"url\":\"https:\/\/www.rapoo-eu.com\/de\/\",\"name\":\"Rapoo\",\"description\":\"Wireless Your Life\",\"potentialAction\":[{\"@type\":\"SearchAction\",\"target\":{\"@type\":\"EntryPoint\",\"urlTemplate\":\"https:\/\/www.rapoo-eu.com\/de\/?s={search_term_string}\"},\"query-input\":\"required name=search_term_string\"}],\"inLanguage\":\"de\"}]}<\/script>\n<!-- \/ Yoast SEO plugin. -->","yoast_head_json":{"title":"N2400 Support - Rapoo","description":"Need help with your MT550 multi-mode wireless mouse? Here you can find MT550 user manual with simple step by step instructions, video tutorials, and answers to frequently asked questions.","robots":{"index":"noindex","follow":"follow","max-snippet":"max-snippet:-1","max-image-preview":"max-image-preview:large","max-video-preview":"max-video-preview:-1"},"og_locale":"de_DE","og_type":"article","og_title":"N2400 Support - Rapoo","og_description":"Need help with your MT550 multi-mode wireless mouse? Here you can find MT550 user manual with simple step by step instructions, video tutorials, and answers to frequently asked questions.","og_url":"https:\/\/www.rapoo-eu.com\/de\/support\/keyboard-support\/n2400-support\/","og_site_name":"Rapoo","article_modified_time":"2025-07-03T15:19:28+00:00","twitter_card":"summary_large_image","schema":{"@context":"https:\/\/schema.org","@graph":[{"@type":"WebPage","@id":"https:\/\/www.rapoo-eu.com\/de\/support\/keyboard-support\/n2400-support\/","url":"https:\/\/www.rapoo-eu.com\/de\/support\/keyboard-support\/n2400-support\/","name":"N2400 Support - Rapoo","isPartOf":{"@id":"https:\/\/www.rapoo-eu.com\/de\/#website"},"datePublished":"2020-08-11T12:42:23+00:00","dateModified":"2025-07-03T15:19:28+00:00","description":"Need help with your MT550 multi-mode wireless mouse? Here you can find MT550 user manual with simple step by step instructions, video tutorials, and answers to frequently asked questions.","breadcrumb":{"@id":"https:\/\/www.rapoo-eu.com\/de\/support\/keyboard-support\/n2400-support\/#breadcrumb"},"inLanguage":"de","potentialAction":[{"@type":"ReadAction","target":["https:\/\/www.rapoo-eu.com\/de\/support\/keyboard-support\/n2400-support\/"]}]},{"@type":"BreadcrumbList","@id":"https:\/\/www.rapoo-eu.com\/de\/support\/keyboard-support\/n2400-support\/#breadcrumb","itemListElement":[{"@type":"ListItem","position":1,"name":"Home","item":"https:\/\/www.rapoo-eu.com\/de\/"},{"@type":"ListItem","position":2,"name":"Support","item":"https:\/\/www.rapoo-eu.com\/de\/support\/"},{"@type":"ListItem","position":3,"name":"Keyboards Support","item":"https:\/\/www.rapoo-eu.com\/de\/support\/keyboard-support\/"},{"@type":"ListItem","position":4,"name":"N2400 Support"}]},{"@type":"WebSite","@id":"https:\/\/www.rapoo-eu.com\/de\/#website","url":"https:\/\/www.rapoo-eu.com\/de\/","name":"Rapoo","description":"Wireless Your Life","potentialAction":[{"@type":"SearchAction","target":{"@type":"EntryPoint","urlTemplate":"https:\/\/www.rapoo-eu.com\/de\/?s={search_term_string}"},"query-input":"required name=search_term_string"}],"inLanguage":"de"}]}},"_links":{"self":[{"href":"https:\/\/www.rapoo-eu.com\/de\/wp-json\/wp\/v2\/pages\/3570"}],"collection":[{"href":"https:\/\/www.rapoo-eu.com\/de\/wp-json\/wp\/v2\/pages"}],"about":[{"href":"https:\/\/www.rapoo-eu.com\/de\/wp-json\/wp\/v2\/types\/page"}],"author":[{"embeddable":true,"href":"https:\/\/www.rapoo-eu.com\/de\/wp-json\/wp\/v2\/users\/9"}],"replies":[{"embeddable":true,"href":"https:\/\/www.rapoo-eu.com\/de\/wp-json\/wp\/v2\/comments?post=3570"}],"version-history":[{"count":34,"href":"https:\/\/www.rapoo-eu.com\/de\/wp-json\/wp\/v2\/pages\/3570\/revisions"}],"predecessor-version":[{"id":15712,"href":"https:\/\/www.rapoo-eu.com\/de\/wp-json\/wp\/v2\/pages\/3570\/revisions\/15712"}],"up":[{"embeddable":true,"href":"https:\/\/www.rapoo-eu.com\/de\/wp-json\/wp\/v2\/pages\/1800"}],"wp:attachment":[{"href":"https:\/\/www.rapoo-eu.com\/de\/wp-json\/wp\/v2\/media?parent=3570"}],"curies":[{"name":"wp","href":"https:\/\/api.w.org\/{rel}","templated":true}]}}