{"id":8944,"date":"2022-12-08T15:31:32","date_gmt":"2022-12-08T14:31:32","guid":{"rendered":"https:\/\/www.rapoo-eu.com\/de\/?page_id=8944"},"modified":"2025-07-04T10:17:37","modified_gmt":"2025-07-04T08:17:37","slug":"e9600m-support","status":"publish","type":"page","link":"https:\/\/www.rapoo-eu.com\/de\/support\/keyboard-support\/e9600m-support\/","title":{"rendered":"E9600M Support"},"content":{"rendered":"\n<div class=\"container wp-block-advanced-bootstrap-blocks-container\">\n<div class=\"row wp-block-advanced-bootstrap-blocks-row\">\n<div class=\"col wp-block-advanced-bootstrap-blocks-column\"><link rel=\"stylesheet\" href=\"https:\/\/www.rapoo-eu.com\/de\/wp-content\/themes\/bmade\/dist\/css\/bmade.variable-blocks.css?ver=1754292888\" type=\"text\/css\" media=\"all\">\n\n\n    \n\n\n<section \n    class=\"section section--variable-blocks variable-blocks variable-blocks--icon \">\n            <div class=\"card-icon\">\n    <div class=\"card-icon__inner\">\n                    <div class=\"card-icon__content\">\n                                    <figure class=\"card-icon__icon-figure\">\n                        <img alt=\"Benutzerhandbuch\" src=\"https:\/\/www.rapoo-eu.com\/de\/wp-content\/uploads\/sites\/14\/2020\/06\/Infobox_info_icon-black.png\"\/>\n                    <\/figure>\n                \n                                    <h3 class=\"h3 card-icon__title\">\n                        Benutzerhandbuch\n                    <\/h3>\n                                                    <p class=\"card-icon__caption\">\n                        Kurzanleitung f\u00fcr dieses Produkt herunterladen\n                    <\/p>\n                                            <\/div>\n                            <div class=\"card-icon__footer\">\n                                    <p>\n                        <a\n                                class=\"card-icon__button button button--full-width button--ghost\"\n                                href=\"https:\/\/www.rapoo-eu.com\/de\/wp-content\/uploads\/sites\/14\/2022\/12\/E9600M_User-Manual.pdf\"\n                                                                    rel=\"noreferrer noopener\"\n                                                                target=\"_blank\"\n                        >\n                            Download\n                        <\/a>\n                    <\/p>\n                \n                                    <p class=\"text-center\">\n                        <a\n                                class=\"card-icon__link\"\n                                href=\"https:\/\/www.rapoo-eu.com\/de\/support\/keyboard-support\/\"\n                                                                target=\"\"\n                        >\n                            Alle Handb\u00fccher anzeigen\n                        <\/a>\n                    <\/p>\n                            <\/div>\n        \n    <\/div>\n<\/div>    <\/section>\n<\/div>\n\n\n\n<div class=\"col wp-block-advanced-bootstrap-blocks-column\">\n\n\n    \n\n\n<section \n    class=\"section section--variable-blocks variable-blocks variable-blocks--icon \">\n            <div class=\"card-icon\">\n    <div class=\"card-icon__inner\">\n                    <div class=\"card-icon__content\">\n                                    <figure class=\"card-icon__icon-figure\">\n                        <img alt=\"Erkl\u00e4rungen\" src=\"https:\/\/www.rapoo-eu.com\/de\/wp-content\/uploads\/sites\/14\/2020\/06\/Infobox_info_icon-black.png\"\/>\n                    <\/figure>\n                \n                                    <h3 class=\"h3 card-icon__title\">\n                        Erkl\u00e4rungen\n                    <\/h3>\n                                                    <p class=\"card-icon__caption\">\n                        Laden Sie die Konformit\u00e4tserkl\u00e4rung f\u00fcr dieses Produkt herunter\n                    <\/p>\n                                            <\/div>\n                            <div class=\"card-icon__footer\">\n                                    <p>\n                        <a\n                                class=\"card-icon__button button button--full-width button--ghost\"\n                                href=\"http:\/\/productip.com\/?f=1c8fc1\"\n                                                                    rel=\"noreferrer noopener\"\n                                                                target=\"_blank\"\n                        >\n                            Download\n                        <\/a>\n                    <\/p>\n                \n                            <\/div>\n        \n    <\/div>\n<\/div>    <\/section>\n<\/div>\n\n\n\n<div class=\"col wp-block-advanced-bootstrap-blocks-column\">\n\n\n    \n\n\n<section \n    class=\"section section--variable-blocks variable-blocks variable-blocks--icon \">\n            <div class=\"card-icon\">\n    <div class=\"card-icon__inner\">\n                    <div class=\"card-icon__content\">\n                                    <figure class=\"card-icon__icon-figure\">\n                        <img alt=\"Allgemeine FAQ\" src=\"https:\/\/www.rapoo-eu.com\/de\/wp-content\/uploads\/sites\/14\/2020\/06\/Windows-2.png\"\/>\n                    <\/figure>\n                \n                                    <h3 class=\"h3 card-icon__title\">\n                        Allgemeine FAQ\n                    <\/h3>\n                                                    <p class=\"card-icon__caption\">\n                        Lesen Sie f\u00fcr weitere Informationen die Antworten auf h\u00e4ufig gestellte Fragen\n                    <\/p>\n                                            <\/div>\n                            <div class=\"card-icon__footer\">\n                                    <p>\n                        <a\n                                class=\"card-icon__button button button--full-width button--ghost\"\n                                href=\"https:\/\/www.rapoo-eu.com\/de\/support\/\"\n                                                                target=\"\"\n                        >\n                            Support Center aufrufen\n                        <\/a>\n                    <\/p>\n                \n                                    <p class=\"text-center\">\n                        <a\n                                class=\"card-icon__link\"\n                                href=\"https:\/\/www.rapoo-eu.com\/de\/product\/e9500m\/\"\n                                                                target=\"\"\n                        >\n                            Produkt-Details anzeigen\n                        <\/a>\n                    <\/p>\n                            <\/div>\n        \n    <\/div>\n<\/div>    <\/section>\n<\/div>\n<\/div>\n\n\n\n<div class=\"row wp-block-advanced-bootstrap-blocks-row\">\n<div class=\"col wp-block-advanced-bootstrap-blocks-column\"><link rel=\"stylesheet\" href=\"https:\/\/www.rapoo-eu.com\/de\/wp-content\/themes\/bmade\/dist\/css\/bmade.rich-text.css?ver=1754292888\" type=\"text\/css\" media=\"all\">\n\n<section class=\"section section--rich-text rich-text\">\n    <div class=\"rich-text__inner\">\n        <h2><strong>H\u00e4ufig gestellte Fragen (FAQ): E9600M<\/strong><\/h2>\n<p>Bitte lesen Sie unsere FAQs, um Antworten und L\u00f6sungen zu h\u00e4ufig gestellten Fragen zu finden.<\/p>\n\n    <\/div>\n<\/section><\/div>\n<\/div>\n\n\n\n<div class=\"row wp-block-advanced-bootstrap-blocks-row\">\n<div class=\"col wp-block-advanced-bootstrap-blocks-column\"><link rel=\"stylesheet\" href=\"https:\/\/www.rapoo-eu.com\/de\/wp-content\/themes\/bmade\/dist\/css\/bmade.faq.css?ver=1754292888\" type=\"text\/css\" media=\"all\">\n\n\n<section class=\"section section--faq faq-section\">\n\n    \n            <div class=\"faq__item\" data-index=\"0\">\n            <h3 class=\"h4 faq__question\" @click.prevent=\"toggleSlide(0)\">\n                Wie kann ich die E9600M \u00fcber Bluetooth mit einem MacBook\/ PC\/ Laptop verbinden?\n                <span class=\"icon icon--read-more faq__icon faq__icon--read-more\">\n                    <svg xmlns=\"http:\/\/www.w3.org\/2000\/svg\" viewBox=\"0 0 320 512\">\n                        <path d=\"M285.476 272.971L91.132 467.314c-9.373 9.373-24.569 9.373-33.941 0l-22.667-22.667c-9.357-9.357-9.375-24.522-.04-33.901L188.505 256 34.484 101.255c-9.335-9.379-9.317-24.544.04-33.901l22.667-22.667c9.373-9.373 24.569-9.373 33.941 0L285.475 239.03c9.373 9.372 9.373 24.568.001 33.941z\"\/>\n                    <\/svg>\n                <\/span>\n            <\/h3>\n            <div class=\"faq__answer-wrapper\">\n                <div class=\"faq__answer\">\n                    <p>1. Schalten Sie die Tastatur ein.<br \/>\n2. Dr\u00fccken Sie die Fn-Taste + Kanaltaste 1\/2\/3 (die Tastatur ist mindestens 60 Sekunden lang erkennbar).<br \/>\n3. Rufen Sie das Bluetooth-Panel auf Ihrem Ger\u00e4t auf.<br \/>\n4. Suchen Sie nach der Rapoo-Tastatur und klicken Sie auf Verbinden.<\/p>\n\n                <\/div>\n            <\/div>\n        <\/div>\n            <div class=\"faq__item\" data-index=\"1\">\n            <h3 class=\"h4 faq__question\" @click.prevent=\"toggleSlide(1)\">\n                Wie kann ich die E9600M \u00fcber 2,4 GHz Funk\u00fcbertragung mit einem USB-Dongle an ein MacBook\/ PC\/ Laptop anschlie\u00dfen?\n                <span class=\"icon icon--read-more faq__icon faq__icon--read-more\">\n                    <svg xmlns=\"http:\/\/www.w3.org\/2000\/svg\" viewBox=\"0 0 320 512\">\n                        <path d=\"M285.476 272.971L91.132 467.314c-9.373 9.373-24.569 9.373-33.941 0l-22.667-22.667c-9.357-9.357-9.375-24.522-.04-33.901L188.505 256 34.484 101.255c-9.335-9.379-9.317-24.544.04-33.901l22.667-22.667c9.373-9.373 24.569-9.373 33.941 0L285.475 239.03c9.373 9.372 9.373 24.568.001 33.941z\"\/>\n                    <\/svg>\n                <\/span>\n            <\/h3>\n            <div class=\"faq__answer-wrapper\">\n                <div class=\"faq__answer\">\n                    <p>1. Nehmen Sie den Empf\u00e4nger aus der Tastatur.<br \/>\n2. Stecken Sie den Empf\u00e4nger in den USB-Anschluss eines PCs oder Laptops.<\/p>\n\n                <\/div>\n            <\/div>\n        <\/div>\n            <div class=\"faq__item\" data-index=\"2\">\n            <h3 class=\"h4 faq__question\" @click.prevent=\"toggleSlide(2)\">\n                Wie schlie\u00dfe ich die E9600M an ein iPad oder ein iPhone an?\n                <span class=\"icon icon--read-more faq__icon faq__icon--read-more\">\n                    <svg xmlns=\"http:\/\/www.w3.org\/2000\/svg\" viewBox=\"0 0 320 512\">\n                        <path d=\"M285.476 272.971L91.132 467.314c-9.373 9.373-24.569 9.373-33.941 0l-22.667-22.667c-9.357-9.357-9.375-24.522-.04-33.901L188.505 256 34.484 101.255c-9.335-9.379-9.317-24.544.04-33.901l22.667-22.667c9.373-9.373 24.569-9.373 33.941 0L285.475 239.03c9.373 9.372 9.373 24.568.001 33.941z\"\/>\n                    <\/svg>\n                <\/span>\n            <\/h3>\n            <div class=\"faq__answer-wrapper\">\n                <div class=\"faq__answer\">\n                    <p>1. Schalten Sie die Tastatur ein.<br \/>\n2. Dr\u00fccken Sie die Fn-Taste + Kanaltaste 1\/2\/3 (die Tastatur ist mindestens 60 Sekunden lang erkennbar).<br \/>\n3. Gehen Sie zu den Bluetooth-Einstellungen auf Ihrem Telefon.<br \/>\n4. Suchen Sie nach der Rapoo-Tastatur (RAPOO BLE KB) und klicken Sie auf Verbinden.<\/p>\n\n                <\/div>\n            <\/div>\n        <\/div>\n            <div class=\"faq__item\" data-index=\"3\">\n            <h3 class=\"h4 faq__question\" @click.prevent=\"toggleSlide(3)\">\n                Wie schlie\u00dfe ich die E9600M an ein Android-Tablet oder -Telefon an?\n                <span class=\"icon icon--read-more faq__icon faq__icon--read-more\">\n                    <svg xmlns=\"http:\/\/www.w3.org\/2000\/svg\" viewBox=\"0 0 320 512\">\n                        <path d=\"M285.476 272.971L91.132 467.314c-9.373 9.373-24.569 9.373-33.941 0l-22.667-22.667c-9.357-9.357-9.375-24.522-.04-33.901L188.505 256 34.484 101.255c-9.335-9.379-9.317-24.544.04-33.901l22.667-22.667c9.373-9.373 24.569-9.373 33.941 0L285.475 239.03c9.373 9.372 9.373 24.568.001 33.941z\"\/>\n                    <\/svg>\n                <\/span>\n            <\/h3>\n            <div class=\"faq__answer-wrapper\">\n                <div class=\"faq__answer\">\n                    <p>1. Schalten Sie die Tastatur ein.<br \/>\n2. Dr\u00fccken Sie die Fn-Taste + Kanaltaste 1\/2\/3 (die Tastatur ist mindestens 60 Sekunden lang erkennbar).<br \/>\n3. Gehen Sie zu den Bluetooth-Einstellungen auf Ihrem Telefon.<br \/>\n4. Suchen Sie nach der Rapoo-Tastatur (RAPOO BLE KB) und klicken Sie auf Verbinden.<\/p>\n\n                <\/div>\n            <\/div>\n        <\/div>\n            <div class=\"faq__item\" data-index=\"4\">\n            <h3 class=\"h4 faq__question\" @click.prevent=\"toggleSlide(4)\">\n                Wie kann ich mit der E9600M zwischen mehreren Ger\u00e4ten wechseln?\n                <span class=\"icon icon--read-more faq__icon faq__icon--read-more\">\n                    <svg xmlns=\"http:\/\/www.w3.org\/2000\/svg\" viewBox=\"0 0 320 512\">\n                        <path d=\"M285.476 272.971L91.132 467.314c-9.373 9.373-24.569 9.373-33.941 0l-22.667-22.667c-9.357-9.357-9.375-24.522-.04-33.901L188.505 256 34.484 101.255c-9.335-9.379-9.317-24.544.04-33.901l22.667-22.667c9.373-9.373 24.569-9.373 33.941 0L285.475 239.03c9.373 9.372 9.373 24.568.001 33.941z\"\/>\n                    <\/svg>\n                <\/span>\n            <\/h3>\n            <div class=\"faq__answer-wrapper\">\n                <div class=\"faq__answer\">\n                    <p>1. Schalten Sie Ihre Tastatur ein.<br \/>\n2. Verbinden Sie es \u00fcber Bluetooth oder den USB-Empf\u00e4nger mit Ihren Arbeitsger\u00e4ten.<br \/>\n3. Dr\u00fccken Sie die Fn-Taste + die Kanaltaste auf Ihrem Keyboard (1 \/ 2 \/3 \/ 4), um zwischen den angeschlossenen Ger\u00e4ten zu wechseln.<\/p>\n\n                <\/div>\n            <\/div>\n        <\/div>\n            <div class=\"faq__item\" data-index=\"5\">\n            <h3 class=\"h4 faq__question\" @click.prevent=\"toggleSlide(5)\">\n                Wie kann ich die 2,4-GHz-Funkverbindung reparieren?\n                <span class=\"icon icon--read-more faq__icon faq__icon--read-more\">\n                    <svg xmlns=\"http:\/\/www.w3.org\/2000\/svg\" viewBox=\"0 0 320 512\">\n                        <path d=\"M285.476 272.971L91.132 467.314c-9.373 9.373-24.569 9.373-33.941 0l-22.667-22.667c-9.357-9.357-9.375-24.522-.04-33.901L188.505 256 34.484 101.255c-9.335-9.379-9.317-24.544.04-33.901l22.667-22.667c9.373-9.373 24.569-9.373 33.941 0L285.475 239.03c9.373 9.372 9.373 24.568.001 33.941z\"\/>\n                    <\/svg>\n                <\/span>\n            <\/h3>\n            <div class=\"faq__answer-wrapper\">\n                <div class=\"faq__answer\">\n                    <p>Nachdem Sie den USB-Empf\u00e4nger ab- und wieder angesteckt haben, schalten Sie die Maus innerhalb von 30 Sekunden aus und dann mit gedr\u00fcckter linker Taste wieder ein.<\/p>\n\n                <\/div>\n            <\/div>\n        <\/div>\n            <div class=\"faq__item\" data-index=\"6\">\n            <h3 class=\"h4 faq__question\" @click.prevent=\"toggleSlide(6)\">\n                Ich habe den USB-Empf\u00e4nger (Dongle) verloren\/kaputt gemacht. Kann ich einen neuen USB-Empf\u00e4nger bekommen?\n                <span class=\"icon icon--read-more faq__icon faq__icon--read-more\">\n                    <svg xmlns=\"http:\/\/www.w3.org\/2000\/svg\" viewBox=\"0 0 320 512\">\n                        <path d=\"M285.476 272.971L91.132 467.314c-9.373 9.373-24.569 9.373-33.941 0l-22.667-22.667c-9.357-9.357-9.375-24.522-.04-33.901L188.505 256 34.484 101.255c-9.335-9.379-9.317-24.544.04-33.901l22.667-22.667c9.373-9.373 24.569-9.373 33.941 0L285.475 239.03c9.373 9.372 9.373 24.568.001 33.941z\"\/>\n                    <\/svg>\n                <\/span>\n            <\/h3>\n            <div class=\"faq__answer-wrapper\">\n                <div class=\"faq__answer\">\n                    <p>Es ist nicht m\u00f6glich, einen Ersatzempf\u00e4nger f\u00fcr dieses Produkt zu liefern.<br \/>\nDies liegt daran, dass dem Produkt und dem Nano-USB-Empf\u00e4nger (Dongle) w\u00e4hrend der Produktion ein eindeutiger Code zugewiesen wird, sodass das Produkt nur mit dem mitgelieferten Originalempf\u00e4nger kommunizieren kann. Dieser Produktionsprozess wird auch aus Sicherheitsgr\u00fcnden durchgef\u00fchrt.<\/p>\n\n                <\/div>\n            <\/div>\n        <\/div>\n            <div class=\"faq__item\" data-index=\"7\">\n            <h3 class=\"h4 faq__question\" @click.prevent=\"toggleSlide(7)\">\n                Ich habe das Ger\u00e4t gerade gekauft und kann den USB-Empf\u00e4nger nicht finden. Wo ist er?\n                <span class=\"icon icon--read-more faq__icon faq__icon--read-more\">\n                    <svg xmlns=\"http:\/\/www.w3.org\/2000\/svg\" viewBox=\"0 0 320 512\">\n                        <path d=\"M285.476 272.971L91.132 467.314c-9.373 9.373-24.569 9.373-33.941 0l-22.667-22.667c-9.357-9.357-9.375-24.522-.04-33.901L188.505 256 34.484 101.255c-9.335-9.379-9.317-24.544.04-33.901l22.667-22.667c9.373-9.373 24.569-9.373 33.941 0L285.475 239.03c9.373 9.372 9.373 24.568.001 33.941z\"\/>\n                    <\/svg>\n                <\/span>\n            <\/h3>\n            <div class=\"faq__answer-wrapper\">\n                <div class=\"faq__answer\">\n                    <p>Der USB-Empf\u00e4nger ist im Batteriefach der Maus untergebracht. Dort befindet sich das spezielle Aufbewahrungsfach f\u00fcr den Empf\u00e4nger, damit Sie den Dongle bei Nichtgebrauch immer sicher aufbewahren k\u00f6nnen, um Besch\u00e4digungen oder Verlust zu vermeiden.<\/p>\n\n                <\/div>\n            <\/div>\n        <\/div>\n            <div class=\"faq__item\" data-index=\"8\">\n            <h3 class=\"h4 faq__question\" @click.prevent=\"toggleSlide(8)\">\n                Mein Produkt ist defekt. Was kann ich tun?\n                <span class=\"icon icon--read-more faq__icon faq__icon--read-more\">\n                    <svg xmlns=\"http:\/\/www.w3.org\/2000\/svg\" viewBox=\"0 0 320 512\">\n                        <path d=\"M285.476 272.971L91.132 467.314c-9.373 9.373-24.569 9.373-33.941 0l-22.667-22.667c-9.357-9.357-9.375-24.522-.04-33.901L188.505 256 34.484 101.255c-9.335-9.379-9.317-24.544.04-33.901l22.667-22.667c9.373-9.373 24.569-9.373 33.941 0L285.475 239.03c9.373 9.372 9.373 24.568.001 33.941z\"\/>\n                    <\/svg>\n                <\/span>\n            <\/h3>\n            <div class=\"faq__answer-wrapper\">\n                <div class=\"faq__answer\">\n                    <p>Wir bieten f\u00fcr unsere Produkte eine \u201cR\u00fcckgabe an den H\u00e4ndler\u201d-Garantie. Im Falle eines Defekts geben Sie das Produkt bitte mit einer klaren Beschreibung des Problems, dem Kaufbeleg und allem Zubeh\u00f6r an Ihren H\u00e4ndler zur\u00fcck. W\u00e4hrend der Garantiezeit erhalten Sie ein Ersatzprodukt von Ihrem H\u00e4ndler, sofern verf\u00fcgbar.<\/p>\n\n                <\/div>\n            <\/div>\n        <\/div>\n    \n<\/section>\n\n\n\n<section class=\"section section--rich-text rich-text\">\n    <div class=\"rich-text__inner\">\n        <h3><strong>Sie konnten die Antwort nicht in den FAQs finden?<\/strong><\/h3>\n<p><a href=\"https:\/\/www.rapoo-eu.com\/de\/contact\/\">Nehmen Sie Kontakt mit uns auf<\/a> und f\u00fcllen Sie das Formular mit so vielen Informationen wie m\u00f6glich aus.\u00a0Einer unserer Support-Mitarbeiter wird Ihnen so schnell wie m\u00f6glich helfen.<\/p>\n\n    <\/div>\n<\/section>\n\n\n\n<section class=\"section section--rich-text rich-text\">\n    <div class=\"rich-text__inner\">\n        <h2>Videotutorials<\/h2>\n<div id=\"info\" class=\"style-scope ytd-video-primary-info-renderer\">\n<div>\n<h3 class=\"title style-scope ytd-video-primary-info-renderer\"><strong>Anschlie\u00dfen einer kabellosen Rapoo Multimodus-Tastatur<\/strong><\/h3>\n<\/div>\n<div>Bitte sehen Sie sich f\u00fcr eine Schritt-f\u00fcr-Schritt-Anleitung das Video-Tutorial auf unserer <a href=\"https:\/\/www.rapoo-eu.com\/de\/support\/videos\/\">Video-Tutorial-Seite<\/a> an.<\/div>\n<div><\/div>\n<div><\/div>\n<\/div>\n\n    <\/div>\n<\/section><\/div>\n<\/div>\n<\/div>\n","protected":false},"excerpt":{"rendered":"","protected":false},"author":9,"featured_media":0,"parent":1800,"menu_order":0,"comment_status":"closed","ping_status":"closed","template":"page-content.php","meta":[],"acf":[],"yoast_head":"<!-- This site is optimized with the Yoast SEO plugin v22.9 - https:\/\/yoast.com\/wordpress\/plugins\/seo\/ -->\n<title>E9600M Support - Rapoo<\/title>\n<meta name=\"description\" content=\"Need help with your E9600M multi-mode wireless keyboard? Here you can find the user manual with simple step-by-step instructions, video tutorials, and answers to frequently asked questions.\" \/>\n<meta name=\"robots\" content=\"noindex, follow, max-snippet:-1, max-image-preview:large, max-video-preview:-1\" \/>\n<meta property=\"og:locale\" content=\"de_DE\" \/>\n<meta property=\"og:type\" content=\"article\" \/>\n<meta property=\"og:title\" content=\"E9600M Support - Rapoo\" \/>\n<meta property=\"og:description\" content=\"Need help with your E9600M multi-mode wireless keyboard? Here you can find the user manual with simple step-by-step instructions, video tutorials, and answers to frequently asked questions.\" \/>\n<meta property=\"og:url\" content=\"https:\/\/www.rapoo-eu.com\/de\/support\/keyboard-support\/e9600m-support\/\" \/>\n<meta property=\"og:site_name\" content=\"Rapoo\" \/>\n<meta property=\"article:modified_time\" content=\"2025-07-04T08:17:37+00:00\" \/>\n<meta name=\"twitter:card\" content=\"summary_large_image\" \/>\n<script type=\"application\/ld+json\" class=\"yoast-schema-graph\">{\"@context\":\"https:\/\/schema.org\",\"@graph\":[{\"@type\":\"WebPage\",\"@id\":\"https:\/\/www.rapoo-eu.com\/de\/support\/keyboard-support\/e9600m-support\/\",\"url\":\"https:\/\/www.rapoo-eu.com\/de\/support\/keyboard-support\/e9600m-support\/\",\"name\":\"E9600M Support - Rapoo\",\"isPartOf\":{\"@id\":\"https:\/\/www.rapoo-eu.com\/de\/#website\"},\"datePublished\":\"2022-12-08T14:31:32+00:00\",\"dateModified\":\"2025-07-04T08:17:37+00:00\",\"description\":\"Need help with your E9600M multi-mode wireless keyboard? Here you can find the user manual with simple step-by-step instructions, video tutorials, and answers to frequently asked questions.\",\"breadcrumb\":{\"@id\":\"https:\/\/www.rapoo-eu.com\/de\/support\/keyboard-support\/e9600m-support\/#breadcrumb\"},\"inLanguage\":\"de\",\"potentialAction\":[{\"@type\":\"ReadAction\",\"target\":[\"https:\/\/www.rapoo-eu.com\/de\/support\/keyboard-support\/e9600m-support\/\"]}]},{\"@type\":\"BreadcrumbList\",\"@id\":\"https:\/\/www.rapoo-eu.com\/de\/support\/keyboard-support\/e9600m-support\/#breadcrumb\",\"itemListElement\":[{\"@type\":\"ListItem\",\"position\":1,\"name\":\"Home\",\"item\":\"https:\/\/www.rapoo-eu.com\/de\/\"},{\"@type\":\"ListItem\",\"position\":2,\"name\":\"Support\",\"item\":\"https:\/\/www.rapoo-eu.com\/de\/support\/\"},{\"@type\":\"ListItem\",\"position\":3,\"name\":\"Keyboards Support\",\"item\":\"https:\/\/www.rapoo-eu.com\/de\/support\/keyboard-support\/\"},{\"@type\":\"ListItem\",\"position\":4,\"name\":\"E9600M Support\"}]},{\"@type\":\"WebSite\",\"@id\":\"https:\/\/www.rapoo-eu.com\/de\/#website\",\"url\":\"https:\/\/www.rapoo-eu.com\/de\/\",\"name\":\"Rapoo\",\"description\":\"Wireless Your Life\",\"potentialAction\":[{\"@type\":\"SearchAction\",\"target\":{\"@type\":\"EntryPoint\",\"urlTemplate\":\"https:\/\/www.rapoo-eu.com\/de\/?s={search_term_string}\"},\"query-input\":\"required name=search_term_string\"}],\"inLanguage\":\"de\"}]}<\/script>\n<!-- \/ Yoast SEO plugin. -->","yoast_head_json":{"title":"E9600M Support - Rapoo","description":"Need help with your E9600M multi-mode wireless keyboard? Here you can find the user manual with simple step-by-step instructions, video tutorials, and answers to frequently asked questions.","robots":{"index":"noindex","follow":"follow","max-snippet":"max-snippet:-1","max-image-preview":"max-image-preview:large","max-video-preview":"max-video-preview:-1"},"og_locale":"de_DE","og_type":"article","og_title":"E9600M Support - Rapoo","og_description":"Need help with your E9600M multi-mode wireless keyboard? Here you can find the user manual with simple step-by-step instructions, video tutorials, and answers to frequently asked questions.","og_url":"https:\/\/www.rapoo-eu.com\/de\/support\/keyboard-support\/e9600m-support\/","og_site_name":"Rapoo","article_modified_time":"2025-07-04T08:17:37+00:00","twitter_card":"summary_large_image","schema":{"@context":"https:\/\/schema.org","@graph":[{"@type":"WebPage","@id":"https:\/\/www.rapoo-eu.com\/de\/support\/keyboard-support\/e9600m-support\/","url":"https:\/\/www.rapoo-eu.com\/de\/support\/keyboard-support\/e9600m-support\/","name":"E9600M Support - Rapoo","isPartOf":{"@id":"https:\/\/www.rapoo-eu.com\/de\/#website"},"datePublished":"2022-12-08T14:31:32+00:00","dateModified":"2025-07-04T08:17:37+00:00","description":"Need help with your E9600M multi-mode wireless keyboard? Here you can find the user manual with simple step-by-step instructions, video tutorials, and answers to frequently asked questions.","breadcrumb":{"@id":"https:\/\/www.rapoo-eu.com\/de\/support\/keyboard-support\/e9600m-support\/#breadcrumb"},"inLanguage":"de","potentialAction":[{"@type":"ReadAction","target":["https:\/\/www.rapoo-eu.com\/de\/support\/keyboard-support\/e9600m-support\/"]}]},{"@type":"BreadcrumbList","@id":"https:\/\/www.rapoo-eu.com\/de\/support\/keyboard-support\/e9600m-support\/#breadcrumb","itemListElement":[{"@type":"ListItem","position":1,"name":"Home","item":"https:\/\/www.rapoo-eu.com\/de\/"},{"@type":"ListItem","position":2,"name":"Support","item":"https:\/\/www.rapoo-eu.com\/de\/support\/"},{"@type":"ListItem","position":3,"name":"Keyboards Support","item":"https:\/\/www.rapoo-eu.com\/de\/support\/keyboard-support\/"},{"@type":"ListItem","position":4,"name":"E9600M Support"}]},{"@type":"WebSite","@id":"https:\/\/www.rapoo-eu.com\/de\/#website","url":"https:\/\/www.rapoo-eu.com\/de\/","name":"Rapoo","description":"Wireless Your Life","potentialAction":[{"@type":"SearchAction","target":{"@type":"EntryPoint","urlTemplate":"https:\/\/www.rapoo-eu.com\/de\/?s={search_term_string}"},"query-input":"required name=search_term_string"}],"inLanguage":"de"}]}},"_links":{"self":[{"href":"https:\/\/www.rapoo-eu.com\/de\/wp-json\/wp\/v2\/pages\/8944"}],"collection":[{"href":"https:\/\/www.rapoo-eu.com\/de\/wp-json\/wp\/v2\/pages"}],"about":[{"href":"https:\/\/www.rapoo-eu.com\/de\/wp-json\/wp\/v2\/types\/page"}],"author":[{"embeddable":true,"href":"https:\/\/www.rapoo-eu.com\/de\/wp-json\/wp\/v2\/users\/9"}],"replies":[{"embeddable":true,"href":"https:\/\/www.rapoo-eu.com\/de\/wp-json\/wp\/v2\/comments?post=8944"}],"version-history":[{"count":9,"href":"https:\/\/www.rapoo-eu.com\/de\/wp-json\/wp\/v2\/pages\/8944\/revisions"}],"predecessor-version":[{"id":15762,"href":"https:\/\/www.rapoo-eu.com\/de\/wp-json\/wp\/v2\/pages\/8944\/revisions\/15762"}],"up":[{"embeddable":true,"href":"https:\/\/www.rapoo-eu.com\/de\/wp-json\/wp\/v2\/pages\/1800"}],"wp:attachment":[{"href":"https:\/\/www.rapoo-eu.com\/de\/wp-json\/wp\/v2\/media?parent=8944"}],"curies":[{"name":"wp","href":"https:\/\/api.w.org\/{rel}","templated":true}]}}