{"id":13348,"date":"2024-08-19T15:49:38","date_gmt":"2024-08-19T13:49:38","guid":{"rendered":"https:\/\/www.rapoo-eu.com\/de\/?post_type=product&#038;p=13348"},"modified":"2025-06-26T10:25:25","modified_gmt":"2025-06-26T08:25:25","slug":"wm1-2","status":"publish","type":"product","link":"https:\/\/www.rapoo-eu.com\/de\/product\/wm1-2\/","title":{"rendered":"WM1"},"content":{"rendered":"\n<div class=\"container wp-block-advanced-bootstrap-blocks-container\">\n<div class=\"row wp-block-advanced-bootstrap-blocks-row\">\n<div class=\"col wp-block-advanced-bootstrap-blocks-column\"><link rel=\"stylesheet\" href=\"https:\/\/www.rapoo-eu.com\/de\/wp-content\/themes\/bmade\/dist\/css\/bmade.submenu.css?ver=1754292888\" type=\"text\/css\" media=\"all\">\n\n<section class=\"section--submenu submenu-wrapper\">\n    <ul>\n                    <li>\n                <a href=\"#features-anchor\" alt=\"Funktionen\">\n                    Funktionen\n                <\/a>\n            <\/li>\n                    <li>\n                <a href=\"#downloads-anchor\" alt=\"Downloads &#038; Support\">\n                    Downloads &#038; Support\n                <\/a>\n            <\/li>\n                    <li>\n                <a href=\"#specifications-anchor\" alt=\"Spezifikationen\">\n                    Spezifikationen\n                <\/a>\n            <\/li>\n            <\/ul>\n<\/section><\/div>\n<\/div>\n<\/div>\n\n\n\n<div id=\"features-anchor\" class=\"container wp-block-advanced-bootstrap-blocks-container\">\n<div class=\"row wp-block-advanced-bootstrap-blocks-row align-items-center\">\n<div class=\"col wp-block-advanced-bootstrap-blocks-column\"><link rel=\"stylesheet\" href=\"https:\/\/www.rapoo-eu.com\/de\/wp-content\/themes\/bmade\/dist\/css\/bmade.image-single.css?ver=1754292888\" type=\"text\/css\" media=\"all\">\n\n<section class=\"image-single\">\n             <picture class=\"\">\n                        <source srcset=\"https:\/\/www.rapoo-eu.com\/de\/wp-content\/uploads\/sites\/14\/2024\/05\/WM1_black-1024x0-c-default.webp\" type=\"image\/webp\">\n            <source srcset=\"https:\/\/www.rapoo-eu.com\/de\/wp-content\/uploads\/sites\/14\/2024\/05\/WM1_black-1024x0-c-default.png\">\n            \n    <img src=\"data:image\/gif;base64,R0lGODlhAQABAAAAACH5BAEKAAEALAAAAAABAAEAAAICTAEAOw==\"\n         alt=\"\"\n         data-cookieconsent=\"ignore\"\n         class=\"image-single__img b-lazy\"\n                  width=\"1024\"    \/>\n    <\/picture>        <\/section><\/div>\n\n\n\n<div class=\"col wp-block-advanced-bootstrap-blocks-column\"><link rel=\"stylesheet\" href=\"https:\/\/www.rapoo-eu.com\/de\/wp-content\/themes\/bmade\/dist\/css\/bmade.rich-text.css?ver=1754292888\" type=\"text\/css\" media=\"all\">\n\n<section class=\"section section--rich-text rich-text\">\n    <div class=\"rich-text__inner\">\n        <div class=\"page\" title=\"Page 2\">\n<div class=\"section\">\n<div class=\"layoutArea\">\n<div class=\"column\">\n<div class=\"rich-text__intro\">\n<h2><strong data-start=\"0\" data-end=\"32\" data-is-only-node=\"\">WM1 Wireless Charging Module<\/strong><\/h2>\n<\/div>\n<p>R\u00fcsten Sie Ihren Arbeitsplatz mit dem WM1 Wireless Charging Module auf! Dieses Modul wurde speziell f\u00fcr die Mausmodelle MT760M und MT760L entwickelt und erm\u00f6glicht m\u00fcheloses kabelloses Laden. Einfach das WM1 an der Unterseite der Maus befestigen und auf ein kabelloses Ladepad legen \u2013 schon beginnt der Ladevorgang. Schluss mit Batterien oder Kabelsalat \u2013 Ihre Maus ist immer einsatzbereit. Mehr Freiheit, mehr Produktivit\u00e4t \u2013 dank kabellosem Laden.<br data-start=\"484\" data-end=\"487\" \/><strong data-start=\"487\" data-end=\"506\">Kompatibel mit:<\/strong> MT760M &amp; MT760L<\/p>\n<\/div>\n<\/div>\n<\/div>\n<\/div>\n\n    <\/div>\n<\/section><\/div>\n<\/div>\n<\/div>\n\n\n\n<div id=\"downloads-anchor\" class=\"container wp-block-advanced-bootstrap-blocks-container container--gray\">\n<div class=\"row wp-block-advanced-bootstrap-blocks-row align-items-center\">\n<div class=\"col wp-block-advanced-bootstrap-blocks-column\"><link rel=\"stylesheet\" href=\"https:\/\/www.rapoo-eu.com\/de\/wp-content\/themes\/bmade\/dist\/css\/bmade.variable-blocks.css?ver=1754292888\" type=\"text\/css\" media=\"all\">\n\n\n    \n\n\n<section \n    class=\"section section--variable-blocks variable-blocks variable-blocks--icon \">\n            <div class=\"card-icon\">\n    <div class=\"card-icon__inner\">\n                    <div class=\"card-icon__content\">\n                                    <figure class=\"card-icon__icon-figure\">\n                        <img alt=\"Benutzerhandbuch\" src=\"https:\/\/www.rapoo-eu.com\/de\/wp-content\/uploads\/sites\/14\/2020\/06\/Infobox_info_icon-black.png\"\/>\n                    <\/figure>\n                \n                                    <h3 class=\"h3 card-icon__title\">\n                        Benutzerhandbuch\n                    <\/h3>\n                                                    <p class=\"card-icon__caption\">\n                        Kurzanleitung f\u00fcr dieses Produkt herunterladen\n                    <\/p>\n                                            <\/div>\n                            <div class=\"card-icon__footer\">\n                                    <p>\n                        <a\n                                class=\"card-icon__button button button--full-width button--ghost\"\n                                href=\"https:\/\/www.rapoo-eu.com\/de\/wm1-support\/\"\n                                                                target=\"\"\n                        >\n                            Download\n                        <\/a>\n                    <\/p>\n                \n                            <\/div>\n        \n    <\/div>\n<\/div>    <\/section>\n<\/div>\n\n\n\n<div class=\"col wp-block-advanced-bootstrap-blocks-column\">\n\n\n    \n\n\n<section \n    class=\"section section--variable-blocks variable-blocks variable-blocks--icon \">\n            <div class=\"card-icon\">\n    <div class=\"card-icon__inner\">\n                    <div class=\"card-icon__content\">\n                                    <figure class=\"card-icon__icon-figure\">\n                        <img alt=\"Weitere Unterst\u00fctzung\" src=\"https:\/\/www.rapoo-eu.com\/de\/wp-content\/uploads\/sites\/14\/2020\/06\/Windows-2.png\"\/>\n                    <\/figure>\n                \n                                    <h3 class=\"h3 card-icon__title\">\n                        Weitere Unterst\u00fctzung\n                    <\/h3>\n                                                    <p class=\"card-icon__caption\">\n                        Antworten auf h\u00e4ufig gestellte Fragen und Videotutorials\n                    <\/p>\n                                            <\/div>\n                            <div class=\"card-icon__footer\">\n                                    <p>\n                        <a\n                                class=\"card-icon__button button button--full-width button--ghost\"\n                                href=\"https:\/\/www.rapoo-eu.com\/de\/wm1-support\/\"\n                                                                target=\"\"\n                        >\n                            Support Center aufrufen\n                        <\/a>\n                    <\/p>\n                \n                                    <p class=\"text-center\">\n                        <a\n                                class=\"card-icon__link\"\n                                href=\"https:\/\/www.rapoo-eu.com\/de\/support\/\"\n                                                                target=\"\"\n                        >\n                            H\u00e4ufig gestellte Fragen\n                        <\/a>\n                    <\/p>\n                            <\/div>\n        \n    <\/div>\n<\/div>    <\/section>\n<\/div>\n<\/div>\n<\/div>\n\n\n\t<section class=\"section section--cta cta\">\n\t\t<link rel=\"stylesheet\" href=\"https:\/\/www.rapoo-eu.com\/de\/wp-content\/themes\/bmade\/dist\/css\/bmade.cta.css?ver=1754292888\" type=\"text\/css\" media=\"all\">\n\t\t<div class=\"cta__inner\">\n\t\t\t<div class=\"cta__content\">\n\t\t\t\t<div class=\"row align-items-center\">\n\t\t\t\t\t<div class=\"col-24 col-md col-lg-18\">\n\t\t\t\t\t\t\t\t\t\t\t\t\t<h3 class=\"h2 cta__title\">H\u00e4ndler finden<\/h3>\n\t\t\t\t\t\t\t\t\t\t\t\t\t\t\t\t\t\t\t<span class=\"cta__caption\">M\u00f6chten Sie wissen, wo Sie dieses Produkt kaufen k\u00f6nnen?<\/span>\n\t\t\t\t\t\t\t\t\t\t\t<\/div>\n\t\t\t\t\t\t\t\t\t\t\t<div class=\"col-24 col-md-8 col-lg-6\">\n\t\t\t\t\t\t\t<a href=\"https:\/\/www.rapoo-eu.com\/de\/where-to-buy\/\" target=\"\" class=\"button button--full-width button--green cta__button float-md-right\" title=\"Produkte kaufen\">\n\t\t\t\t\t\t\t\tProdukte kaufen\n\t\t\t\t\t\t\t<\/a>\n\t\t\t\t\t\t<\/div>\n\t\t\t\t\t\t\t\t\t<\/div>\n\t\t\t<\/div>\n\t\t<\/div>\n\t<\/section>\n","protected":false},"excerpt":{"rendered":"<ul>\n<li><strong data-start=\"0\" data-end=\"25\" data-is-only-node=\"\">Nahtlose Integration:<\/strong> L\u00e4sst sich einfach an den MT760M- und MT760L-Mausmodellen anbringen \u2013 f\u00fcr m\u00fcheloses Laden.<\/li>\n<li><strong data-start=\"119\" data-end=\"142\">Kabelloser Komfort:<\/strong> Keine Kabel, keine Batterien \u2013 einfach die Maus auf ein Ladepad legen.<\/li>\n<li><strong data-start=\"216\" data-end=\"240\">Immer einsatzbereit:<\/strong> H\u00e4lt Ihre Maus stets vollst\u00e4ndig geladen und bereit zur Nutzung.<\/li>\n<li><strong data-start=\"308\" data-end=\"329\">Elegantes Design:<\/strong> Schlanker Aufsatz, der das Design Ihrer Maus perfekt erg\u00e4nzt.<\/li>\n<li><strong data-start=\"394\" data-end=\"431\">Produktivit\u00e4t ohne Unterbrechung:<\/strong> Kein Ladeausfall \u2013 durchgehend arbeiten ohne Unterbrechungen.<\/li>\n<\/ul>\n","protected":false},"featured_media":14478,"template":"","meta":[],"product_cat":[78],"product_tag":[],"acf":[],"yoast_head":"<!-- This site is optimized with the Yoast SEO plugin v22.9 - https:\/\/yoast.com\/wordpress\/plugins\/seo\/ -->\n<title>WM1 - Rapoo<\/title>\n<meta name=\"robots\" content=\"noindex, follow, max-snippet:-1, max-image-preview:large, max-video-preview:-1\" \/>\n<meta property=\"og:locale\" content=\"de_DE\" \/>\n<meta property=\"og:type\" content=\"article\" \/>\n<meta property=\"og:title\" content=\"WM1 - Rapoo\" \/>\n<meta property=\"og:description\" content=\"Nahtlose Integration: L\u00e4sst sich einfach an den MT760M- und MT760L-Mausmodellen anbringen \u2013 f\u00fcr m\u00fcheloses Laden. Kabelloser Komfort: Keine Kabel, keine Batterien \u2013 einfach die Maus auf ein Ladepad legen. Immer einsatzbereit: H\u00e4lt Ihre Maus stets vollst\u00e4ndig geladen und bereit zur Nutzung. Elegantes Design: Schlanker Aufsatz, der das Design Ihrer Maus perfekt erg\u00e4nzt. Produktivit\u00e4t ohne Unterbrechung: Kein Ladeausfall \u2013 durchgehend arbeiten ohne Unterbrechungen.\" \/>\n<meta property=\"og:url\" content=\"https:\/\/www.rapoo-eu.com\/de\/product\/wm1-2\/\" \/>\n<meta property=\"og:site_name\" content=\"Rapoo\" \/>\n<meta property=\"article:modified_time\" content=\"2025-06-26T08:25:25+00:00\" \/>\n<meta property=\"og:image\" content=\"https:\/\/www.rapoo-eu.com\/de\/wp-content\/uploads\/sites\/14\/2024\/08\/WM1_black.png--e1746092898142.webp\" \/>\n\t<meta property=\"og:image:width\" content=\"1315\" \/>\n\t<meta property=\"og:image:height\" content=\"1345\" \/>\n\t<meta property=\"og:image:type\" content=\"image\/webp\" \/>\n<meta name=\"twitter:card\" content=\"summary_large_image\" \/>\n<meta name=\"twitter:label1\" content=\"Gesch\u00e4tzte Lesezeit\" \/>\n\t<meta name=\"twitter:data1\" content=\"1\u00a0Minute\" \/>\n<script type=\"application\/ld+json\" class=\"yoast-schema-graph\">{\"@context\":\"https:\/\/schema.org\",\"@graph\":[{\"@type\":\"WebPage\",\"@id\":\"https:\/\/www.rapoo-eu.com\/de\/product\/wm1-2\/\",\"url\":\"https:\/\/www.rapoo-eu.com\/de\/product\/wm1-2\/\",\"name\":\"WM1 - Rapoo\",\"isPartOf\":{\"@id\":\"https:\/\/www.rapoo-eu.com\/de\/#website\"},\"primaryImageOfPage\":{\"@id\":\"https:\/\/www.rapoo-eu.com\/de\/product\/wm1-2\/#primaryimage\"},\"image\":{\"@id\":\"https:\/\/www.rapoo-eu.com\/de\/product\/wm1-2\/#primaryimage\"},\"thumbnailUrl\":\"https:\/\/www.rapoo-eu.com\/de\/wp-content\/uploads\/sites\/14\/2024\/08\/WM1_black.png--e1746092898142.webp\",\"datePublished\":\"2024-08-19T13:49:38+00:00\",\"dateModified\":\"2025-06-26T08:25:25+00:00\",\"breadcrumb\":{\"@id\":\"https:\/\/www.rapoo-eu.com\/de\/product\/wm1-2\/#breadcrumb\"},\"inLanguage\":\"de\",\"potentialAction\":[{\"@type\":\"ReadAction\",\"target\":[\"https:\/\/www.rapoo-eu.com\/de\/product\/wm1-2\/\"]}]},{\"@type\":\"ImageObject\",\"inLanguage\":\"de\",\"@id\":\"https:\/\/www.rapoo-eu.com\/de\/product\/wm1-2\/#primaryimage\",\"url\":\"https:\/\/www.rapoo-eu.com\/de\/wp-content\/uploads\/sites\/14\/2024\/08\/WM1_black.png--e1746092898142.webp\",\"contentUrl\":\"https:\/\/www.rapoo-eu.com\/de\/wp-content\/uploads\/sites\/14\/2024\/08\/WM1_black.png--e1746092898142.webp\",\"width\":1315,\"height\":1345},{\"@type\":\"BreadcrumbList\",\"@id\":\"https:\/\/www.rapoo-eu.com\/de\/product\/wm1-2\/#breadcrumb\",\"itemListElement\":[{\"@type\":\"ListItem\",\"position\":1,\"name\":\"Home\",\"item\":\"https:\/\/www.rapoo-eu.com\/de\/\"},{\"@type\":\"ListItem\",\"position\":2,\"name\":\"Products\",\"item\":\"https:\/\/www.rapoo-eu.com\/de\/shop\/\"},{\"@type\":\"ListItem\",\"position\":3,\"name\":\"WM1\"}]},{\"@type\":\"WebSite\",\"@id\":\"https:\/\/www.rapoo-eu.com\/de\/#website\",\"url\":\"https:\/\/www.rapoo-eu.com\/de\/\",\"name\":\"Rapoo\",\"description\":\"Wireless Your Life\",\"potentialAction\":[{\"@type\":\"SearchAction\",\"target\":{\"@type\":\"EntryPoint\",\"urlTemplate\":\"https:\/\/www.rapoo-eu.com\/de\/?s={search_term_string}\"},\"query-input\":\"required name=search_term_string\"}],\"inLanguage\":\"de\"}]}<\/script>\n<!-- \/ Yoast SEO plugin. -->","yoast_head_json":{"title":"WM1 - Rapoo","robots":{"index":"noindex","follow":"follow","max-snippet":"max-snippet:-1","max-image-preview":"max-image-preview:large","max-video-preview":"max-video-preview:-1"},"og_locale":"de_DE","og_type":"article","og_title":"WM1 - Rapoo","og_description":"Nahtlose Integration: L\u00e4sst sich einfach an den MT760M- und MT760L-Mausmodellen anbringen \u2013 f\u00fcr m\u00fcheloses Laden. Kabelloser Komfort: Keine Kabel, keine Batterien \u2013 einfach die Maus auf ein Ladepad legen. Immer einsatzbereit: H\u00e4lt Ihre Maus stets vollst\u00e4ndig geladen und bereit zur Nutzung. Elegantes Design: Schlanker Aufsatz, der das Design Ihrer Maus perfekt erg\u00e4nzt. Produktivit\u00e4t ohne Unterbrechung: Kein Ladeausfall \u2013 durchgehend arbeiten ohne Unterbrechungen.","og_url":"https:\/\/www.rapoo-eu.com\/de\/product\/wm1-2\/","og_site_name":"Rapoo","article_modified_time":"2025-06-26T08:25:25+00:00","og_image":[{"width":1315,"height":1345,"url":"https:\/\/www.rapoo-eu.com\/de\/wp-content\/uploads\/sites\/14\/2024\/08\/WM1_black.png--e1746092898142.webp","type":"image\/webp"}],"twitter_card":"summary_large_image","twitter_misc":{"Gesch\u00e4tzte Lesezeit":"1\u00a0Minute"},"schema":{"@context":"https:\/\/schema.org","@graph":[{"@type":"WebPage","@id":"https:\/\/www.rapoo-eu.com\/de\/product\/wm1-2\/","url":"https:\/\/www.rapoo-eu.com\/de\/product\/wm1-2\/","name":"WM1 - Rapoo","isPartOf":{"@id":"https:\/\/www.rapoo-eu.com\/de\/#website"},"primaryImageOfPage":{"@id":"https:\/\/www.rapoo-eu.com\/de\/product\/wm1-2\/#primaryimage"},"image":{"@id":"https:\/\/www.rapoo-eu.com\/de\/product\/wm1-2\/#primaryimage"},"thumbnailUrl":"https:\/\/www.rapoo-eu.com\/de\/wp-content\/uploads\/sites\/14\/2024\/08\/WM1_black.png--e1746092898142.webp","datePublished":"2024-08-19T13:49:38+00:00","dateModified":"2025-06-26T08:25:25+00:00","breadcrumb":{"@id":"https:\/\/www.rapoo-eu.com\/de\/product\/wm1-2\/#breadcrumb"},"inLanguage":"de","potentialAction":[{"@type":"ReadAction","target":["https:\/\/www.rapoo-eu.com\/de\/product\/wm1-2\/"]}]},{"@type":"ImageObject","inLanguage":"de","@id":"https:\/\/www.rapoo-eu.com\/de\/product\/wm1-2\/#primaryimage","url":"https:\/\/www.rapoo-eu.com\/de\/wp-content\/uploads\/sites\/14\/2024\/08\/WM1_black.png--e1746092898142.webp","contentUrl":"https:\/\/www.rapoo-eu.com\/de\/wp-content\/uploads\/sites\/14\/2024\/08\/WM1_black.png--e1746092898142.webp","width":1315,"height":1345},{"@type":"BreadcrumbList","@id":"https:\/\/www.rapoo-eu.com\/de\/product\/wm1-2\/#breadcrumb","itemListElement":[{"@type":"ListItem","position":1,"name":"Home","item":"https:\/\/www.rapoo-eu.com\/de\/"},{"@type":"ListItem","position":2,"name":"Products","item":"https:\/\/www.rapoo-eu.com\/de\/shop\/"},{"@type":"ListItem","position":3,"name":"WM1"}]},{"@type":"WebSite","@id":"https:\/\/www.rapoo-eu.com\/de\/#website","url":"https:\/\/www.rapoo-eu.com\/de\/","name":"Rapoo","description":"Wireless Your Life","potentialAction":[{"@type":"SearchAction","target":{"@type":"EntryPoint","urlTemplate":"https:\/\/www.rapoo-eu.com\/de\/?s={search_term_string}"},"query-input":"required name=search_term_string"}],"inLanguage":"de"}]}},"_links":{"self":[{"href":"https:\/\/www.rapoo-eu.com\/de\/wp-json\/wp\/v2\/product\/13348"}],"collection":[{"href":"https:\/\/www.rapoo-eu.com\/de\/wp-json\/wp\/v2\/product"}],"about":[{"href":"https:\/\/www.rapoo-eu.com\/de\/wp-json\/wp\/v2\/types\/product"}],"wp:featuredmedia":[{"embeddable":true,"href":"https:\/\/www.rapoo-eu.com\/de\/wp-json\/wp\/v2\/media\/14478"}],"wp:attachment":[{"href":"https:\/\/www.rapoo-eu.com\/de\/wp-json\/wp\/v2\/media?parent=13348"}],"wp:term":[{"taxonomy":"product_cat","embeddable":true,"href":"https:\/\/www.rapoo-eu.com\/de\/wp-json\/wp\/v2\/product_cat?post=13348"},{"taxonomy":"product_tag","embeddable":true,"href":"https:\/\/www.rapoo-eu.com\/de\/wp-json\/wp\/v2\/product_tag?post=13348"}],"curies":[{"name":"wp","href":"https:\/\/api.w.org\/{rel}","templated":true}]}}