{"id":14727,"date":"2025-05-16T15:23:29","date_gmt":"2025-05-16T13:23:29","guid":{"rendered":"https:\/\/www.rapoo-eu.com\/es\/?page_id=14727"},"modified":"2025-08-11T17:19:38","modified_gmt":"2025-08-11T15:19:38","slug":"spotlight-m","status":"publish","type":"page","link":"https:\/\/www.rapoo-eu.com\/es\/spotlight-m\/","title":{"rendered":"M+ Technology"},"content":{"rendered":"\n<div id=\"features-anchor\" class=\"container wp-block-advanced-bootstrap-blocks-container container--light\">\n<div class=\"row wp-block-advanced-bootstrap-blocks-row align-items-center\">\n<div class=\"col wp-block-advanced-bootstrap-blocks-column\"><link rel=\"stylesheet\" href=\"https:\/\/www.rapoo-eu.com\/es\/wp-content\/themes\/bmade\/dist\/css\/bmade.rich-text.css?ver=1754292888\" type=\"text\/css\" media=\"all\">\n\n<section class=\"section section--rich-text rich-text\">\n    <div class=\"rich-text__inner\">\n        <h2 data-start=\"0\" data-end=\"31\">Dise\u00f1ado para un control fluido<\/h2>\n<p data-start=\"33\" data-end=\"443\" data-is-last-node=\"\" data-is-only-node=\"\">Cambiar de dispositivo no deber\u00eda interrumpir tu concentraci\u00f3n. Por eso desarrollamos la Tecnolog\u00eda M+: una soluci\u00f3n inal\u00e1mbrica refinada que conecta hasta dos dispositivos en una experiencia continua y fluida.<br data-start=\"243\" data-end=\"246\" \/>Mu\u00e9vete entre sistemas. Copia aqu\u00ed, pega all\u00e1. Un rat\u00f3n, un movimiento, cero interrupciones.<br data-start=\"338\" data-end=\"341\" \/>Sin dependencia de la nube. Sin ca\u00eddas de se\u00f1al. Solo un rendimiento silencioso que mantiene tu flujo.<\/p>\n\n    <\/div>\n<\/section><\/div>\n\n\n\n<div class=\"col wp-block-advanced-bootstrap-blocks-column\"><link rel=\"stylesheet\" href=\"https:\/\/www.rapoo-eu.com\/es\/wp-content\/themes\/bmade\/dist\/css\/bmade.image-single.css?ver=1754292888\" type=\"text\/css\" media=\"all\">\n\n<section class=\"image-single\">\n             <picture class=\"\">\n                        <source srcset=\"https:\/\/www.rapoo-eu.com\/es\/wp-content\/uploads\/sites\/17\/2025\/05\/160525_MPlus_Technology_Visual1-3-scaled-1024x0-c-default.webp\" type=\"image\/webp\">\n            <source srcset=\"https:\/\/www.rapoo-eu.com\/es\/wp-content\/uploads\/sites\/17\/2025\/05\/160525_MPlus_Technology_Visual1-3-scaled-1024x0-c-default.webp\">\n            \n    <img src=\"data:image\/gif;base64,R0lGODlhAQABAAAAACH5BAEKAAEALAAAAAABAAEAAAICTAEAOw==\"\n         alt=\"\"\n         data-cookieconsent=\"ignore\"\n         class=\"image-single__img b-lazy\"\n                  width=\"1024\"    \/>\n    <\/picture>        <\/section><\/div>\n<\/div>\n<\/div>\n\n\n\n<div id=\"features-anchor\" class=\"container wp-block-advanced-bootstrap-blocks-container container--light\" style=\"background-image:url(https:\/\/www.rapoo-eu.com\/es\/wp-content\/uploads\/sites\/17\/2020\/06\/Website-blue-background.png)\">\n<div class=\"row wp-block-advanced-bootstrap-blocks-row align-items-center\">\n<div class=\"col wp-block-advanced-bootstrap-blocks-column\">\n\n<section class=\"image-single\">\n             <picture class=\"\">\n                        <source srcset=\"https:\/\/www.rapoo-eu.com\/es\/wp-content\/uploads\/sites\/17\/2025\/05\/160525_MPlus_Technology_Visual2-1-1024x0-c-default.webp\" type=\"image\/webp\">\n            <source srcset=\"https:\/\/www.rapoo-eu.com\/es\/wp-content\/uploads\/sites\/17\/2025\/05\/160525_MPlus_Technology_Visual2-1-1024x0-c-default.webp\">\n            \n    <img src=\"data:image\/gif;base64,R0lGODlhAQABAAAAACH5BAEKAAEALAAAAAABAAEAAAICTAEAOw==\"\n         alt=\"\"\n         data-cookieconsent=\"ignore\"\n         class=\"image-single__img b-lazy\"\n                  width=\"1024\"    \/>\n    <\/picture>        <\/section><\/div>\n\n\n\n<div class=\"col wp-block-advanced-bootstrap-blocks-column\">\n\n<section class=\"section section--rich-text rich-text\">\n    <div class=\"rich-text__inner\">\n        \n    <\/div>\n<\/section>\n\n\n\n<section class=\"section section--rich-text rich-text\">\n    <div class=\"rich-text__inner\">\n        <h2 data-start=\"0\" data-end=\"39\"><span style=\"color: #ffffff;\">Un rat\u00f3n. Un movimiento. Control total.<\/span><\/h2>\n<p data-start=\"41\" data-end=\"363\" data-is-last-node=\"\" data-is-only-node=\"\"><span style=\"color: #ffffff;\">Algunos flujos de trabajo no se limitan a una sola pantalla. M+ est\u00e1 dise\u00f1ado para esa realidad. Permite una navegaci\u00f3n fluida entre dispositivos y plataformas, sin necesidad de cables, sincronizaci\u00f3n en la nube o cambios manuales.<\/span><br data-start=\"272\" data-end=\"275\" \/><span style=\"color: #ffffff;\">Para quienes esperan m\u00e1s de sus herramientas y dependen de ellas para mantenerse al d\u00eda.<\/span><\/p>\n\n    <\/div>\n<\/section><\/div>\n<\/div>\n<\/div>\n\n\n<link rel=\"stylesheet\" href=\"https:\/\/www.rapoo-eu.com\/es\/wp-content\/themes\/bmade\/dist\/css\/bmade.embed.css?ver=1754292888\" type=\"text\/css\" media=\"all\">\n\n    \n                \n\t<section class=\"section section--embed embed-wrapper\">\n\t\t<div class=\"embed-responsive embed-responsive-16by9\">\n\t\t\t<iframe title=\"\" class=\"embed-responsive-item\" data-cookieconsent=\"ignore\" src=\"https:\/\/www.youtube-nocookie.com\/embed\/i1Nr60ZYRh0?si=GMnKWqRquoICRMEb?mute=1&#038;autoplay=1\" allowfullscreen><\/iframe>\n\t\t<\/div>\n\t<\/section>\n\n\n\n<div class=\"container wp-block-advanced-bootstrap-blocks-container\">\n<div class=\"row wp-block-advanced-bootstrap-blocks-row\">\n<div class=\"col wp-block-advanced-bootstrap-blocks-column\">\n\n<section class=\"section section--rich-text rich-text\">\n    <div class=\"rich-text__inner\">\n        \n    <\/div>\n<\/section><\/div>\n<\/div>\n\n\n\n<div class=\"row wp-block-advanced-bootstrap-blocks-row\">\n<div class=\"col wp-block-advanced-bootstrap-blocks-column\"><link rel=\"stylesheet\" href=\"https:\/\/www.rapoo-eu.com\/es\/wp-content\/themes\/bmade\/dist\/css\/bmade.variable-blocks.css?ver=1754292888\" type=\"text\/css\" media=\"all\">\n\n\n    \n\n\n<section \n    class=\"section section--variable-blocks variable-blocks variable-blocks--block \">\n                    \n                            \n                    <a href=\"https:\/\/www.rapoo-eu.com\/es\/?post_type=product&#038;p=10245\" class=\"variable-block variable-block--landscape variable-block--text-color-white\" title=\"MT760 M\/L\">\n    \n                    <div class=\"variable-block__bg b-lazy\" data-src=\"https:\/\/www.rapoo-eu.com\/es\/wp-content\/uploads\/sites\/17\/2025\/05\/JP32265-3--scaled.webp\"><\/div>\n                <div class=\"variable-block__inner\">\n            <div class=\"variable-block__content\">\n\n                                                    <h3 class=\"variable-block__title h3\">MT760 M\/L<\/h3>\n                \n                <div class=\"variable-block__button-holder d-lg-none\">\n                    <span class=\"button button--ghost\">Comprobar producto<\/span>\n                <\/div>\n\n            <\/div>\n        <\/div>\n        <div class=\"variable-block__button-holder d-none d-lg-block\">\n            <span class=\"button button--ghost\">Comprobar producto<\/span>\n        <\/div>\n    <\/a>\n    <\/section>\n<\/div>\n\n\n\n<div class=\"col wp-block-advanced-bootstrap-blocks-column\">\n\n\n    \n\n\n<section \n    class=\"section section--variable-blocks variable-blocks variable-blocks--block \">\n                    \n                            \n                    <a href=\"https:\/\/www.rapoo-eu.com\/es\/product\/mt560\/\" class=\"variable-block variable-block--landscape variable-block--text-color-white\" title=\"MT560\">\n    \n                    <div class=\"variable-block__bg b-lazy\" data-src=\"https:\/\/www.rapoo-eu.com\/es\/wp-content\/uploads\/sites\/17\/2025\/05\/MT560-black-lifestyle-1-.webp\"><\/div>\n                <div class=\"variable-block__inner\">\n            <div class=\"variable-block__content\">\n\n                                                    <h3 class=\"variable-block__title h3\">MT560<\/h3>\n                \n                <div class=\"variable-block__button-holder d-lg-none\">\n                    <span class=\"button button--ghost\">Comprobar producto<\/span>\n                <\/div>\n\n            <\/div>\n        <\/div>\n        <div class=\"variable-block__button-holder d-none d-lg-block\">\n            <span class=\"button button--ghost\">Comprobar producto<\/span>\n        <\/div>\n    <\/a>\n    <\/section>\n<\/div>\n<\/div>\n<\/div>\n","protected":false},"excerpt":{"rendered":"","protected":false},"author":9,"featured_media":0,"parent":0,"menu_order":0,"comment_status":"closed","ping_status":"closed","template":"","meta":[],"acf":[],"yoast_head":"<!-- This site is optimized with the Yoast SEO plugin v22.9 - https:\/\/yoast.com\/wordpress\/plugins\/seo\/ -->\n<title>M+ Technology - Spanish - new<\/title>\n<meta name=\"robots\" content=\"index, follow, max-snippet:-1, max-image-preview:large, max-video-preview:-1\" \/>\n<link rel=\"canonical\" href=\"https:\/\/www.rapoo-eu.com\/es\/spotlight-m\/\" \/>\n<meta property=\"og:locale\" content=\"es_ES\" \/>\n<meta property=\"og:type\" content=\"article\" \/>\n<meta property=\"og:title\" content=\"M+ Technology - Spanish - new\" \/>\n<meta property=\"og:url\" content=\"https:\/\/www.rapoo-eu.com\/es\/spotlight-m\/\" \/>\n<meta property=\"og:site_name\" content=\"Spanish - new\" \/>\n<meta property=\"article:modified_time\" content=\"2025-08-11T15:19:38+00:00\" \/>\n<meta name=\"twitter:card\" content=\"summary_large_image\" \/>\n<script type=\"application\/ld+json\" class=\"yoast-schema-graph\">{\"@context\":\"https:\/\/schema.org\",\"@graph\":[{\"@type\":\"WebPage\",\"@id\":\"https:\/\/www.rapoo-eu.com\/es\/spotlight-m\/\",\"url\":\"https:\/\/www.rapoo-eu.com\/es\/spotlight-m\/\",\"name\":\"M+ Technology - Spanish - new\",\"isPartOf\":{\"@id\":\"https:\/\/www.rapoo-eu.com\/es\/#website\"},\"datePublished\":\"2025-05-16T13:23:29+00:00\",\"dateModified\":\"2025-08-11T15:19:38+00:00\",\"breadcrumb\":{\"@id\":\"https:\/\/www.rapoo-eu.com\/es\/spotlight-m\/#breadcrumb\"},\"inLanguage\":\"es\",\"potentialAction\":[{\"@type\":\"ReadAction\",\"target\":[\"https:\/\/www.rapoo-eu.com\/es\/spotlight-m\/\"]}]},{\"@type\":\"BreadcrumbList\",\"@id\":\"https:\/\/www.rapoo-eu.com\/es\/spotlight-m\/#breadcrumb\",\"itemListElement\":[{\"@type\":\"ListItem\",\"position\":1,\"name\":\"Home\",\"item\":\"https:\/\/www.rapoo-eu.com\/es\/\"},{\"@type\":\"ListItem\",\"position\":2,\"name\":\"M+ Technology\"}]},{\"@type\":\"WebSite\",\"@id\":\"https:\/\/www.rapoo-eu.com\/es\/#website\",\"url\":\"https:\/\/www.rapoo-eu.com\/es\/\",\"name\":\"Spanish - new\",\"description\":\"Wireless Your Life\",\"potentialAction\":[{\"@type\":\"SearchAction\",\"target\":{\"@type\":\"EntryPoint\",\"urlTemplate\":\"https:\/\/www.rapoo-eu.com\/es\/?s={search_term_string}\"},\"query-input\":\"required name=search_term_string\"}],\"inLanguage\":\"es\"}]}<\/script>\n<!-- \/ Yoast SEO plugin. -->","yoast_head_json":{"title":"M+ Technology - Spanish - new","robots":{"index":"index","follow":"follow","max-snippet":"max-snippet:-1","max-image-preview":"max-image-preview:large","max-video-preview":"max-video-preview:-1"},"canonical":"https:\/\/www.rapoo-eu.com\/es\/spotlight-m\/","og_locale":"es_ES","og_type":"article","og_title":"M+ Technology - Spanish - new","og_url":"https:\/\/www.rapoo-eu.com\/es\/spotlight-m\/","og_site_name":"Spanish - new","article_modified_time":"2025-08-11T15:19:38+00:00","twitter_card":"summary_large_image","schema":{"@context":"https:\/\/schema.org","@graph":[{"@type":"WebPage","@id":"https:\/\/www.rapoo-eu.com\/es\/spotlight-m\/","url":"https:\/\/www.rapoo-eu.com\/es\/spotlight-m\/","name":"M+ Technology - Spanish - new","isPartOf":{"@id":"https:\/\/www.rapoo-eu.com\/es\/#website"},"datePublished":"2025-05-16T13:23:29+00:00","dateModified":"2025-08-11T15:19:38+00:00","breadcrumb":{"@id":"https:\/\/www.rapoo-eu.com\/es\/spotlight-m\/#breadcrumb"},"inLanguage":"es","potentialAction":[{"@type":"ReadAction","target":["https:\/\/www.rapoo-eu.com\/es\/spotlight-m\/"]}]},{"@type":"BreadcrumbList","@id":"https:\/\/www.rapoo-eu.com\/es\/spotlight-m\/#breadcrumb","itemListElement":[{"@type":"ListItem","position":1,"name":"Home","item":"https:\/\/www.rapoo-eu.com\/es\/"},{"@type":"ListItem","position":2,"name":"M+ Technology"}]},{"@type":"WebSite","@id":"https:\/\/www.rapoo-eu.com\/es\/#website","url":"https:\/\/www.rapoo-eu.com\/es\/","name":"Spanish - new","description":"Wireless Your Life","potentialAction":[{"@type":"SearchAction","target":{"@type":"EntryPoint","urlTemplate":"https:\/\/www.rapoo-eu.com\/es\/?s={search_term_string}"},"query-input":"required name=search_term_string"}],"inLanguage":"es"}]}},"_links":{"self":[{"href":"https:\/\/www.rapoo-eu.com\/es\/wp-json\/wp\/v2\/pages\/14727"}],"collection":[{"href":"https:\/\/www.rapoo-eu.com\/es\/wp-json\/wp\/v2\/pages"}],"about":[{"href":"https:\/\/www.rapoo-eu.com\/es\/wp-json\/wp\/v2\/types\/page"}],"author":[{"embeddable":true,"href":"https:\/\/www.rapoo-eu.com\/es\/wp-json\/wp\/v2\/users\/9"}],"replies":[{"embeddable":true,"href":"https:\/\/www.rapoo-eu.com\/es\/wp-json\/wp\/v2\/comments?post=14727"}],"version-history":[{"count":36,"href":"https:\/\/www.rapoo-eu.com\/es\/wp-json\/wp\/v2\/pages\/14727\/revisions"}],"predecessor-version":[{"id":15606,"href":"https:\/\/www.rapoo-eu.com\/es\/wp-json\/wp\/v2\/pages\/14727\/revisions\/15606"}],"wp:attachment":[{"href":"https:\/\/www.rapoo-eu.com\/es\/wp-json\/wp\/v2\/media?parent=14727"}],"curies":[{"name":"wp","href":"https:\/\/api.w.org\/{rel}","templated":true}]}}