{"id":13503,"date":"2024-08-26T10:53:23","date_gmt":"2024-08-26T08:53:23","guid":{"rendered":"https:\/\/www.rapoo-eu.com\/fr\/?page_id=13503"},"modified":"2025-07-16T15:09:59","modified_gmt":"2025-07-16T13:09:59","slug":"wm1-support","status":"publish","type":"page","link":"https:\/\/www.rapoo-eu.com\/fr\/wm1-support\/","title":{"rendered":"WM1 Support"},"content":{"rendered":"\n<div class=\"container wp-block-advanced-bootstrap-blocks-container\">\n<div class=\"row wp-block-advanced-bootstrap-blocks-row\">\n<div class=\"col wp-block-advanced-bootstrap-blocks-column\"><link rel=\"stylesheet\" href=\"https:\/\/www.rapoo-eu.com\/fr\/wp-content\/themes\/bmade\/dist\/css\/bmade.variable-blocks.css?ver=1754292888\" type=\"text\/css\" media=\"all\">\n\n\n    \n\n\n<section \n    class=\"section section--variable-blocks variable-blocks variable-blocks--icon \">\n            <div class=\"card-icon\">\n    <div class=\"card-icon__inner\">\n                    <div class=\"card-icon__content\">\n                                    <figure class=\"card-icon__icon-figure\">\n                        <img alt=\"Manuel de l\u2019utilisateur\" src=\"https:\/\/www.rapoo-eu.com\/fr\/wp-content\/uploads\/sites\/15\/2020\/06\/Infobox_info_icon-black.png\"\/>\n                    <\/figure>\n                \n                                    <h3 class=\"h3 card-icon__title\">\n                        Manuel de l\u2019utilisateur\n                    <\/h3>\n                                                    <p class=\"card-icon__caption\">\n                        T\u00e9l\u00e9chargez le guide de d\u00e9marrage rapide pour ce produit\n                    <\/p>\n                                            <\/div>\n                            <div class=\"card-icon__footer\">\n                                    <p>\n                        <a\n                                class=\"card-icon__button button button--full-width button--ghost\"\n                                href=\"https:\/\/www.rapoo-eu.com\/fr\/wp-content\/uploads\/sites\/15\/2024\/08\/1_WM1_Manual.pdf\"\n                                                                target=\"\"\n                        >\n                            T\u00e9l\u00e9charger\n                        <\/a>\n                    <\/p>\n                \n                            <\/div>\n        \n    <\/div>\n<\/div>    <\/section>\n<\/div>\n\n\n\n<div class=\"col wp-block-advanced-bootstrap-blocks-column\">\n\n\n    \n\n\n<section \n    class=\"section section--variable-blocks variable-blocks variable-blocks--icon \">\n            <div class=\"card-icon\">\n    <div class=\"card-icon__inner\">\n                    <div class=\"card-icon__content\">\n                                    <figure class=\"card-icon__icon-figure\">\n                        <img alt=\"D\u00e9clarations\" src=\"https:\/\/www.rapoo-eu.com\/fr\/wp-content\/uploads\/sites\/15\/2020\/06\/Infobox_info_icon-black.png\"\/>\n                    <\/figure>\n                \n                                    <h3 class=\"h3 card-icon__title\">\n                        D\u00e9clarations\n                    <\/h3>\n                                                    <p class=\"card-icon__caption\">\n                        T\u00e9l\u00e9charger la d\u00e9claration de conformit\u00e9 pour ce produit\n                    <\/p>\n                                            <\/div>\n                            <div class=\"card-icon__footer\">\n                                    <p>\n                        <a\n                                class=\"card-icon__button button button--full-width button--ghost\"\n                                href=\"https:\/\/secure.productip.com\/public\/view\/file\/id\/2a3a9f?f=2a3a9f\"\n                                                                target=\"\"\n                        >\n                            T\u00e9l\u00e9charger\n                        <\/a>\n                    <\/p>\n                \n                            <\/div>\n        \n    <\/div>\n<\/div>    <\/section>\n<\/div>\n\n\n\n<div class=\"col\">\n\n\n    \n\n\n<section \n    class=\"section section--variable-blocks variable-blocks variable-blocks--icon \">\n            <div class=\"card-icon\">\n    <div class=\"card-icon__inner\">\n                    <div class=\"card-icon__content\">\n                                    <figure class=\"card-icon__icon-figure\">\n                        <img alt=\"FAQ g\u00e9n\u00e9rale\" src=\"https:\/\/www.rapoo-eu.com\/fr\/wp-content\/uploads\/sites\/15\/2020\/06\/Windows-2.png\"\/>\n                    <\/figure>\n                \n                                    <h3 class=\"h3 card-icon__title\">\n                        FAQ g\u00e9n\u00e9rale\n                    <\/h3>\n                                                    <p class=\"card-icon__caption\">\n                        V\u00e9rifiez r\u00e9guli\u00e8rement les questions pos\u00e9es pour obtenir plus d\u2019informations\n                    <\/p>\n                                            <\/div>\n                            <div class=\"card-icon__footer\">\n                                    <p>\n                        <a\n                                class=\"card-icon__button button button--full-width button--ghost\"\n                                href=\"https:\/\/www.rapoo-eu.com\/fr\/support\/\"\n                                                                target=\"\"\n                        >\n                            Visitez le centre d\u2019assistance\n                        <\/a>\n                    <\/p>\n                \n                            <\/div>\n        \n    <\/div>\n<\/div>    <\/section>\n<\/div>\n<\/div>\n\n\n\n<div class=\"row wp-block-advanced-bootstrap-blocks-row\">\n<div class=\"col wp-block-advanced-bootstrap-blocks-column\"><link rel=\"stylesheet\" href=\"https:\/\/www.rapoo-eu.com\/fr\/wp-content\/themes\/bmade\/dist\/css\/bmade.rich-text.css?ver=1754292888\" type=\"text\/css\" media=\"all\">\n\n<section class=\"section section--rich-text rich-text\">\n    <div class=\"rich-text__inner\">\n        <h2><strong>Foire Aux Questions<\/strong>: WM1<\/h2>\n<div class=\"row wp-block-advanced-bootstrap-blocks-row\">\n<div class=\"col wp-block-advanced-bootstrap-blocks-column\">\n<section class=\"section section--rich-text rich-text\">\n<div class=\"rich-text__inner\">\n<p>Veuillez consulter notre foire aux questions pour trouver des r\u00e9ponses et des solutions aux questions courantes.<\/p>\n<\/div>\n<\/section>\n<\/div>\n<\/div>\n\n    <\/div>\n<\/section><\/div>\n<\/div>\n\n\n\n<div class=\"row wp-block-advanced-bootstrap-blocks-row\">\n<div class=\"col wp-block-advanced-bootstrap-blocks-column\"><link rel=\"stylesheet\" href=\"https:\/\/www.rapoo-eu.com\/fr\/wp-content\/themes\/bmade\/dist\/css\/bmade.faq.css?ver=1754292888\" type=\"text\/css\" media=\"all\">\n\n\n<section class=\"section section--faq faq-section\">\n\n    \n            <div class=\"faq__item\" data-index=\"0\">\n            <h3 class=\"h4 faq__question\" @click.prevent=\"toggleSlide(0)\">\n                Mon produit est d\u00e9fectueux. Que puis-je faire ?\n                <span class=\"icon icon--read-more faq__icon faq__icon--read-more\">\n                    <svg xmlns=\"http:\/\/www.w3.org\/2000\/svg\" viewBox=\"0 0 320 512\">\n                        <path d=\"M285.476 272.971L91.132 467.314c-9.373 9.373-24.569 9.373-33.941 0l-22.667-22.667c-9.357-9.357-9.375-24.522-.04-33.901L188.505 256 34.484 101.255c-9.335-9.379-9.317-24.544.04-33.901l22.667-22.667c9.373-9.373 24.569-9.373 33.941 0L285.475 239.03c9.373 9.372 9.373 24.568.001 33.941z\"\/>\n                    <\/svg>\n                <\/span>\n            <\/h3>\n            <div class=\"faq__answer-wrapper\">\n                <div class=\"faq__answer\">\n                    <p>Nous offrons une garantie \u00ab retour au d\u00e9taillant \u00bb sur nos produits. En cas de d\u00e9faut, veuillez retourner le produit \u00e0 votre d\u00e9taillant avec une description claire du probl\u00e8me, une preuve d\u2019achat et tous les accessoires. Pendant la p\u00e9riode de garantie, vous recevrez un produit de remplacement de la part du d\u00e9taillant, si disponible.<\/p>\n\n                <\/div>\n            <\/div>\n        <\/div>\n    \n<\/section><\/div>\n<\/div>\n<\/div>\n","protected":false},"excerpt":{"rendered":"","protected":false},"author":9,"featured_media":0,"parent":0,"menu_order":0,"comment_status":"closed","ping_status":"closed","template":"","meta":[],"acf":[],"yoast_head":"<!-- This site is optimized with the Yoast SEO plugin v22.9 - https:\/\/yoast.com\/wordpress\/plugins\/seo\/ -->\n<title>WM1 Support - French new<\/title>\n<meta name=\"robots\" content=\"index, follow, max-snippet:-1, max-image-preview:large, max-video-preview:-1\" \/>\n<link rel=\"canonical\" href=\"https:\/\/www.rapoo-eu.com\/fr\/wm1-support\/\" \/>\n<meta property=\"og:locale\" content=\"fr_FR\" \/>\n<meta property=\"og:type\" content=\"article\" \/>\n<meta property=\"og:title\" content=\"WM1 Support - French new\" \/>\n<meta property=\"og:url\" content=\"https:\/\/www.rapoo-eu.com\/fr\/wm1-support\/\" \/>\n<meta property=\"og:site_name\" content=\"French new\" \/>\n<meta property=\"article:modified_time\" content=\"2025-07-16T13:09:59+00:00\" \/>\n<meta name=\"twitter:card\" content=\"summary_large_image\" \/>\n<script type=\"application\/ld+json\" class=\"yoast-schema-graph\">{\"@context\":\"https:\/\/schema.org\",\"@graph\":[{\"@type\":\"WebPage\",\"@id\":\"https:\/\/www.rapoo-eu.com\/fr\/wm1-support\/\",\"url\":\"https:\/\/www.rapoo-eu.com\/fr\/wm1-support\/\",\"name\":\"WM1 Support - French new\",\"isPartOf\":{\"@id\":\"https:\/\/www.rapoo-eu.com\/fr\/#website\"},\"datePublished\":\"2024-08-26T08:53:23+00:00\",\"dateModified\":\"2025-07-16T13:09:59+00:00\",\"breadcrumb\":{\"@id\":\"https:\/\/www.rapoo-eu.com\/fr\/wm1-support\/#breadcrumb\"},\"inLanguage\":\"fr-FR\",\"potentialAction\":[{\"@type\":\"ReadAction\",\"target\":[\"https:\/\/www.rapoo-eu.com\/fr\/wm1-support\/\"]}]},{\"@type\":\"BreadcrumbList\",\"@id\":\"https:\/\/www.rapoo-eu.com\/fr\/wm1-support\/#breadcrumb\",\"itemListElement\":[{\"@type\":\"ListItem\",\"position\":1,\"name\":\"Home\",\"item\":\"https:\/\/www.rapoo-eu.com\/fr\/\"},{\"@type\":\"ListItem\",\"position\":2,\"name\":\"WM1 Support\"}]},{\"@type\":\"WebSite\",\"@id\":\"https:\/\/www.rapoo-eu.com\/fr\/#website\",\"url\":\"https:\/\/www.rapoo-eu.com\/fr\/\",\"name\":\"French new\",\"description\":\"Wireless Your Life\",\"potentialAction\":[{\"@type\":\"SearchAction\",\"target\":{\"@type\":\"EntryPoint\",\"urlTemplate\":\"https:\/\/www.rapoo-eu.com\/fr\/?s={search_term_string}\"},\"query-input\":\"required name=search_term_string\"}],\"inLanguage\":\"fr-FR\"}]}<\/script>\n<!-- \/ Yoast SEO plugin. -->","yoast_head_json":{"title":"WM1 Support - French new","robots":{"index":"index","follow":"follow","max-snippet":"max-snippet:-1","max-image-preview":"max-image-preview:large","max-video-preview":"max-video-preview:-1"},"canonical":"https:\/\/www.rapoo-eu.com\/fr\/wm1-support\/","og_locale":"fr_FR","og_type":"article","og_title":"WM1 Support - French new","og_url":"https:\/\/www.rapoo-eu.com\/fr\/wm1-support\/","og_site_name":"French new","article_modified_time":"2025-07-16T13:09:59+00:00","twitter_card":"summary_large_image","schema":{"@context":"https:\/\/schema.org","@graph":[{"@type":"WebPage","@id":"https:\/\/www.rapoo-eu.com\/fr\/wm1-support\/","url":"https:\/\/www.rapoo-eu.com\/fr\/wm1-support\/","name":"WM1 Support - French new","isPartOf":{"@id":"https:\/\/www.rapoo-eu.com\/fr\/#website"},"datePublished":"2024-08-26T08:53:23+00:00","dateModified":"2025-07-16T13:09:59+00:00","breadcrumb":{"@id":"https:\/\/www.rapoo-eu.com\/fr\/wm1-support\/#breadcrumb"},"inLanguage":"fr-FR","potentialAction":[{"@type":"ReadAction","target":["https:\/\/www.rapoo-eu.com\/fr\/wm1-support\/"]}]},{"@type":"BreadcrumbList","@id":"https:\/\/www.rapoo-eu.com\/fr\/wm1-support\/#breadcrumb","itemListElement":[{"@type":"ListItem","position":1,"name":"Home","item":"https:\/\/www.rapoo-eu.com\/fr\/"},{"@type":"ListItem","position":2,"name":"WM1 Support"}]},{"@type":"WebSite","@id":"https:\/\/www.rapoo-eu.com\/fr\/#website","url":"https:\/\/www.rapoo-eu.com\/fr\/","name":"French new","description":"Wireless Your Life","potentialAction":[{"@type":"SearchAction","target":{"@type":"EntryPoint","urlTemplate":"https:\/\/www.rapoo-eu.com\/fr\/?s={search_term_string}"},"query-input":"required name=search_term_string"}],"inLanguage":"fr-FR"}]}},"_links":{"self":[{"href":"https:\/\/www.rapoo-eu.com\/fr\/wp-json\/wp\/v2\/pages\/13503"}],"collection":[{"href":"https:\/\/www.rapoo-eu.com\/fr\/wp-json\/wp\/v2\/pages"}],"about":[{"href":"https:\/\/www.rapoo-eu.com\/fr\/wp-json\/wp\/v2\/types\/page"}],"author":[{"embeddable":true,"href":"https:\/\/www.rapoo-eu.com\/fr\/wp-json\/wp\/v2\/users\/9"}],"replies":[{"embeddable":true,"href":"https:\/\/www.rapoo-eu.com\/fr\/wp-json\/wp\/v2\/comments?post=13503"}],"version-history":[{"count":7,"href":"https:\/\/www.rapoo-eu.com\/fr\/wp-json\/wp\/v2\/pages\/13503\/revisions"}],"predecessor-version":[{"id":15547,"href":"https:\/\/www.rapoo-eu.com\/fr\/wp-json\/wp\/v2\/pages\/13503\/revisions\/15547"}],"wp:attachment":[{"href":"https:\/\/www.rapoo-eu.com\/fr\/wp-json\/wp\/v2\/media?parent=13503"}],"curies":[{"name":"wp","href":"https:\/\/api.w.org\/{rel}","templated":true}]}}