{"id":14727,"date":"2025-05-16T15:23:29","date_gmt":"2025-05-16T13:23:29","guid":{"rendered":"https:\/\/www.rapoo-eu.com\/fr\/?page_id=14727"},"modified":"2025-07-17T09:58:31","modified_gmt":"2025-07-17T07:58:31","slug":"spotlight-m","status":"publish","type":"page","link":"https:\/\/www.rapoo-eu.com\/fr\/spotlight-m\/","title":{"rendered":"M+ Technology"},"content":{"rendered":"\n<div id=\"features-anchor\" class=\"container wp-block-advanced-bootstrap-blocks-container container--light\">\n<div class=\"row wp-block-advanced-bootstrap-blocks-row align-items-center\">\n<div class=\"col wp-block-advanced-bootstrap-blocks-column\"><link rel=\"stylesheet\" href=\"https:\/\/www.rapoo-eu.com\/fr\/wp-content\/themes\/bmade\/dist\/css\/bmade.rich-text.css?ver=1754292888\" type=\"text\/css\" media=\"all\">\n\n<section class=\"section section--rich-text rich-text\">\n    <div class=\"rich-text__inner\">\n        <h2 data-start=\"94\" data-end=\"127\"><strong data-start=\"94\" data-end=\"127\">Con\u00e7u pour un contr\u00f4le fluide<\/strong><\/h2>\n<p data-start=\"129\" data-end=\"605\">Changer d\u2019appareil ne devrait jamais interrompre votre concentration. C\u2019est pourquoi nous avons d\u00e9velopp\u00e9 la technologie M+ : une solution sans fil perfectionn\u00e9e qui connecte jusqu\u2019\u00e0 deux appareils dans une exp\u00e9rience continue et harmonieuse.<br data-start=\"371\" data-end=\"374\" \/>Passez d\u2019un syst\u00e8me \u00e0 l\u2019autre. Copiez ici, collez l\u00e0. Une seule souris, un seul mouvement, aucune interruption.<br data-start=\"485\" data-end=\"488\" \/>Sans d\u00e9pendance au cloud. Sans perte de signal. Juste des performances silencieuses qui vous gardent dans votre \u00e9lan.<\/p>\n\n    <\/div>\n<\/section><\/div>\n\n\n\n<div class=\"col wp-block-advanced-bootstrap-blocks-column\"><link rel=\"stylesheet\" href=\"https:\/\/www.rapoo-eu.com\/fr\/wp-content\/themes\/bmade\/dist\/css\/bmade.image-single.css?ver=1754292888\" type=\"text\/css\" media=\"all\">\n\n<section class=\"image-single\">\n             <picture class=\"\">\n                        <source srcset=\"https:\/\/www.rapoo-eu.com\/fr\/wp-content\/uploads\/sites\/15\/2025\/05\/160525_MPlus_Technology_Visual1-3-scaled-1024x0-c-default.webp\" type=\"image\/webp\">\n            <source srcset=\"https:\/\/www.rapoo-eu.com\/fr\/wp-content\/uploads\/sites\/15\/2025\/05\/160525_MPlus_Technology_Visual1-3-scaled-1024x0-c-default.webp\">\n            \n    <img src=\"data:image\/gif;base64,R0lGODlhAQABAAAAACH5BAEKAAEALAAAAAABAAEAAAICTAEAOw==\"\n         alt=\"\"\n         data-cookieconsent=\"ignore\"\n         class=\"image-single__img b-lazy\"\n                  width=\"1024\"    \/>\n    <\/picture>        <\/section><\/div>\n<\/div>\n<\/div>\n\n\n\n<div id=\"features-anchor\" class=\"container wp-block-advanced-bootstrap-blocks-container container--light\" style=\"background-image:url(https:\/\/www.rapoo-eu.com\/fr\/wp-content\/uploads\/sites\/15\/2020\/06\/Website-blue-background.png)\">\n<div class=\"row wp-block-advanced-bootstrap-blocks-row align-items-center\">\n<div class=\"col wp-block-advanced-bootstrap-blocks-column\">\n\n<section class=\"image-single\">\n             <picture class=\"\">\n                        <source srcset=\"https:\/\/www.rapoo-eu.com\/fr\/wp-content\/uploads\/sites\/15\/2025\/05\/160525_MPlus_Technology_Visual2-1-1024x0-c-default.webp\" type=\"image\/webp\">\n            <source srcset=\"https:\/\/www.rapoo-eu.com\/fr\/wp-content\/uploads\/sites\/15\/2025\/05\/160525_MPlus_Technology_Visual2-1-1024x0-c-default.webp\">\n            \n    <img src=\"data:image\/gif;base64,R0lGODlhAQABAAAAACH5BAEKAAEALAAAAAABAAEAAAICTAEAOw==\"\n         alt=\"\"\n         data-cookieconsent=\"ignore\"\n         class=\"image-single__img b-lazy\"\n                  width=\"1024\"    \/>\n    <\/picture>        <\/section><\/div>\n\n\n\n<div class=\"col wp-block-advanced-bootstrap-blocks-column\">\n\n<section class=\"section section--rich-text rich-text\">\n    <div class=\"rich-text__inner\">\n        \n    <\/div>\n<\/section>\n\n\n\n<section class=\"section section--rich-text rich-text\">\n    <div class=\"rich-text__inner\">\n        <h2 data-start=\"84\" data-end=\"143\"><strong data-start=\"84\" data-end=\"143\">Une seule souris. Un seul mouvement. Un contr\u00f4le total.<\/strong><\/h2>\n<p data-start=\"145\" data-end=\"475\">Certains flux de travail ne se limitent pas \u00e0 un seul \u00e9cran. M+ a \u00e9t\u00e9 con\u00e7u pour cette r\u00e9alit\u00e9.<br data-start=\"240\" data-end=\"243\" \/>Il permet une navigation fluide entre appareils et plateformes \u2014 sans c\u00e2bles, sans synchronisation cloud, sans basculement manuel.<br data-start=\"373\" data-end=\"376\" \/>Pour celles et ceux qui attendent plus de leurs outils \u2014 et comptent sur eux pour suivre le rythme.<\/p>\n\n    <\/div>\n<\/section><\/div>\n<\/div>\n<\/div>\n\n\n<link rel=\"stylesheet\" href=\"https:\/\/www.rapoo-eu.com\/fr\/wp-content\/themes\/bmade\/dist\/css\/bmade.embed.css?ver=1754292888\" type=\"text\/css\" media=\"all\">\n\n    \n                \n\t<section class=\"section section--embed embed-wrapper\">\n\t\t<div class=\"embed-responsive embed-responsive-16by9\">\n\t\t\t<iframe title=\"\" class=\"embed-responsive-item\" data-cookieconsent=\"ignore\" src=\"https:\/\/www.youtube-nocookie.com\/embed\/i1Nr60ZYRh0?si=GMnKWqRquoICRMEb?mute=1&#038;autoplay=1\" allowfullscreen><\/iframe>\n\t\t<\/div>\n\t<\/section>\n\n\n\n<div class=\"container wp-block-advanced-bootstrap-blocks-container\">\n<div class=\"row wp-block-advanced-bootstrap-blocks-row\">\n<div class=\"col wp-block-advanced-bootstrap-blocks-column\">\n\n<section class=\"section section--rich-text rich-text\">\n    <div class=\"rich-text__inner\">\n        \n    <\/div>\n<\/section><\/div>\n<\/div>\n\n\n\n<div class=\"row wp-block-advanced-bootstrap-blocks-row\">\n<div class=\"col wp-block-advanced-bootstrap-blocks-column\"><link rel=\"stylesheet\" href=\"https:\/\/www.rapoo-eu.com\/fr\/wp-content\/themes\/bmade\/dist\/css\/bmade.variable-blocks.css?ver=1754292888\" type=\"text\/css\" media=\"all\">\n\n\n    \n\n\n<section \n    class=\"section section--variable-blocks variable-blocks variable-blocks--block \">\n                    \n                            \n                    <a href=\"https:\/\/www.rapoo-eu.com\/fr\/product\/mt760l\/\" class=\"variable-block variable-block--landscape variable-block--text-color-white\" title=\"MT760 M\/L\">\n    \n                    <div class=\"variable-block__bg b-lazy\" data-src=\"https:\/\/www.rapoo-eu.com\/fr\/wp-content\/uploads\/sites\/15\/2025\/05\/JP32265-3--scaled.webp\"><\/div>\n                <div class=\"variable-block__inner\">\n            <div class=\"variable-block__content\">\n\n                                                    <h3 class=\"variable-block__title h3\">MT760 M\/L<\/h3>\n                \n                <div class=\"variable-block__button-holder d-lg-none\">\n                    <span class=\"button button--ghost\">Voir le produit<\/span>\n                <\/div>\n\n            <\/div>\n        <\/div>\n        <div class=\"variable-block__button-holder d-none d-lg-block\">\n            <span class=\"button button--ghost\">Voir le produit<\/span>\n        <\/div>\n    <\/a>\n    <\/section>\n<\/div>\n\n\n\n<div class=\"col wp-block-advanced-bootstrap-blocks-column\">\n\n\n    \n\n\n<section \n    class=\"section section--variable-blocks variable-blocks variable-blocks--block \">\n                    \n                            \n                    <a href=\"https:\/\/www.rapoo-eu.com\/fr\/product\/mt560\/\" class=\"variable-block variable-block--landscape variable-block--text-color-white\" title=\"MT560\">\n    \n                    <div class=\"variable-block__bg b-lazy\" data-src=\"https:\/\/www.rapoo-eu.com\/fr\/wp-content\/uploads\/sites\/15\/2025\/05\/MT560-black-lifestyle-1-.webp\"><\/div>\n                <div class=\"variable-block__inner\">\n            <div class=\"variable-block__content\">\n\n                                                    <h3 class=\"variable-block__title h3\">MT560<\/h3>\n                \n                <div class=\"variable-block__button-holder d-lg-none\">\n                    <span class=\"button button--ghost\">Voir le produit<\/span>\n                <\/div>\n\n            <\/div>\n        <\/div>\n        <div class=\"variable-block__button-holder d-none d-lg-block\">\n            <span class=\"button button--ghost\">Voir le produit<\/span>\n        <\/div>\n    <\/a>\n    <\/section>\n<\/div>\n<\/div>\n<\/div>\n","protected":false},"excerpt":{"rendered":"","protected":false},"author":9,"featured_media":0,"parent":0,"menu_order":0,"comment_status":"closed","ping_status":"closed","template":"","meta":[],"acf":[],"yoast_head":"<!-- This site is optimized with the Yoast SEO plugin v22.9 - https:\/\/yoast.com\/wordpress\/plugins\/seo\/ -->\n<title>M+ Technology - French new<\/title>\n<meta name=\"robots\" content=\"index, follow, max-snippet:-1, max-image-preview:large, max-video-preview:-1\" \/>\n<link rel=\"canonical\" href=\"https:\/\/www.rapoo-eu.com\/fr\/spotlight-m\/\" \/>\n<meta property=\"og:locale\" content=\"fr_FR\" \/>\n<meta property=\"og:type\" content=\"article\" \/>\n<meta property=\"og:title\" content=\"M+ Technology - French new\" \/>\n<meta property=\"og:url\" content=\"https:\/\/www.rapoo-eu.com\/fr\/spotlight-m\/\" \/>\n<meta property=\"og:site_name\" content=\"French new\" \/>\n<meta property=\"article:modified_time\" content=\"2025-07-17T07:58:31+00:00\" \/>\n<meta name=\"twitter:card\" content=\"summary_large_image\" \/>\n<script type=\"application\/ld+json\" class=\"yoast-schema-graph\">{\"@context\":\"https:\/\/schema.org\",\"@graph\":[{\"@type\":\"WebPage\",\"@id\":\"https:\/\/www.rapoo-eu.com\/fr\/spotlight-m\/\",\"url\":\"https:\/\/www.rapoo-eu.com\/fr\/spotlight-m\/\",\"name\":\"M+ Technology - French new\",\"isPartOf\":{\"@id\":\"https:\/\/www.rapoo-eu.com\/fr\/#website\"},\"datePublished\":\"2025-05-16T13:23:29+00:00\",\"dateModified\":\"2025-07-17T07:58:31+00:00\",\"breadcrumb\":{\"@id\":\"https:\/\/www.rapoo-eu.com\/fr\/spotlight-m\/#breadcrumb\"},\"inLanguage\":\"fr-FR\",\"potentialAction\":[{\"@type\":\"ReadAction\",\"target\":[\"https:\/\/www.rapoo-eu.com\/fr\/spotlight-m\/\"]}]},{\"@type\":\"BreadcrumbList\",\"@id\":\"https:\/\/www.rapoo-eu.com\/fr\/spotlight-m\/#breadcrumb\",\"itemListElement\":[{\"@type\":\"ListItem\",\"position\":1,\"name\":\"Home\",\"item\":\"https:\/\/www.rapoo-eu.com\/fr\/\"},{\"@type\":\"ListItem\",\"position\":2,\"name\":\"M+ Technology\"}]},{\"@type\":\"WebSite\",\"@id\":\"https:\/\/www.rapoo-eu.com\/fr\/#website\",\"url\":\"https:\/\/www.rapoo-eu.com\/fr\/\",\"name\":\"French new\",\"description\":\"Wireless Your Life\",\"potentialAction\":[{\"@type\":\"SearchAction\",\"target\":{\"@type\":\"EntryPoint\",\"urlTemplate\":\"https:\/\/www.rapoo-eu.com\/fr\/?s={search_term_string}\"},\"query-input\":\"required name=search_term_string\"}],\"inLanguage\":\"fr-FR\"}]}<\/script>\n<!-- \/ Yoast SEO plugin. -->","yoast_head_json":{"title":"M+ Technology - French new","robots":{"index":"index","follow":"follow","max-snippet":"max-snippet:-1","max-image-preview":"max-image-preview:large","max-video-preview":"max-video-preview:-1"},"canonical":"https:\/\/www.rapoo-eu.com\/fr\/spotlight-m\/","og_locale":"fr_FR","og_type":"article","og_title":"M+ Technology - French new","og_url":"https:\/\/www.rapoo-eu.com\/fr\/spotlight-m\/","og_site_name":"French new","article_modified_time":"2025-07-17T07:58:31+00:00","twitter_card":"summary_large_image","schema":{"@context":"https:\/\/schema.org","@graph":[{"@type":"WebPage","@id":"https:\/\/www.rapoo-eu.com\/fr\/spotlight-m\/","url":"https:\/\/www.rapoo-eu.com\/fr\/spotlight-m\/","name":"M+ Technology - French new","isPartOf":{"@id":"https:\/\/www.rapoo-eu.com\/fr\/#website"},"datePublished":"2025-05-16T13:23:29+00:00","dateModified":"2025-07-17T07:58:31+00:00","breadcrumb":{"@id":"https:\/\/www.rapoo-eu.com\/fr\/spotlight-m\/#breadcrumb"},"inLanguage":"fr-FR","potentialAction":[{"@type":"ReadAction","target":["https:\/\/www.rapoo-eu.com\/fr\/spotlight-m\/"]}]},{"@type":"BreadcrumbList","@id":"https:\/\/www.rapoo-eu.com\/fr\/spotlight-m\/#breadcrumb","itemListElement":[{"@type":"ListItem","position":1,"name":"Home","item":"https:\/\/www.rapoo-eu.com\/fr\/"},{"@type":"ListItem","position":2,"name":"M+ Technology"}]},{"@type":"WebSite","@id":"https:\/\/www.rapoo-eu.com\/fr\/#website","url":"https:\/\/www.rapoo-eu.com\/fr\/","name":"French new","description":"Wireless Your Life","potentialAction":[{"@type":"SearchAction","target":{"@type":"EntryPoint","urlTemplate":"https:\/\/www.rapoo-eu.com\/fr\/?s={search_term_string}"},"query-input":"required name=search_term_string"}],"inLanguage":"fr-FR"}]}},"_links":{"self":[{"href":"https:\/\/www.rapoo-eu.com\/fr\/wp-json\/wp\/v2\/pages\/14727"}],"collection":[{"href":"https:\/\/www.rapoo-eu.com\/fr\/wp-json\/wp\/v2\/pages"}],"about":[{"href":"https:\/\/www.rapoo-eu.com\/fr\/wp-json\/wp\/v2\/types\/page"}],"author":[{"embeddable":true,"href":"https:\/\/www.rapoo-eu.com\/fr\/wp-json\/wp\/v2\/users\/9"}],"replies":[{"embeddable":true,"href":"https:\/\/www.rapoo-eu.com\/fr\/wp-json\/wp\/v2\/comments?post=14727"}],"version-history":[{"count":36,"href":"https:\/\/www.rapoo-eu.com\/fr\/wp-json\/wp\/v2\/pages\/14727\/revisions"}],"predecessor-version":[{"id":15591,"href":"https:\/\/www.rapoo-eu.com\/fr\/wp-json\/wp\/v2\/pages\/14727\/revisions\/15591"}],"wp:attachment":[{"href":"https:\/\/www.rapoo-eu.com\/fr\/wp-json\/wp\/v2\/media?parent=14727"}],"curies":[{"name":"wp","href":"https:\/\/api.w.org\/{rel}","templated":true}]}}