{"id":1574,"date":"2020-06-10T15:53:06","date_gmt":"2020-06-10T13:53:06","guid":{"rendered":"https:\/\/www.rapoo-eu.com\/fr\/?page_id=1574"},"modified":"2025-07-15T14:40:08","modified_gmt":"2025-07-15T12:40:08","slug":"support","status":"publish","type":"page","link":"https:\/\/www.rapoo-eu.com\/fr\/support\/","title":{"rendered":"Support"},"content":{"rendered":"\n<div class=\"container-fluid wp-block-advanced-bootstrap-blocks-container\">\n<div class=\"row wp-block-advanced-bootstrap-blocks-row mb-0 py-0 my-0\">\n<div class=\"col wp-block-advanced-bootstrap-blocks-column\"><h2 class=\"h2 section__title text-center \">Trouver un produit par cat\u00e9gorie<\/h2>\n\n\n\n<div class=\"row wp-block-advanced-bootstrap-blocks-row\">\n<div class=\"col wp-block-advanced-bootstrap-blocks-column\"><link rel=\"stylesheet\" href=\"https:\/\/www.rapoo-eu.com\/fr\/wp-content\/themes\/bmade\/dist\/css\/bmade.variable-blocks.css?ver=1754292888\" type=\"text\/css\" media=\"all\">\n\n\n    \n\n\n<section \n    class=\"section section--variable-blocks variable-blocks variable-blocks--card \">\n            \n            <a href=\"https:\/\/www.rapoo-eu.com\/fr\/support\/mice-support\/\" class=\"card-item card-item--large\">\n      \n        <div class=\"card-item__inner\">\n                            <div class=\"card-item__bg b-lazy\" data-src=\"https:\/\/www.rapoo-eu.com\/fr\/wp-content\/uploads\/sites\/15\/2024\/03\/MT760L-01.resize-e1746006022208-300x0-c-default.webp\"\n                    ><\/div>\n                        <div class=\"card-item__content\">\n                                    <h3 class=\"card-item__title\">Souris<\/h3>\n                                                <div class=\"card-item__arrow icon icon--read-more\">\n                    <svg xmlns=\"http:\/\/www.w3.org\/2000\/svg\" viewBox=\"0 0 256 512\">\n                        <path d=\"M17.525 36.465l-7.071 7.07c-4.686 4.686-4.686 12.284 0 16.971L205.947 256 10.454 451.494c-4.686 4.686-4.686 12.284 0 16.971l7.071 7.07c4.686 4.686 12.284 4.686 16.97 0l211.051-211.05c4.686-4.686 4.686-12.284 0-16.971L34.495 36.465c-4.686-4.687-12.284-4.687-16.97 0z\"\/>\n                    <\/svg>\n                <\/div>\n            <\/div>\n        <\/div>\n    <\/a>\n    <\/section>\n<\/div>\n\n\n\n<div class=\"col wp-block-advanced-bootstrap-blocks-column\">\n\n\n    \n\n\n<section \n    class=\"section section--variable-blocks variable-blocks variable-blocks--card \">\n            \n            <a href=\"https:\/\/www.rapoo-eu.com\/fr\/support\/keyboard-support\/\" class=\"card-item card-item--large\">\n      \n        <div class=\"card-item__inner\">\n                            <div class=\"card-item__bg b-lazy\" data-src=\"https:\/\/www.rapoo-eu.com\/fr\/wp-content\/uploads\/sites\/15\/2024\/11\/e2810m-2-e1746006566288-300x0-c-default.webp\"\n                    ><\/div>\n                        <div class=\"card-item__content\">\n                                    <h3 class=\"card-item__title\">Claviers<\/h3>\n                                                <div class=\"card-item__arrow icon icon--read-more\">\n                    <svg xmlns=\"http:\/\/www.w3.org\/2000\/svg\" viewBox=\"0 0 256 512\">\n                        <path d=\"M17.525 36.465l-7.071 7.07c-4.686 4.686-4.686 12.284 0 16.971L205.947 256 10.454 451.494c-4.686 4.686-4.686 12.284 0 16.971l7.071 7.07c4.686 4.686 12.284 4.686 16.97 0l211.051-211.05c4.686-4.686 4.686-12.284 0-16.971L34.495 36.465c-4.686-4.687-12.284-4.687-16.97 0z\"\/>\n                    <\/svg>\n                <\/div>\n            <\/div>\n        <\/div>\n    <\/a>\n    <\/section>\n<\/div>\n\n\n\n<div class=\"col wp-block-advanced-bootstrap-blocks-column\">\n\n\n    \n\n\n<section \n    class=\"section section--variable-blocks variable-blocks variable-blocks--card \">\n            \n            <a href=\"https:\/\/www.rapoo-eu.com\/fr\/support\/desktop-sets-support\/\" class=\"card-item card-item--large\">\n      \n        <div class=\"card-item__inner\">\n                            <div class=\"card-item__bg b-lazy\" data-src=\"https:\/\/www.rapoo-eu.com\/fr\/wp-content\/uploads\/sites\/15\/2023\/12\/8020m-category-frontal-e1746007422850-300x0-c-default.webp\"\n                    ><\/div>\n                        <div class=\"card-item__content\">\n                                    <h3 class=\"card-item__title\">Kits de bureau<\/h3>\n                                                <div class=\"card-item__arrow icon icon--read-more\">\n                    <svg xmlns=\"http:\/\/www.w3.org\/2000\/svg\" viewBox=\"0 0 256 512\">\n                        <path d=\"M17.525 36.465l-7.071 7.07c-4.686 4.686-4.686 12.284 0 16.971L205.947 256 10.454 451.494c-4.686 4.686-4.686 12.284 0 16.971l7.071 7.07c4.686 4.686 12.284 4.686 16.97 0l211.051-211.05c4.686-4.686 4.686-12.284 0-16.971L34.495 36.465c-4.686-4.687-12.284-4.687-16.97 0z\"\/>\n                    <\/svg>\n                <\/div>\n            <\/div>\n        <\/div>\n    <\/a>\n    <\/section>\n<\/div>\n<\/div>\n<\/div>\n<\/div>\n<\/div>\n\n\n\n<div class=\"container wp-block-advanced-bootstrap-blocks-container\">\n<div class=\"row wp-block-advanced-bootstrap-blocks-row\">\n<div class=\"col wp-block-advanced-bootstrap-blocks-column\"><h2 class=\"h2 section__title text-center \">Frequently Asked Questions<\/h2>\n<\/div>\n<\/div>\n\n\n\n<div class=\"row wp-block-advanced-bootstrap-blocks-row\">\n<div class=\"col wp-block-advanced-bootstrap-blocks-column\"><link rel=\"stylesheet\" href=\"https:\/\/www.rapoo-eu.com\/fr\/wp-content\/themes\/bmade\/dist\/css\/bmade.faq.css?ver=1754292888\" type=\"text\/css\" media=\"all\">\n\n\n<section class=\"section section--faq faq-section\">\n\n    \n            <div class=\"faq__item\" data-index=\"0\">\n            <h3 class=\"h4 faq__question\" @click.prevent=\"toggleSlide(0)\">\n                O\u00f9 puis-je trouver la derni\u00e8re version du pilote pour mon produit?\n                <span class=\"icon icon--read-more faq__icon faq__icon--read-more\">\n                    <svg xmlns=\"http:\/\/www.w3.org\/2000\/svg\" viewBox=\"0 0 320 512\">\n                        <path d=\"M285.476 272.971L91.132 467.314c-9.373 9.373-24.569 9.373-33.941 0l-22.667-22.667c-9.357-9.357-9.375-24.522-.04-33.901L188.505 256 34.484 101.255c-9.335-9.379-9.317-24.544.04-33.901l22.667-22.667c9.373-9.373 24.569-9.373 33.941 0L285.475 239.03c9.373 9.372 9.373 24.568.001 33.941z\"\/>\n                    <\/svg>\n                <\/span>\n            <\/h3>\n            <div class=\"faq__answer-wrapper\">\n                <div class=\"faq__answer\">\n                    <p>Le dernier pilote disponible pour votre produit se trouve dans la section T\u00e9l\u00e9chargements de la page produit correspondante.<br \/>\nIl vous suffit de rechercher le nom du mod\u00e8le et de t\u00e9l\u00e9charger le pilote depuis sa page, ou de visiter nos pages d\u2019assistance.<\/p>\n\n                <\/div>\n            <\/div>\n        <\/div>\n            <div class=\"faq__item\" data-index=\"1\">\n            <h3 class=\"h4 faq__question\" @click.prevent=\"toggleSlide(1)\">\n                O\u00f9 puis-je t\u00e9l\u00e9charger le manuel d\u2019utilisation de mon produit?\n                <span class=\"icon icon--read-more faq__icon faq__icon--read-more\">\n                    <svg xmlns=\"http:\/\/www.w3.org\/2000\/svg\" viewBox=\"0 0 320 512\">\n                        <path d=\"M285.476 272.971L91.132 467.314c-9.373 9.373-24.569 9.373-33.941 0l-22.667-22.667c-9.357-9.357-9.375-24.522-.04-33.901L188.505 256 34.484 101.255c-9.335-9.379-9.317-24.544.04-33.901l22.667-22.667c9.373-9.373 24.569-9.373 33.941 0L285.475 239.03c9.373 9.372 9.373 24.568.001 33.941z\"\/>\n                    <\/svg>\n                <\/span>\n            <\/h3>\n            <div class=\"faq__answer-wrapper\">\n                <div class=\"faq__answer\">\n                    <p>Le guide de d\u00e9marrage rapide est disponible dans la section T\u00e9l\u00e9chargements de la page produit correspondante.<br \/>\nIl vous suffit de rechercher le nom du mod\u00e8le et de t\u00e9l\u00e9charger le manuel d\u2019utilisation depuis cette page, ou de consulter nos pages d\u2019assistance.<\/p>\n\n                <\/div>\n            <\/div>\n        <\/div>\n            <div class=\"faq__item\" data-index=\"2\">\n            <h3 class=\"h4 faq__question\" @click.prevent=\"toggleSlide(2)\">\n                Quelle est la dur\u00e9e de la garantie des produits Rapoo?\n                <span class=\"icon icon--read-more faq__icon faq__icon--read-more\">\n                    <svg xmlns=\"http:\/\/www.w3.org\/2000\/svg\" viewBox=\"0 0 320 512\">\n                        <path d=\"M285.476 272.971L91.132 467.314c-9.373 9.373-24.569 9.373-33.941 0l-22.667-22.667c-9.357-9.357-9.375-24.522-.04-33.901L188.505 256 34.484 101.255c-9.335-9.379-9.317-24.544.04-33.901l22.667-22.667c9.373-9.373 24.569-9.373 33.941 0L285.475 239.03c9.373 9.372 9.373 24.568.001 33.941z\"\/>\n                    <\/svg>\n                <\/span>\n            <\/h3>\n            <div class=\"faq__answer-wrapper\">\n                <div class=\"faq__answer\">\n                    <p>Rapoo offre une garantie \u00e0 l\u2019acheteur initial ayant achet\u00e9 le produit aupr\u00e8s d\u2019un revendeur agr\u00e9\u00e9.<br \/>\nVotre produit Rapoo est couvert contre les d\u00e9fauts de fabrication, conform\u00e9ment aux conditions de cette garantie, pendant une p\u00e9riode de 2 ans \u00e0 compter de la date d\u2019achat, si celui-ci a \u00e9t\u00e9 effectu\u00e9 aupr\u00e8s d\u2019un revendeur officiel.<\/p>\n\n                <\/div>\n            <\/div>\n        <\/div>\n            <div class=\"faq__item\" data-index=\"3\">\n            <h3 class=\"h4 faq__question\" @click.prevent=\"toggleSlide(3)\">\n                O\u00f9 puis-je trouver le num\u00e9ro de s\u00e9rie d\u2019un produit?\n                <span class=\"icon icon--read-more faq__icon faq__icon--read-more\">\n                    <svg xmlns=\"http:\/\/www.w3.org\/2000\/svg\" viewBox=\"0 0 320 512\">\n                        <path d=\"M285.476 272.971L91.132 467.314c-9.373 9.373-24.569 9.373-33.941 0l-22.667-22.667c-9.357-9.357-9.375-24.522-.04-33.901L188.505 256 34.484 101.255c-9.335-9.379-9.317-24.544.04-33.901l22.667-22.667c9.373-9.373 24.569-9.373 33.941 0L285.475 239.03c9.373 9.372 9.373 24.568.001 33.941z\"\/>\n                    <\/svg>\n                <\/span>\n            <\/h3>\n            <div class=\"faq__answer-wrapper\">\n                <div class=\"faq__answer\">\n                    <p>Le num\u00e9ro de s\u00e9rie se trouve g\u00e9n\u00e9ralement sous le produit.<\/p>\n\n                <\/div>\n            <\/div>\n        <\/div>\n            <div class=\"faq__item\" data-index=\"4\">\n            <h3 class=\"h4 faq__question\" @click.prevent=\"toggleSlide(4)\">\n                Pourquoi le pointeur de ma souris clignote-t-il?\n                <span class=\"icon icon--read-more faq__icon faq__icon--read-more\">\n                    <svg xmlns=\"http:\/\/www.w3.org\/2000\/svg\" viewBox=\"0 0 320 512\">\n                        <path d=\"M285.476 272.971L91.132 467.314c-9.373 9.373-24.569 9.373-33.941 0l-22.667-22.667c-9.357-9.357-9.375-24.522-.04-33.901L188.505 256 34.484 101.255c-9.335-9.379-9.317-24.544.04-33.901l22.667-22.667c9.373-9.373 24.569-9.373 33.941 0L285.475 239.03c9.373 9.372 9.373 24.568.001 33.941z\"\/>\n                    <\/svg>\n                <\/span>\n            <\/h3>\n            <div class=\"faq__answer-wrapper\">\n                <div class=\"faq__answer\">\n                    <p>1. \u00c9loignez les autres appareils sans fil en fonctionnement du r\u00e9cepteur et de la souris.<br \/>\n2. Nettoyez le capteur situ\u00e9 sous la souris avec un chiffon sec.<br \/>\n3. Essayez d\u2019utiliser la souris sur une autre surface.<\/p>\n\n                <\/div>\n            <\/div>\n        <\/div>\n            <div class=\"faq__item\" data-index=\"5\">\n            <h3 class=\"h4 faq__question\" @click.prevent=\"toggleSlide(5)\">\n                Pourquoi le pointeur de ma souris ne bouge-t-il pas?\n                <span class=\"icon icon--read-more faq__icon faq__icon--read-more\">\n                    <svg xmlns=\"http:\/\/www.w3.org\/2000\/svg\" viewBox=\"0 0 320 512\">\n                        <path d=\"M285.476 272.971L91.132 467.314c-9.373 9.373-24.569 9.373-33.941 0l-22.667-22.667c-9.357-9.357-9.375-24.522-.04-33.901L188.505 256 34.484 101.255c-9.335-9.379-9.317-24.544.04-33.901l22.667-22.667c9.373-9.373 24.569-9.373 33.941 0L285.475 239.03c9.373 9.372 9.373 24.568.001 33.941z\"\/>\n                    <\/svg>\n                <\/span>\n            <\/h3>\n            <div class=\"faq__answer-wrapper\">\n                <div class=\"faq__answer\">\n                    <p>1. Veuillez utiliser la souris sur un tapis de souris.<br \/>\n2. Essayez la souris sur une feuille de papier blanc pour v\u00e9rifier si la surface sp\u00e9ciale que vous utilisez est \u00e0 l\u2019origine du probl\u00e8me.<\/p>\n\n                <\/div>\n            <\/div>\n        <\/div>\n            <div class=\"faq__item\" data-index=\"6\">\n            <h3 class=\"h4 faq__question\" @click.prevent=\"toggleSlide(6)\">\n                Dois-je d\u00e9brancher le r\u00e9cepteur et \u00e9teindre l\u2019appareil quand je ne l\u2019utilise pas?\n                <span class=\"icon icon--read-more faq__icon faq__icon--read-more\">\n                    <svg xmlns=\"http:\/\/www.w3.org\/2000\/svg\" viewBox=\"0 0 320 512\">\n                        <path d=\"M285.476 272.971L91.132 467.314c-9.373 9.373-24.569 9.373-33.941 0l-22.667-22.667c-9.357-9.357-9.375-24.522-.04-33.901L188.505 256 34.484 101.255c-9.335-9.379-9.317-24.544.04-33.901l22.667-22.667c9.373-9.373 24.569-9.373 33.941 0L285.475 239.03c9.373 9.372 9.373 24.568.001 33.941z\"\/>\n                    <\/svg>\n                <\/span>\n            <\/h3>\n            <div class=\"faq__answer-wrapper\">\n                <div class=\"faq__answer\">\n                    <p>Les produits Rapoo disposent d\u2019une fonction d\u2019\u00e9conomie d\u2019\u00e9nergie afin de maximiser la dur\u00e9e de vie de la batterie.<br \/>\nIl n\u2019est pas n\u00e9cessaire d\u2019\u00e9teindre la souris ou le clavier \u00e0 chaque fois que vous cessez de les utiliser. Lorsque l\u2019appareil ne bouge plus ou qu\u2019aucun signal n\u2019est re\u00e7u par le r\u00e9cepteur USB, il passe automatiquement en mode veille pour \u00e9conomiser l\u2019\u00e9nergie.<br \/>\nCependant, lorsque vous avez termin\u00e9 votre journ\u00e9e de travail, nous vous recommandons d\u2019utiliser le bouton marche\/arr\u00eat afin d\u2019optimiser l\u2019autonomie de la batterie.<\/p>\n\n                <\/div>\n            <\/div>\n        <\/div>\n            <div class=\"faq__item\" data-index=\"7\">\n            <h3 class=\"h4 faq__question\" @click.prevent=\"toggleSlide(7)\">\n                Comment r\u00e9tablir la transmission sans fil \u00e0 2,4 GHz?\n                <span class=\"icon icon--read-more faq__icon faq__icon--read-more\">\n                    <svg xmlns=\"http:\/\/www.w3.org\/2000\/svg\" viewBox=\"0 0 320 512\">\n                        <path d=\"M285.476 272.971L91.132 467.314c-9.373 9.373-24.569 9.373-33.941 0l-22.667-22.667c-9.357-9.357-9.375-24.522-.04-33.901L188.505 256 34.484 101.255c-9.335-9.379-9.317-24.544.04-33.901l22.667-22.667c9.373-9.373 24.569-9.373 33.941 0L285.475 239.03c9.373 9.372 9.373 24.568.001 33.941z\"\/>\n                    <\/svg>\n                <\/span>\n            <\/h3>\n            <div class=\"faq__answer-wrapper\">\n                <div class=\"faq__answer\">\n                    <p>D\u00e9branchez le r\u00e9cepteur USB de l\u2019ordinateur portable ou du PC. Apr\u00e8s l\u2019avoir rebranch\u00e9, dans un d\u00e9lai de 30 secondes, \u00e9teignez la souris, puis rallumez-la en maintenant le bouton gauche enfonc\u00e9.<\/p>\n\n                <\/div>\n            <\/div>\n        <\/div>\n            <div class=\"faq__item\" data-index=\"8\">\n            <h3 class=\"h4 faq__question\" @click.prevent=\"toggleSlide(8)\">\n                Ma souris ou mon clavier sans fil \u00e0 2,4 GHz pr\u00e9sente des d\u00e9faillances irr\u00e9guli\u00e8res \u00e0 l\u2019usage. Que faire?\n                <span class=\"icon icon--read-more faq__icon faq__icon--read-more\">\n                    <svg xmlns=\"http:\/\/www.w3.org\/2000\/svg\" viewBox=\"0 0 320 512\">\n                        <path d=\"M285.476 272.971L91.132 467.314c-9.373 9.373-24.569 9.373-33.941 0l-22.667-22.667c-9.357-9.357-9.375-24.522-.04-33.901L188.505 256 34.484 101.255c-9.335-9.379-9.317-24.544.04-33.901l22.667-22.667c9.373-9.373 24.569-9.373 33.941 0L285.475 239.03c9.373 9.372 9.373 24.568.001 33.941z\"\/>\n                    <\/svg>\n                <\/span>\n            <\/h3>\n            <div class=\"faq__answer-wrapper\">\n                <div class=\"faq__answer\">\n                    <p>1. \u00c9loignez les autres appareils sans fil actifs de l\u2019appareil et du r\u00e9cepteur.<br \/>\n2. Le PC peut ne pas r\u00e9pondre imm\u00e9diatement car le processeur est en pleine charge.<br \/>\n3. Changez la batterie si le t\u00e9moin de batterie faible clignote.<\/p>\n\n                <\/div>\n            <\/div>\n        <\/div>\n            <div class=\"faq__item\" data-index=\"9\">\n            <h3 class=\"h4 faq__question\" @click.prevent=\"toggleSlide(9)\">\n                Ma souris ou mon clavier sans fil \u00e0 2,4 GHz ne fonctionne pas. Que faire?\n                <span class=\"icon icon--read-more faq__icon faq__icon--read-more\">\n                    <svg xmlns=\"http:\/\/www.w3.org\/2000\/svg\" viewBox=\"0 0 320 512\">\n                        <path d=\"M285.476 272.971L91.132 467.314c-9.373 9.373-24.569 9.373-33.941 0l-22.667-22.667c-9.357-9.357-9.375-24.522-.04-33.901L188.505 256 34.484 101.255c-9.335-9.379-9.317-24.544.04-33.901l22.667-22.667c9.373-9.373 24.569-9.373 33.941 0L285.475 239.03c9.373 9.372 9.373 24.568.001 33.941z\"\/>\n                    <\/svg>\n                <\/span>\n            <\/h3>\n            <div class=\"faq__answer-wrapper\">\n                <div class=\"faq__answer\">\n                    <p>1.Assurez-vous que l\u2019appareil est allum\u00e9.<br \/>\n2. V\u00e9rifiez que le r\u00e9cepteur est bien branch\u00e9 sur un port USB de l\u2019ordinateur.<br \/>\n3. Si l\u2019ordinateur ne reconna\u00eet pas le r\u00e9cepteur, veuillez le d\u00e9brancher puis le rebrancher.<br \/>\n4. V\u00e9rifiez que la batterie est correctement install\u00e9e.<br \/>\n5. Batterie faible, veuillez la remplacer.<br \/>\n6. \u00c9loignez les autres appareils sans fil en fonctionnement du r\u00e9cepteur et de l\u2019appareil.<br \/>\n7. \u00c9vitez les murs ou les gros objets \u00e0 proximit\u00e9, car cela peut r\u00e9duire la port\u00e9e.<br \/>\n8. Si le probl\u00e8me persiste, t\u00e9l\u00e9chargez le logiciel d\u2019appairage sur www.rapoo-eu.com\/fr-new, puis r\u00e9tablissez la connexion.<\/p>\n\n                <\/div>\n            <\/div>\n        <\/div>\n            <div class=\"faq__item\" data-index=\"10\">\n            <h3 class=\"h4 faq__question\" @click.prevent=\"toggleSlide(10)\">\n                Avez-vous un centre de service ? Ou \u00e0 quelle adresse puis-je envoyer mon produit pour r\u00e9paration?\n                <span class=\"icon icon--read-more faq__icon faq__icon--read-more\">\n                    <svg xmlns=\"http:\/\/www.w3.org\/2000\/svg\" viewBox=\"0 0 320 512\">\n                        <path d=\"M285.476 272.971L91.132 467.314c-9.373 9.373-24.569 9.373-33.941 0l-22.667-22.667c-9.357-9.357-9.375-24.522-.04-33.901L188.505 256 34.484 101.255c-9.335-9.379-9.317-24.544.04-33.901l22.667-22.667c9.373-9.373 24.569-9.373 33.941 0L285.475 239.03c9.373 9.372 9.373 24.568.001 33.941z\"\/>\n                    <\/svg>\n                <\/span>\n            <\/h3>\n            <div class=\"faq__answer-wrapper\">\n                <div class=\"faq__answer\">\n                    <p>Comme tous nos produits appartiennent \u00e0 la cat\u00e9gorie accessoires, nous ne disposons pas de centres de service pour la r\u00e9paration des produits.<br \/>\nUn produit d\u00e9fectueux doit \u00eatre remplac\u00e9 par votre point de vente pendant la p\u00e9riode de garantie.<\/p>\n\n                <\/div>\n            <\/div>\n        <\/div>\n            <div class=\"faq__item\" data-index=\"11\">\n            <h3 class=\"h4 faq__question\" @click.prevent=\"toggleSlide(11)\">\n                Mon produit est d\u00e9fectueux. Que puis-je faire?\n                <span class=\"icon icon--read-more faq__icon faq__icon--read-more\">\n                    <svg xmlns=\"http:\/\/www.w3.org\/2000\/svg\" viewBox=\"0 0 320 512\">\n                        <path d=\"M285.476 272.971L91.132 467.314c-9.373 9.373-24.569 9.373-33.941 0l-22.667-22.667c-9.357-9.357-9.375-24.522-.04-33.901L188.505 256 34.484 101.255c-9.335-9.379-9.317-24.544.04-33.901l22.667-22.667c9.373-9.373 24.569-9.373 33.941 0L285.475 239.03c9.373 9.372 9.373 24.568.001 33.941z\"\/>\n                    <\/svg>\n                <\/span>\n            <\/h3>\n            <div class=\"faq__answer-wrapper\">\n                <div class=\"faq__answer\">\n                    <p>Nous proposons une garantie \u00ab retour au d\u00e9taillant \u00bb sur nos produits. En cas de d\u00e9faut, veuillez retourner le produit \u00e0 votre d\u00e9taillant accompagn\u00e9 d\u2019une description claire du probl\u00e8me, du justificatif d\u2019achat et de tous les accessoires.<br \/>\nPendant la p\u00e9riode de garantie, vous recevrez un produit de remplacement de la part du d\u00e9taillant, sous r\u00e9serve de disponibilit\u00e9.<\/p>\n\n                <\/div>\n            <\/div>\n        <\/div>\n    \n<\/section><\/div>\n<\/div>\n<\/div>\n","protected":false},"excerpt":{"rendered":"","protected":false},"author":8,"featured_media":0,"parent":0,"menu_order":0,"comment_status":"closed","ping_status":"closed","template":"","meta":[],"acf":[],"yoast_head":"<!-- This site is optimized with the Yoast SEO plugin v22.9 - https:\/\/yoast.com\/wordpress\/plugins\/seo\/ -->\n<title>Support - French new<\/title>\n<meta name=\"robots\" content=\"index, follow, max-snippet:-1, max-image-preview:large, max-video-preview:-1\" \/>\n<link rel=\"canonical\" href=\"https:\/\/www.rapoo-eu.com\/fr\/support\/\" \/>\n<meta property=\"og:locale\" content=\"fr_FR\" \/>\n<meta property=\"og:type\" content=\"article\" \/>\n<meta property=\"og:title\" content=\"Support - French new\" \/>\n<meta property=\"og:url\" content=\"https:\/\/www.rapoo-eu.com\/fr\/support\/\" \/>\n<meta property=\"og:site_name\" content=\"French new\" \/>\n<meta property=\"article:modified_time\" content=\"2025-07-15T12:40:08+00:00\" \/>\n<meta name=\"twitter:card\" content=\"summary_large_image\" \/>\n<script type=\"application\/ld+json\" class=\"yoast-schema-graph\">{\"@context\":\"https:\/\/schema.org\",\"@graph\":[{\"@type\":\"WebPage\",\"@id\":\"https:\/\/www.rapoo-eu.com\/fr\/support\/\",\"url\":\"https:\/\/www.rapoo-eu.com\/fr\/support\/\",\"name\":\"Support - French new\",\"isPartOf\":{\"@id\":\"https:\/\/www.rapoo-eu.com\/fr\/#website\"},\"datePublished\":\"2020-06-10T13:53:06+00:00\",\"dateModified\":\"2025-07-15T12:40:08+00:00\",\"breadcrumb\":{\"@id\":\"https:\/\/www.rapoo-eu.com\/fr\/support\/#breadcrumb\"},\"inLanguage\":\"fr-FR\",\"potentialAction\":[{\"@type\":\"ReadAction\",\"target\":[\"https:\/\/www.rapoo-eu.com\/fr\/support\/\"]}]},{\"@type\":\"BreadcrumbList\",\"@id\":\"https:\/\/www.rapoo-eu.com\/fr\/support\/#breadcrumb\",\"itemListElement\":[{\"@type\":\"ListItem\",\"position\":1,\"name\":\"Home\",\"item\":\"https:\/\/www.rapoo-eu.com\/fr\/\"},{\"@type\":\"ListItem\",\"position\":2,\"name\":\"Support\"}]},{\"@type\":\"WebSite\",\"@id\":\"https:\/\/www.rapoo-eu.com\/fr\/#website\",\"url\":\"https:\/\/www.rapoo-eu.com\/fr\/\",\"name\":\"French new\",\"description\":\"Wireless Your Life\",\"potentialAction\":[{\"@type\":\"SearchAction\",\"target\":{\"@type\":\"EntryPoint\",\"urlTemplate\":\"https:\/\/www.rapoo-eu.com\/fr\/?s={search_term_string}\"},\"query-input\":\"required name=search_term_string\"}],\"inLanguage\":\"fr-FR\"}]}<\/script>\n<!-- \/ Yoast SEO plugin. -->","yoast_head_json":{"title":"Support - French new","robots":{"index":"index","follow":"follow","max-snippet":"max-snippet:-1","max-image-preview":"max-image-preview:large","max-video-preview":"max-video-preview:-1"},"canonical":"https:\/\/www.rapoo-eu.com\/fr\/support\/","og_locale":"fr_FR","og_type":"article","og_title":"Support - French new","og_url":"https:\/\/www.rapoo-eu.com\/fr\/support\/","og_site_name":"French new","article_modified_time":"2025-07-15T12:40:08+00:00","twitter_card":"summary_large_image","schema":{"@context":"https:\/\/schema.org","@graph":[{"@type":"WebPage","@id":"https:\/\/www.rapoo-eu.com\/fr\/support\/","url":"https:\/\/www.rapoo-eu.com\/fr\/support\/","name":"Support - French new","isPartOf":{"@id":"https:\/\/www.rapoo-eu.com\/fr\/#website"},"datePublished":"2020-06-10T13:53:06+00:00","dateModified":"2025-07-15T12:40:08+00:00","breadcrumb":{"@id":"https:\/\/www.rapoo-eu.com\/fr\/support\/#breadcrumb"},"inLanguage":"fr-FR","potentialAction":[{"@type":"ReadAction","target":["https:\/\/www.rapoo-eu.com\/fr\/support\/"]}]},{"@type":"BreadcrumbList","@id":"https:\/\/www.rapoo-eu.com\/fr\/support\/#breadcrumb","itemListElement":[{"@type":"ListItem","position":1,"name":"Home","item":"https:\/\/www.rapoo-eu.com\/fr\/"},{"@type":"ListItem","position":2,"name":"Support"}]},{"@type":"WebSite","@id":"https:\/\/www.rapoo-eu.com\/fr\/#website","url":"https:\/\/www.rapoo-eu.com\/fr\/","name":"French new","description":"Wireless Your Life","potentialAction":[{"@type":"SearchAction","target":{"@type":"EntryPoint","urlTemplate":"https:\/\/www.rapoo-eu.com\/fr\/?s={search_term_string}"},"query-input":"required name=search_term_string"}],"inLanguage":"fr-FR"}]}},"_links":{"self":[{"href":"https:\/\/www.rapoo-eu.com\/fr\/wp-json\/wp\/v2\/pages\/1574"}],"collection":[{"href":"https:\/\/www.rapoo-eu.com\/fr\/wp-json\/wp\/v2\/pages"}],"about":[{"href":"https:\/\/www.rapoo-eu.com\/fr\/wp-json\/wp\/v2\/types\/page"}],"author":[{"embeddable":true,"href":"https:\/\/www.rapoo-eu.com\/fr\/wp-json\/wp\/v2\/users\/8"}],"replies":[{"embeddable":true,"href":"https:\/\/www.rapoo-eu.com\/fr\/wp-json\/wp\/v2\/comments?post=1574"}],"version-history":[{"count":123,"href":"https:\/\/www.rapoo-eu.com\/fr\/wp-json\/wp\/v2\/pages\/1574\/revisions"}],"predecessor-version":[{"id":15451,"href":"https:\/\/www.rapoo-eu.com\/fr\/wp-json\/wp\/v2\/pages\/1574\/revisions\/15451"}],"wp:attachment":[{"href":"https:\/\/www.rapoo-eu.com\/fr\/wp-json\/wp\/v2\/media?parent=1574"}],"curies":[{"name":"wp","href":"https:\/\/api.w.org\/{rel}","templated":true}]}}