{"id":3529,"date":"2020-08-11T11:14:14","date_gmt":"2020-08-11T09:14:14","guid":{"rendered":"https:\/\/www.rapoo-eu.com\/fr\/?page_id=3529"},"modified":"2025-07-16T15:57:22","modified_gmt":"2025-07-16T13:57:22","slug":"e9500-support","status":"publish","type":"page","link":"https:\/\/www.rapoo-eu.com\/fr\/support\/keyboard-support\/e9500-support\/","title":{"rendered":"E9500M Support"},"content":{"rendered":"\n<div class=\"container wp-block-advanced-bootstrap-blocks-container\">\n<div class=\"row wp-block-advanced-bootstrap-blocks-row\">\n<div class=\"col wp-block-advanced-bootstrap-blocks-column\"><link rel=\"stylesheet\" href=\"https:\/\/www.rapoo-eu.com\/fr\/wp-content\/themes\/bmade\/dist\/css\/bmade.variable-blocks.css?ver=1754292888\" type=\"text\/css\" media=\"all\">\n\n\n    \n\n\n<section \n    class=\"section section--variable-blocks variable-blocks variable-blocks--icon \">\n            <div class=\"card-icon\">\n    <div class=\"card-icon__inner\">\n                    <div class=\"card-icon__content\">\n                                    <figure class=\"card-icon__icon-figure\">\n                        <img alt=\"Manuel de l\u2019utilisateur\" src=\"https:\/\/www.rapoo-eu.com\/fr\/wp-content\/uploads\/sites\/15\/2020\/06\/Infobox_info_icon-black.png\"\/>\n                    <\/figure>\n                \n                                    <h3 class=\"h3 card-icon__title\">\n                        Manuel de l\u2019utilisateur\n                    <\/h3>\n                                                    <p class=\"card-icon__caption\">\n                        T\u00e9l\u00e9chargez le guide de d\u00e9marrage rapide pour ce produit\n                    <\/p>\n                                            <\/div>\n                            <div class=\"card-icon__footer\">\n                                    <p>\n                        <a\n                                class=\"card-icon__button button button--full-width button--ghost\"\n                                href=\"https:\/\/www.rapoo-eu.com\/fr\/wp-content\/uploads\/sites\/15\/2023\/11\/E9500M_Manual.pdf\"\n                                                                    rel=\"noreferrer noopener\"\n                                                                target=\"_blank\"\n                        >\n                            T\u00e9l\u00e9charger\n                        <\/a>\n                    <\/p>\n                \n                                    <p class=\"text-center\">\n                        <a\n                                class=\"card-icon__link\"\n                                href=\"https:\/\/www.rapoo-eu.com\/fr\/support\/keyboard-support\/\"\n                                                                target=\"\"\n                        >\n                            Voir tous les manuels\n                        <\/a>\n                    <\/p>\n                            <\/div>\n        \n    <\/div>\n<\/div>    <\/section>\n<\/div>\n\n\n\n<div class=\"col wp-block-advanced-bootstrap-blocks-column\">\n\n\n    \n\n\n<section \n    class=\"section section--variable-blocks variable-blocks variable-blocks--icon \">\n            <div class=\"card-icon\">\n    <div class=\"card-icon__inner\">\n                    <div class=\"card-icon__content\">\n                                    <figure class=\"card-icon__icon-figure\">\n                        <img alt=\"D\u00e9clarations\" src=\"https:\/\/www.rapoo-eu.com\/fr\/wp-content\/uploads\/sites\/15\/2020\/06\/Infobox_info_icon-black.png\"\/>\n                    <\/figure>\n                \n                                    <h3 class=\"h3 card-icon__title\">\n                        D\u00e9clarations\n                    <\/h3>\n                                                    <p class=\"card-icon__caption\">\n                        T\u00e9l\u00e9charger la d\u00e9claration de conformit\u00e9 pour ce produit\n                    <\/p>\n                                            <\/div>\n                            <div class=\"card-icon__footer\">\n                                    <p>\n                        <a\n                                class=\"card-icon__button button button--full-width button--ghost\"\n                                href=\"http:\/\/productip.com\/?f=1d3893\"\n                                                                    rel=\"noreferrer noopener\"\n                                                                target=\"_blank\"\n                        >\n                            T\u00e9l\u00e9charger\n                        <\/a>\n                    <\/p>\n                \n                            <\/div>\n        \n    <\/div>\n<\/div>    <\/section>\n<\/div>\n\n\n\n<div class=\"col wp-block-advanced-bootstrap-blocks-column\">\n\n\n    \n\n\n<section \n    class=\"section section--variable-blocks variable-blocks variable-blocks--icon \">\n            <div class=\"card-icon\">\n    <div class=\"card-icon__inner\">\n                    <div class=\"card-icon__content\">\n                                    <figure class=\"card-icon__icon-figure\">\n                        <img alt=\"FAQ g\u00e9n\u00e9rale\" src=\"https:\/\/www.rapoo-eu.com\/fr\/wp-content\/uploads\/sites\/15\/2020\/06\/Windows-2.png\"\/>\n                    <\/figure>\n                \n                                    <h3 class=\"h3 card-icon__title\">\n                        FAQ g\u00e9n\u00e9rale\n                    <\/h3>\n                                                    <p class=\"card-icon__caption\">\n                        V\u00e9rifiez r\u00e9guli\u00e8rement les questions pos\u00e9es pour obtenir plus d\u2019informations\n                    <\/p>\n                                            <\/div>\n                            <div class=\"card-icon__footer\">\n                                    <p>\n                        <a\n                                class=\"card-icon__button button button--full-width button--ghost\"\n                                href=\"https:\/\/www.rapoo-eu.com\/fr\/support\/\"\n                                                                target=\"\"\n                        >\n                            Visitez le centre d\u2019assistance\n                        <\/a>\n                    <\/p>\n                \n                            <\/div>\n        \n    <\/div>\n<\/div>    <\/section>\n<\/div>\n<\/div>\n\n\n\n<div class=\"row wp-block-advanced-bootstrap-blocks-row\">\n<div class=\"col wp-block-advanced-bootstrap-blocks-column\"><link rel=\"stylesheet\" href=\"https:\/\/www.rapoo-eu.com\/fr\/wp-content\/themes\/bmade\/dist\/css\/bmade.rich-text.css?ver=1754292888\" type=\"text\/css\" media=\"all\">\n\n<section class=\"section section--rich-text rich-text\">\n    <div class=\"rich-text__inner\">\n        <h2><strong>Foire Aux Questions\u00a0: E9500M<\/strong><\/h2>\n<p>Veuillez consulter notre foire aux questions pour trouver des r\u00e9ponses et des solutions aux questions courantes.<\/p>\n\n    <\/div>\n<\/section><\/div>\n<\/div>\n\n\n\n<div class=\"row wp-block-advanced-bootstrap-blocks-row\">\n<div class=\"col wp-block-advanced-bootstrap-blocks-column\"><link rel=\"stylesheet\" href=\"https:\/\/www.rapoo-eu.com\/fr\/wp-content\/themes\/bmade\/dist\/css\/bmade.faq.css?ver=1754292888\" type=\"text\/css\" media=\"all\">\n\n\n<section class=\"section section--faq faq-section\">\n\n    \n            <div class=\"faq__item\" data-index=\"0\">\n            <h3 class=\"h4 faq__question\" @click.prevent=\"toggleSlide(0)\">\n                Comment connecter le E9500M \u00e0 un MacBook\/PC fixe\/PC portable via Bluetooth ?\n                <span class=\"icon icon--read-more faq__icon faq__icon--read-more\">\n                    <svg xmlns=\"http:\/\/www.w3.org\/2000\/svg\" viewBox=\"0 0 320 512\">\n                        <path d=\"M285.476 272.971L91.132 467.314c-9.373 9.373-24.569 9.373-33.941 0l-22.667-22.667c-9.357-9.357-9.375-24.522-.04-33.901L188.505 256 34.484 101.255c-9.335-9.379-9.317-24.544.04-33.901l22.667-22.667c9.373-9.373 24.569-9.373 33.941 0L285.475 239.03c9.373 9.372 9.373 24.568.001 33.941z\"\/>\n                    <\/svg>\n                <\/span>\n            <\/h3>\n            <div class=\"faq__answer-wrapper\">\n                <div class=\"faq__answer\">\n                    <p>1. Allumez le clavier.<br \/>\n2. Appuyez sur le bouton Fn + bouton canal 1\/2\/3 (le clavier est d\u00e9couvrable au moins 60 secondes).<br \/>\n3. Allez dans le panneau Bluetooth de votre appareil.<br \/>\n4. Recherchez le clavier Rapoo et cliquez sur Connecter.<\/p>\n\n                <\/div>\n            <\/div>\n        <\/div>\n            <div class=\"faq__item\" data-index=\"1\">\n            <h3 class=\"h4 faq__question\" @click.prevent=\"toggleSlide(1)\">\n                Comment connecter le E9500M \u00e0 un MacBook\/PC fixe\/PC portable via une transmission sans fil \u00e0 2,4 GHz avec un r\u00e9cepteur USB ?\n                <span class=\"icon icon--read-more faq__icon faq__icon--read-more\">\n                    <svg xmlns=\"http:\/\/www.w3.org\/2000\/svg\" viewBox=\"0 0 320 512\">\n                        <path d=\"M285.476 272.971L91.132 467.314c-9.373 9.373-24.569 9.373-33.941 0l-22.667-22.667c-9.357-9.357-9.375-24.522-.04-33.901L188.505 256 34.484 101.255c-9.335-9.379-9.317-24.544.04-33.901l22.667-22.667c9.373-9.373 24.569-9.373 33.941 0L285.475 239.03c9.373 9.372 9.373 24.568.001 33.941z\"\/>\n                    <\/svg>\n                <\/span>\n            <\/h3>\n            <div class=\"faq__answer-wrapper\">\n                <div class=\"faq__answer\">\n                    <p>1. Retirez le r\u00e9cepteur du clavier.<br \/>\n2. Placez le r\u00e9cepteur dans le port USB d\u2019un PC ou d\u2019un ordinateur portable.<\/p>\n\n                <\/div>\n            <\/div>\n        <\/div>\n            <div class=\"faq__item\" data-index=\"2\">\n            <h3 class=\"h4 faq__question\" @click.prevent=\"toggleSlide(2)\">\n                Comment connecter le E9500M \u00e0 un iPad ou un iPhone ?\n                <span class=\"icon icon--read-more faq__icon faq__icon--read-more\">\n                    <svg xmlns=\"http:\/\/www.w3.org\/2000\/svg\" viewBox=\"0 0 320 512\">\n                        <path d=\"M285.476 272.971L91.132 467.314c-9.373 9.373-24.569 9.373-33.941 0l-22.667-22.667c-9.357-9.357-9.375-24.522-.04-33.901L188.505 256 34.484 101.255c-9.335-9.379-9.317-24.544.04-33.901l22.667-22.667c9.373-9.373 24.569-9.373 33.941 0L285.475 239.03c9.373 9.372 9.373 24.568.001 33.941z\"\/>\n                    <\/svg>\n                <\/span>\n            <\/h3>\n            <div class=\"faq__answer-wrapper\">\n                <div class=\"faq__answer\">\n                    <p>1. Allumez le clavier.<br \/>\n2. Appuyez sur le bouton Fn + bouton canal 1\/2\/3 (le clavier est d\u00e9couvrable au moins 60 secondes).<br \/>\n3. Allez dans les param\u00e8tres Bluetooth de votre t\u00e9l\u00e9phone.<br \/>\n4. Recherchez le clavier Rapoo (RAPOO BLE KB) et cliquez sur Connecter.<\/p>\n\n                <\/div>\n            <\/div>\n        <\/div>\n            <div class=\"faq__item\" data-index=\"3\">\n            <h3 class=\"h4 faq__question\" @click.prevent=\"toggleSlide(3)\">\n                Comment connecter le E9500M \u00e0 une tablette ou un smartphone Android ?\n                <span class=\"icon icon--read-more faq__icon faq__icon--read-more\">\n                    <svg xmlns=\"http:\/\/www.w3.org\/2000\/svg\" viewBox=\"0 0 320 512\">\n                        <path d=\"M285.476 272.971L91.132 467.314c-9.373 9.373-24.569 9.373-33.941 0l-22.667-22.667c-9.357-9.357-9.375-24.522-.04-33.901L188.505 256 34.484 101.255c-9.335-9.379-9.317-24.544.04-33.901l22.667-22.667c9.373-9.373 24.569-9.373 33.941 0L285.475 239.03c9.373 9.372 9.373 24.568.001 33.941z\"\/>\n                    <\/svg>\n                <\/span>\n            <\/h3>\n            <div class=\"faq__answer-wrapper\">\n                <div class=\"faq__answer\">\n                    <p>1. Allumez le clavier.<br \/>\n2. Appuyez sur le bouton Fn + bouton canal 1\/2\/3 (le clavier est d\u00e9couvrable au moins 60 secondes).<br \/>\n3. Allez dans les param\u00e8tres Bluetooth de votre t\u00e9l\u00e9phone.<br \/>\n4. Recherchez le clavier Rapoo (RAPOO BLE KB) et cliquez sur Connecter.<\/p>\n\n                <\/div>\n            <\/div>\n        <\/div>\n            <div class=\"faq__item\" data-index=\"4\">\n            <h3 class=\"h4 faq__question\" @click.prevent=\"toggleSlide(4)\">\n                Comment commuter entre plusieurs appareils avec le E9500M ?\n                <span class=\"icon icon--read-more faq__icon faq__icon--read-more\">\n                    <svg xmlns=\"http:\/\/www.w3.org\/2000\/svg\" viewBox=\"0 0 320 512\">\n                        <path d=\"M285.476 272.971L91.132 467.314c-9.373 9.373-24.569 9.373-33.941 0l-22.667-22.667c-9.357-9.357-9.375-24.522-.04-33.901L188.505 256 34.484 101.255c-9.335-9.379-9.317-24.544.04-33.901l22.667-22.667c9.373-9.373 24.569-9.373 33.941 0L285.475 239.03c9.373 9.372 9.373 24.568.001 33.941z\"\/>\n                    <\/svg>\n                <\/span>\n            <\/h3>\n            <div class=\"faq__answer-wrapper\">\n                <div class=\"faq__answer\">\n                    <p>1. Allumez votre clavier.<br \/>\n2. Connectez-le \u00e0 vos p\u00e9riph\u00e9riques de travail via Bluetooth ou le r\u00e9cepteur USB.<br \/>\n3. Appuyez sur le bouton Fn + le bouton de canal de votre clavier (1 \/ 2 \/3 \/ 4) pour passer d\u2019un appareil connect\u00e9 \u00e0 l\u2019autre.<\/p>\n\n                <\/div>\n            <\/div>\n        <\/div>\n            <div class=\"faq__item\" data-index=\"5\">\n            <h3 class=\"h4 faq__question\" @click.prevent=\"toggleSlide(5)\">\n                Comment r\u00e9tablir la transmission sans fil \u00e0 2,4 GHz ?\n                <span class=\"icon icon--read-more faq__icon faq__icon--read-more\">\n                    <svg xmlns=\"http:\/\/www.w3.org\/2000\/svg\" viewBox=\"0 0 320 512\">\n                        <path d=\"M285.476 272.971L91.132 467.314c-9.373 9.373-24.569 9.373-33.941 0l-22.667-22.667c-9.357-9.357-9.375-24.522-.04-33.901L188.505 256 34.484 101.255c-9.335-9.379-9.317-24.544.04-33.901l22.667-22.667c9.373-9.373 24.569-9.373 33.941 0L285.475 239.03c9.373 9.372 9.373 24.568.001 33.941z\"\/>\n                    <\/svg>\n                <\/span>\n            <\/h3>\n            <div class=\"faq__answer-wrapper\">\n                <div class=\"faq__answer\">\n                    <p>Apr\u00e8s avoir d\u00e9branch\u00e9 et rebranch\u00e9 le r\u00e9cepteur USB, dans les 30 secondes, \u00e9teignez la souris, puis allumez-la en appuyant sur la touche gauche.<\/p>\n\n                <\/div>\n            <\/div>\n        <\/div>\n            <div class=\"faq__item\" data-index=\"6\">\n            <h3 class=\"h4 faq__question\" @click.prevent=\"toggleSlide(6)\">\n                J\u2019ai perdu\/cass\u00e9 le r\u00e9cepteur USB (dongle). Puis-je obtenir un nouveau r\u00e9cepteur USB ?\n                <span class=\"icon icon--read-more faq__icon faq__icon--read-more\">\n                    <svg xmlns=\"http:\/\/www.w3.org\/2000\/svg\" viewBox=\"0 0 320 512\">\n                        <path d=\"M285.476 272.971L91.132 467.314c-9.373 9.373-24.569 9.373-33.941 0l-22.667-22.667c-9.357-9.357-9.375-24.522-.04-33.901L188.505 256 34.484 101.255c-9.335-9.379-9.317-24.544.04-33.901l22.667-22.667c9.373-9.373 24.569-9.373 33.941 0L285.475 239.03c9.373 9.372 9.373 24.568.001 33.941z\"\/>\n                    <\/svg>\n                <\/span>\n            <\/h3>\n            <div class=\"faq__answer-wrapper\">\n                <div class=\"faq__answer\">\n                    <p>Il n\u2019est pas possible de fournir un r\u00e9cepteur de remplacement pour ce produit.<br \/>\nEn effet, au cours de la production, un code unique est attribu\u00e9 au produit et au r\u00e9cepteur Nano USB (dongle), de sorte que le produit ne peut communiquer qu\u2019avec le r\u00e9cepteur original fourni. Ce processus de production est \u00e9galement effectu\u00e9 pour des raisons de s\u00e9curit\u00e9.<\/p>\n\n                <\/div>\n            <\/div>\n        <\/div>\n            <div class=\"faq__item\" data-index=\"7\">\n            <h3 class=\"h4 faq__question\" @click.prevent=\"toggleSlide(7)\">\n                Je viens d\u2019acheter le produit et je ne trouve pas le r\u00e9cepteur USB. O\u00f9 est-il ?\n                <span class=\"icon icon--read-more faq__icon faq__icon--read-more\">\n                    <svg xmlns=\"http:\/\/www.w3.org\/2000\/svg\" viewBox=\"0 0 320 512\">\n                        <path d=\"M285.476 272.971L91.132 467.314c-9.373 9.373-24.569 9.373-33.941 0l-22.667-22.667c-9.357-9.357-9.375-24.522-.04-33.901L188.505 256 34.484 101.255c-9.335-9.379-9.317-24.544.04-33.901l22.667-22.667c9.373-9.373 24.569-9.373 33.941 0L285.475 239.03c9.373 9.372 9.373 24.568.001 33.941z\"\/>\n                    <\/svg>\n                <\/span>\n            <\/h3>\n            <div class=\"faq__answer-wrapper\">\n                <div class=\"faq__answer\">\n                    <p>Le r\u00e9cepteur USB se range dans le compartiment \u00e0 piles de la souris. Le compartiment de rangement sp\u00e9cial du r\u00e9cepteur se trouve \u00e0 cet endroit pour que vous puissiez toujours ranger le dongle en toute s\u00e9curit\u00e9 lorsque vous ne l\u2019utilisez pas, afin d\u2019\u00e9viter tout dommage ou perte.<\/p>\n\n                <\/div>\n            <\/div>\n        <\/div>\n            <div class=\"faq__item\" data-index=\"8\">\n            <h3 class=\"h4 faq__question\" @click.prevent=\"toggleSlide(8)\">\n                Mon produit est d\u00e9fectueux. Que puis-je faire ?\n                <span class=\"icon icon--read-more faq__icon faq__icon--read-more\">\n                    <svg xmlns=\"http:\/\/www.w3.org\/2000\/svg\" viewBox=\"0 0 320 512\">\n                        <path d=\"M285.476 272.971L91.132 467.314c-9.373 9.373-24.569 9.373-33.941 0l-22.667-22.667c-9.357-9.357-9.375-24.522-.04-33.901L188.505 256 34.484 101.255c-9.335-9.379-9.317-24.544.04-33.901l22.667-22.667c9.373-9.373 24.569-9.373 33.941 0L285.475 239.03c9.373 9.372 9.373 24.568.001 33.941z\"\/>\n                    <\/svg>\n                <\/span>\n            <\/h3>\n            <div class=\"faq__answer-wrapper\">\n                <div class=\"faq__answer\">\n                    <p>Nous offrons une garantie \u00ab retour au d\u00e9taillant \u00bb sur nos produits. En cas de d\u00e9faut, veuillez retourner le produit \u00e0 votre d\u00e9taillant avec une description claire du probl\u00e8me, une preuve d\u2019achat et tous les accessoires. Pendant la p\u00e9riode de garantie, vous recevrez un produit de remplacement de la part du d\u00e9taillant, si disponible.<\/p>\n\n                <\/div>\n            <\/div>\n        <\/div>\n    \n<\/section>\n\n\n\n<section class=\"section section--rich-text rich-text\">\n    <div class=\"rich-text__inner\">\n        <h3><strong>Vous n\u2019avez pas trouv\u00e9 la r\u00e9ponse dans la FAQ ?<\/strong><\/h3>\n<p><a href=\"https:\/\/www.rapoo-eu.com\/contact\/\">Contactez-nous <\/a>et compl\u00e9tez le formulaire en fournissant le plus d\u2019informations possible.\u00a0L\u2019un de nos techniciens d\u2019assistance vous aidera d\u00e8s que possible.<\/p>\n\n    <\/div>\n<\/section>\n\n\n\n<section class=\"section section--rich-text rich-text\">\n    <div class=\"rich-text__inner\">\n        <h2 data-start=\"90\" data-end=\"115\"><strong data-start=\"94\" data-end=\"113\">Tutoriels vid\u00e9o<\/strong><\/h2>\n<p data-start=\"116\" data-end=\"276\"><strong data-start=\"116\" data-end=\"168\">Connexion d\u2019un clavier sans fil multi-mode Rapoo<\/strong><br data-start=\"168\" data-end=\"171\" \/>Veuillez regarder le tutoriel vid\u00e9o pour un guide \u00e9tape par \u00e9tape sur notre <a class=\"\" href=\"#\" rel=\"noopener\" data-start=\"247\" data-end=\"275\">page de tutoriels vid\u00e9o<\/a>.<\/p>\n<div id=\"info\" class=\"style-scope ytd-video-primary-info-renderer\">\n<div><\/div>\n<\/div>\n\n    <\/div>\n<\/section><\/div>\n<\/div>\n<\/div>\n","protected":false},"excerpt":{"rendered":"","protected":false},"author":9,"featured_media":0,"parent":1800,"menu_order":0,"comment_status":"closed","ping_status":"closed","template":"page-content.php","meta":[],"acf":[],"yoast_head":"<!-- This site is optimized with the Yoast SEO plugin v22.9 - https:\/\/yoast.com\/wordpress\/plugins\/seo\/ -->\n<title>E9500M Support - French new<\/title>\n<meta name=\"description\" content=\"Need help with your MT550 multi-mode wireless mouse? Here you can find MT550 user manual with simple step by step instructions, video tutorials, and answers to frequently asked questions.\" \/>\n<meta name=\"robots\" content=\"index, follow, max-snippet:-1, max-image-preview:large, max-video-preview:-1\" \/>\n<link rel=\"canonical\" href=\"https:\/\/www.rapoo-eu.com\/fr\/support\/keyboard-support\/e9500-support\/\" \/>\n<meta property=\"og:locale\" content=\"fr_FR\" \/>\n<meta property=\"og:type\" content=\"article\" \/>\n<meta property=\"og:title\" content=\"E9500M Support - French new\" \/>\n<meta property=\"og:description\" content=\"Need help with your MT550 multi-mode wireless mouse? Here you can find MT550 user manual with simple step by step instructions, video tutorials, and answers to frequently asked questions.\" \/>\n<meta property=\"og:url\" content=\"https:\/\/www.rapoo-eu.com\/fr\/support\/keyboard-support\/e9500-support\/\" \/>\n<meta property=\"og:site_name\" content=\"French new\" \/>\n<meta property=\"article:modified_time\" content=\"2025-07-16T13:57:22+00:00\" \/>\n<meta name=\"twitter:card\" content=\"summary_large_image\" \/>\n<script type=\"application\/ld+json\" class=\"yoast-schema-graph\">{\"@context\":\"https:\/\/schema.org\",\"@graph\":[{\"@type\":\"WebPage\",\"@id\":\"https:\/\/www.rapoo-eu.com\/fr\/support\/keyboard-support\/e9500-support\/\",\"url\":\"https:\/\/www.rapoo-eu.com\/fr\/support\/keyboard-support\/e9500-support\/\",\"name\":\"E9500M Support - French new\",\"isPartOf\":{\"@id\":\"https:\/\/www.rapoo-eu.com\/fr\/#website\"},\"datePublished\":\"2020-08-11T09:14:14+00:00\",\"dateModified\":\"2025-07-16T13:57:22+00:00\",\"description\":\"Need help with your MT550 multi-mode wireless mouse? Here you can find MT550 user manual with simple step by step instructions, video tutorials, and answers to frequently asked questions.\",\"breadcrumb\":{\"@id\":\"https:\/\/www.rapoo-eu.com\/fr\/support\/keyboard-support\/e9500-support\/#breadcrumb\"},\"inLanguage\":\"fr-FR\",\"potentialAction\":[{\"@type\":\"ReadAction\",\"target\":[\"https:\/\/www.rapoo-eu.com\/fr\/support\/keyboard-support\/e9500-support\/\"]}]},{\"@type\":\"BreadcrumbList\",\"@id\":\"https:\/\/www.rapoo-eu.com\/fr\/support\/keyboard-support\/e9500-support\/#breadcrumb\",\"itemListElement\":[{\"@type\":\"ListItem\",\"position\":1,\"name\":\"Home\",\"item\":\"https:\/\/www.rapoo-eu.com\/fr\/\"},{\"@type\":\"ListItem\",\"position\":2,\"name\":\"Support\",\"item\":\"https:\/\/www.rapoo-eu.com\/fr\/support\/\"},{\"@type\":\"ListItem\",\"position\":3,\"name\":\"Assistance pour Claviers\",\"item\":\"https:\/\/www.rapoo-eu.com\/fr\/support\/keyboard-support\/\"},{\"@type\":\"ListItem\",\"position\":4,\"name\":\"E9500M Support\"}]},{\"@type\":\"WebSite\",\"@id\":\"https:\/\/www.rapoo-eu.com\/fr\/#website\",\"url\":\"https:\/\/www.rapoo-eu.com\/fr\/\",\"name\":\"French new\",\"description\":\"Wireless Your Life\",\"potentialAction\":[{\"@type\":\"SearchAction\",\"target\":{\"@type\":\"EntryPoint\",\"urlTemplate\":\"https:\/\/www.rapoo-eu.com\/fr\/?s={search_term_string}\"},\"query-input\":\"required name=search_term_string\"}],\"inLanguage\":\"fr-FR\"}]}<\/script>\n<!-- \/ Yoast SEO plugin. -->","yoast_head_json":{"title":"E9500M Support - French new","description":"Need help with your MT550 multi-mode wireless mouse? Here you can find MT550 user manual with simple step by step instructions, video tutorials, and answers to frequently asked questions.","robots":{"index":"index","follow":"follow","max-snippet":"max-snippet:-1","max-image-preview":"max-image-preview:large","max-video-preview":"max-video-preview:-1"},"canonical":"https:\/\/www.rapoo-eu.com\/fr\/support\/keyboard-support\/e9500-support\/","og_locale":"fr_FR","og_type":"article","og_title":"E9500M Support - French new","og_description":"Need help with your MT550 multi-mode wireless mouse? Here you can find MT550 user manual with simple step by step instructions, video tutorials, and answers to frequently asked questions.","og_url":"https:\/\/www.rapoo-eu.com\/fr\/support\/keyboard-support\/e9500-support\/","og_site_name":"French new","article_modified_time":"2025-07-16T13:57:22+00:00","twitter_card":"summary_large_image","schema":{"@context":"https:\/\/schema.org","@graph":[{"@type":"WebPage","@id":"https:\/\/www.rapoo-eu.com\/fr\/support\/keyboard-support\/e9500-support\/","url":"https:\/\/www.rapoo-eu.com\/fr\/support\/keyboard-support\/e9500-support\/","name":"E9500M Support - French new","isPartOf":{"@id":"https:\/\/www.rapoo-eu.com\/fr\/#website"},"datePublished":"2020-08-11T09:14:14+00:00","dateModified":"2025-07-16T13:57:22+00:00","description":"Need help with your MT550 multi-mode wireless mouse? Here you can find MT550 user manual with simple step by step instructions, video tutorials, and answers to frequently asked questions.","breadcrumb":{"@id":"https:\/\/www.rapoo-eu.com\/fr\/support\/keyboard-support\/e9500-support\/#breadcrumb"},"inLanguage":"fr-FR","potentialAction":[{"@type":"ReadAction","target":["https:\/\/www.rapoo-eu.com\/fr\/support\/keyboard-support\/e9500-support\/"]}]},{"@type":"BreadcrumbList","@id":"https:\/\/www.rapoo-eu.com\/fr\/support\/keyboard-support\/e9500-support\/#breadcrumb","itemListElement":[{"@type":"ListItem","position":1,"name":"Home","item":"https:\/\/www.rapoo-eu.com\/fr\/"},{"@type":"ListItem","position":2,"name":"Support","item":"https:\/\/www.rapoo-eu.com\/fr\/support\/"},{"@type":"ListItem","position":3,"name":"Assistance pour Claviers","item":"https:\/\/www.rapoo-eu.com\/fr\/support\/keyboard-support\/"},{"@type":"ListItem","position":4,"name":"E9500M Support"}]},{"@type":"WebSite","@id":"https:\/\/www.rapoo-eu.com\/fr\/#website","url":"https:\/\/www.rapoo-eu.com\/fr\/","name":"French new","description":"Wireless Your Life","potentialAction":[{"@type":"SearchAction","target":{"@type":"EntryPoint","urlTemplate":"https:\/\/www.rapoo-eu.com\/fr\/?s={search_term_string}"},"query-input":"required name=search_term_string"}],"inLanguage":"fr-FR"}]}},"_links":{"self":[{"href":"https:\/\/www.rapoo-eu.com\/fr\/wp-json\/wp\/v2\/pages\/3529"}],"collection":[{"href":"https:\/\/www.rapoo-eu.com\/fr\/wp-json\/wp\/v2\/pages"}],"about":[{"href":"https:\/\/www.rapoo-eu.com\/fr\/wp-json\/wp\/v2\/types\/page"}],"author":[{"embeddable":true,"href":"https:\/\/www.rapoo-eu.com\/fr\/wp-json\/wp\/v2\/users\/9"}],"replies":[{"embeddable":true,"href":"https:\/\/www.rapoo-eu.com\/fr\/wp-json\/wp\/v2\/comments?post=3529"}],"version-history":[{"count":45,"href":"https:\/\/www.rapoo-eu.com\/fr\/wp-json\/wp\/v2\/pages\/3529\/revisions"}],"predecessor-version":[{"id":15571,"href":"https:\/\/www.rapoo-eu.com\/fr\/wp-json\/wp\/v2\/pages\/3529\/revisions\/15571"}],"up":[{"embeddable":true,"href":"https:\/\/www.rapoo-eu.com\/fr\/wp-json\/wp\/v2\/pages\/1800"}],"wp:attachment":[{"href":"https:\/\/www.rapoo-eu.com\/fr\/wp-json\/wp\/v2\/media?parent=3529"}],"curies":[{"name":"wp","href":"https:\/\/api.w.org\/{rel}","templated":true}]}}