{"id":13348,"date":"2024-08-19T15:49:38","date_gmt":"2024-08-19T13:49:38","guid":{"rendered":"https:\/\/www.rapoo-eu.com\/fr\/?post_type=product&#038;p=13348"},"modified":"2025-07-16T13:14:42","modified_gmt":"2025-07-16T11:14:42","slug":"wm1-2","status":"publish","type":"product","link":"https:\/\/www.rapoo-eu.com\/fr\/product\/wm1-2\/","title":{"rendered":"WM1"},"content":{"rendered":"\n<div class=\"container wp-block-advanced-bootstrap-blocks-container\">\n<div class=\"row wp-block-advanced-bootstrap-blocks-row\">\n<div class=\"col wp-block-advanced-bootstrap-blocks-column\"><link rel=\"stylesheet\" href=\"https:\/\/www.rapoo-eu.com\/fr\/wp-content\/themes\/bmade\/dist\/css\/bmade.submenu.css?ver=1754292888\" type=\"text\/css\" media=\"all\">\n\n<section class=\"section--submenu submenu-wrapper\">\n    <ul>\n                    <li>\n                <a href=\"#features-anchor\" alt=\"Caract\u00e9ristiques\">\n                    Caract\u00e9ristiques\n                <\/a>\n            <\/li>\n                    <li>\n                <a href=\"#downloads-anchor\" alt=\"T\u00e9l\u00e9chargements et assistance\">\n                    T\u00e9l\u00e9chargements et assistance\n                <\/a>\n            <\/li>\n                    <li>\n                <a href=\"#specifications-anchor\" alt=\"Sp\u00e9cifications\">\n                    Sp\u00e9cifications\n                <\/a>\n            <\/li>\n            <\/ul>\n<\/section><\/div>\n<\/div>\n<\/div>\n\n\n\n<div id=\"features-anchor\" class=\"container wp-block-advanced-bootstrap-blocks-container\">\n<div class=\"row wp-block-advanced-bootstrap-blocks-row align-items-center\">\n<div class=\"col wp-block-advanced-bootstrap-blocks-column\"><link rel=\"stylesheet\" href=\"https:\/\/www.rapoo-eu.com\/fr\/wp-content\/themes\/bmade\/dist\/css\/bmade.image-single.css?ver=1754292888\" type=\"text\/css\" media=\"all\">\n\n<section class=\"image-single\">\n             <picture class=\"\">\n                        <source srcset=\"https:\/\/www.rapoo-eu.com\/fr\/wp-content\/uploads\/sites\/15\/2024\/05\/WM1_black-1024x0-c-default.webp\" type=\"image\/webp\">\n            <source srcset=\"https:\/\/www.rapoo-eu.com\/fr\/wp-content\/uploads\/sites\/15\/2024\/05\/WM1_black-1024x0-c-default.png\">\n            \n    <img src=\"data:image\/gif;base64,R0lGODlhAQABAAAAACH5BAEKAAEALAAAAAABAAEAAAICTAEAOw==\"\n         alt=\"\"\n         data-cookieconsent=\"ignore\"\n         class=\"image-single__img b-lazy\"\n                  width=\"1024\"    \/>\n    <\/picture>        <\/section><\/div>\n\n\n\n<div class=\"col wp-block-advanced-bootstrap-blocks-column\"><link rel=\"stylesheet\" href=\"https:\/\/www.rapoo-eu.com\/fr\/wp-content\/themes\/bmade\/dist\/css\/bmade.rich-text.css?ver=1754292888\" type=\"text\/css\" media=\"all\">\n\n<section class=\"section section--rich-text rich-text\">\n    <div class=\"rich-text__inner\">\n        <div class=\"page\" title=\"Page 2\">\n<div class=\"section\">\n<div class=\"layoutArea\">\n<div class=\"column\">\n<div class=\"rich-text__intro\">\n<h2 data-start=\"99\" data-end=\"138\"><strong data-start=\"103\" data-end=\"138\">Module de Recharge Sans Fil WM1<\/strong><\/h2>\n<p data-start=\"140\" data-end=\"676\">Am\u00e9liorez votre espace de travail avec la <strong data-start=\"182\" data-end=\"217\">Module de Recharge Sans Fil WM1<\/strong> !<br data-start=\"219\" data-end=\"222\" \/>Cette module est sp\u00e9cialement con\u00e7ue pour les souris <strong data-start=\"275\" data-end=\"285\">MT760M<\/strong> et <strong data-start=\"289\" data-end=\"299\">MT760L<\/strong>, vous permettant de recharger votre souris sans effort. Il suffit de fixer le <strong data-start=\"378\" data-end=\"385\">WM1<\/strong> sous la souris, puis de la placer sur un socle de recharge sans fil pour une recharge instantan\u00e9e.<br data-start=\"484\" data-end=\"487\" data-is-only-node=\"\" \/>Fini les piles ou les c\u00e2bles encombrants \u2013 votre souris est toujours charg\u00e9e et pr\u00eate \u00e0 l\u2019emploi.<br data-start=\"584\" data-end=\"587\" \/>Profitez d\u2019une libert\u00e9 totale et boostez votre productivit\u00e9 gr\u00e2ce \u00e0 la recharge sans fil.<\/p>\n<p data-start=\"678\" data-end=\"715\"><strong data-start=\"678\" data-end=\"715\">Compatible avec : MT760M &amp; MT760L<\/strong><\/p>\n<\/div>\n<\/div>\n<\/div>\n<\/div>\n<\/div>\n\n    <\/div>\n<\/section><\/div>\n<\/div>\n<\/div>\n\n\n\n<div id=\"downloads-anchor\" class=\"container wp-block-advanced-bootstrap-blocks-container container--gray\">\n<div class=\"row wp-block-advanced-bootstrap-blocks-row align-items-center\">\n<div class=\"col wp-block-advanced-bootstrap-blocks-column\"><link rel=\"stylesheet\" href=\"https:\/\/www.rapoo-eu.com\/fr\/wp-content\/themes\/bmade\/dist\/css\/bmade.variable-blocks.css?ver=1754292888\" type=\"text\/css\" media=\"all\">\n\n\n    \n\n\n<section \n    class=\"section section--variable-blocks variable-blocks variable-blocks--icon \">\n            <div class=\"card-icon\">\n    <div class=\"card-icon__inner\">\n                    <div class=\"card-icon__content\">\n                                    <figure class=\"card-icon__icon-figure\">\n                        <img alt=\"Manuel de l\u2019utilisateur\" src=\"https:\/\/www.rapoo-eu.com\/fr\/wp-content\/uploads\/sites\/15\/2020\/06\/Infobox_info_icon-black.png\"\/>\n                    <\/figure>\n                \n                                    <h3 class=\"h3 card-icon__title\">\n                        Manuel de l\u2019utilisateur\n                    <\/h3>\n                                                    <p class=\"card-icon__caption\">\n                        T\u00e9l\u00e9chargez le guide de d\u00e9marrage rapide pour ce produit\n                    <\/p>\n                                            <\/div>\n                            <div class=\"card-icon__footer\">\n                                    <p>\n                        <a\n                                class=\"card-icon__button button button--full-width button--ghost\"\n                                href=\"https:\/\/www.rapoo-eu.com\/fr\/wm1-support\/\"\n                                                                target=\"\"\n                        >\n                            T\u00e9l\u00e9charger\n                        <\/a>\n                    <\/p>\n                \n                            <\/div>\n        \n    <\/div>\n<\/div>    <\/section>\n<\/div>\n\n\n\n<div class=\"col wp-block-advanced-bootstrap-blocks-column\">\n\n\n    \n\n\n<section \n    class=\"section section--variable-blocks variable-blocks variable-blocks--icon \">\n            <div class=\"card-icon\">\n    <div class=\"card-icon__inner\">\n                    <div class=\"card-icon__content\">\n                                    <figure class=\"card-icon__icon-figure\">\n                        <img alt=\"Assistance \u00e9tendue\" src=\"https:\/\/www.rapoo-eu.com\/fr\/wp-content\/uploads\/sites\/15\/2020\/06\/Windows-2.png\"\/>\n                    <\/figure>\n                \n                                    <h3 class=\"h3 card-icon__title\">\n                        Assistance \u00e9tendue\n                    <\/h3>\n                                                    <p class=\"card-icon__caption\">\n                        Consultez les questions fr\u00e9quemment pos\u00e9es et regardez nos didacticiels vid\u00e9o\n                    <\/p>\n                                            <\/div>\n                            <div class=\"card-icon__footer\">\n                                    <p>\n                        <a\n                                class=\"card-icon__button button button--full-width button--ghost\"\n                                href=\"https:\/\/www.rapoo-eu.com\/fr\/wm1-support\/\"\n                                                                target=\"\"\n                        >\n                            Visitez le centre d\u2019assistance\n                        <\/a>\n                    <\/p>\n                \n                                    <p class=\"text-center\">\n                        <a\n                                class=\"card-icon__link\"\n                                href=\"https:\/\/www.rapoo-eu.com\/fr\/support\/\"\n                                                                target=\"\"\n                        >\n                            FAQ\n                        <\/a>\n                    <\/p>\n                            <\/div>\n        \n    <\/div>\n<\/div>    <\/section>\n<\/div>\n<\/div>\n<\/div>\n\n\n\n<div id=\"specifications-anchor\" class=\"container wp-block-advanced-bootstrap-blocks-container\">\n<div class=\"row wp-block-advanced-bootstrap-blocks-row\">\n<div class=\"col wp-block-advanced-bootstrap-blocks-column\"><h2 class=\"h2 section__title text-left \">Sp\u00e9cifications<\/h2>\n\n\n\n\n<section class=\"section section--rich-text rich-text\">\n    <div class=\"rich-text__inner\">\n        \n\n    <\/div>\n<\/section><\/div>\n<\/div>\n<\/div>\n\n\n\t<section class=\"section section--cta cta\">\n\t\t<link rel=\"stylesheet\" href=\"https:\/\/www.rapoo-eu.com\/fr\/wp-content\/themes\/bmade\/dist\/css\/bmade.cta.css?ver=1754292888\" type=\"text\/css\" media=\"all\">\n\t\t<div class=\"cta__inner\">\n\t\t\t<div class=\"cta__content\">\n\t\t\t\t<div class=\"row align-items-center\">\n\t\t\t\t\t<div class=\"col-24 col-md col-lg-18\">\n\t\t\t\t\t\t\t\t\t\t\t\t\t<h3 class=\"h2 cta__title\">Trouver un revendeur<\/h3>\n\t\t\t\t\t\t\t\t\t\t\t\t\t\t\t\t\t\t\t<span class=\"cta__caption\">Souhaitez-vous savoir o\u00f9 vous pouvez acheter ce produit?<\/span>\n\t\t\t\t\t\t\t\t\t\t\t<\/div>\n\t\t\t\t\t\t\t\t\t\t\t<div class=\"col-24 col-md-8 col-lg-6\">\n\t\t\t\t\t\t\t<a href=\"https:\/\/www.rapoo-eu.com\/fr\/where-to-buy\/\" target=\"\" class=\"button button--full-width button--green cta__button float-md-right\" title=\"O\u00f9 acheter?\">\n\t\t\t\t\t\t\t\tO\u00f9 acheter?\n\t\t\t\t\t\t\t<\/a>\n\t\t\t\t\t\t<\/div>\n\t\t\t\t\t\t\t\t\t<\/div>\n\t\t\t<\/div>\n\t\t<\/div>\n\t<\/section>\n","protected":false},"excerpt":{"rendered":"<ul>\n<li data-start=\"127\" data-end=\"241\"><strong data-start=\"127\" data-end=\"151\">Int\u00e9gration parfaite<\/strong> : Se fixe facilement aux souris <strong data-start=\"184\" data-end=\"194\">MT760M<\/strong> et <strong data-start=\"198\" data-end=\"208\">MT760L<\/strong> pour une recharge sans effort.<\/li>\n<li data-start=\"127\" data-end=\"241\"><strong data-start=\"244\" data-end=\"266\">Commodit\u00e9 sans fil<\/strong> : Plus besoin de c\u00e2bles ni de piles \u2013 il suffit de poser votre souris sur un socle de recharge.<\/li>\n<li data-start=\"127\" data-end=\"241\"><strong data-start=\"367\" data-end=\"385\">Toujours pr\u00eate<\/strong> : Votre souris reste charg\u00e9e en permanence et pr\u00eate \u00e0 l\u2019emploi.<\/li>\n<li data-start=\"127\" data-end=\"241\"><strong data-start=\"454\" data-end=\"472\">Design \u00e9l\u00e9gant<\/strong> : Accessoire discret qui s\u2019int\u00e8gre parfaitement au design de votre souris.<\/li>\n<li data-start=\"127\" data-end=\"241\"><strong data-start=\"552\" data-end=\"578\">Productivit\u00e9 renforc\u00e9e<\/strong> : Aucune interruption li\u00e9e \u00e0 la recharge \u2013 travaillez sans interruption.<\/li>\n<\/ul>\n","protected":false},"featured_media":14478,"template":"","meta":[],"product_cat":[78],"product_tag":[],"acf":[],"yoast_head":"<!-- This site is optimized with the Yoast SEO plugin v22.9 - https:\/\/yoast.com\/wordpress\/plugins\/seo\/ -->\n<title>WM1 - French new<\/title>\n<meta name=\"robots\" content=\"index, follow, max-snippet:-1, max-image-preview:large, max-video-preview:-1\" \/>\n<link rel=\"canonical\" href=\"https:\/\/www.rapoo-eu.com\/fr\/product\/wm1-2\/\" \/>\n<meta property=\"og:locale\" content=\"fr_FR\" \/>\n<meta property=\"og:type\" content=\"article\" \/>\n<meta property=\"og:title\" content=\"WM1 - French new\" \/>\n<meta property=\"og:description\" content=\"Int\u00e9gration parfaite : Se fixe facilement aux souris MT760M et MT760L pour une recharge sans effort. Commodit\u00e9 sans fil : Plus besoin de c\u00e2bles ni de piles \u2013 il suffit de poser votre souris sur un socle de recharge. Toujours pr\u00eate : Votre souris reste charg\u00e9e en permanence et pr\u00eate \u00e0 l\u2019emploi. Design \u00e9l\u00e9gant : Accessoire discret qui s\u2019int\u00e8gre parfaitement au design de votre souris. Productivit\u00e9 renforc\u00e9e : Aucune interruption li\u00e9e \u00e0 la recharge \u2013 travaillez sans interruption.\" \/>\n<meta property=\"og:url\" content=\"https:\/\/www.rapoo-eu.com\/fr\/product\/wm1-2\/\" \/>\n<meta property=\"og:site_name\" content=\"French new\" \/>\n<meta property=\"article:modified_time\" content=\"2025-07-16T11:14:42+00:00\" \/>\n<meta property=\"og:image\" content=\"https:\/\/www.rapoo-eu.com\/fr\/wp-content\/uploads\/sites\/15\/2024\/08\/WM1_black.png--e1746092898142.webp\" \/>\n\t<meta property=\"og:image:width\" content=\"1315\" \/>\n\t<meta property=\"og:image:height\" content=\"1345\" \/>\n\t<meta property=\"og:image:type\" content=\"image\/webp\" \/>\n<meta name=\"twitter:card\" content=\"summary_large_image\" \/>\n<meta name=\"twitter:label1\" content=\"Dur\u00e9e de lecture estim\u00e9e\" \/>\n\t<meta name=\"twitter:data1\" content=\"1 minute\" \/>\n<script type=\"application\/ld+json\" class=\"yoast-schema-graph\">{\"@context\":\"https:\/\/schema.org\",\"@graph\":[{\"@type\":\"WebPage\",\"@id\":\"https:\/\/www.rapoo-eu.com\/fr\/product\/wm1-2\/\",\"url\":\"https:\/\/www.rapoo-eu.com\/fr\/product\/wm1-2\/\",\"name\":\"WM1 - French new\",\"isPartOf\":{\"@id\":\"https:\/\/www.rapoo-eu.com\/fr\/#website\"},\"primaryImageOfPage\":{\"@id\":\"https:\/\/www.rapoo-eu.com\/fr\/product\/wm1-2\/#primaryimage\"},\"image\":{\"@id\":\"https:\/\/www.rapoo-eu.com\/fr\/product\/wm1-2\/#primaryimage\"},\"thumbnailUrl\":\"https:\/\/www.rapoo-eu.com\/fr\/wp-content\/uploads\/sites\/15\/2024\/08\/WM1_black.png--e1746092898142.webp\",\"datePublished\":\"2024-08-19T13:49:38+00:00\",\"dateModified\":\"2025-07-16T11:14:42+00:00\",\"breadcrumb\":{\"@id\":\"https:\/\/www.rapoo-eu.com\/fr\/product\/wm1-2\/#breadcrumb\"},\"inLanguage\":\"fr-FR\",\"potentialAction\":[{\"@type\":\"ReadAction\",\"target\":[\"https:\/\/www.rapoo-eu.com\/fr\/product\/wm1-2\/\"]}]},{\"@type\":\"ImageObject\",\"inLanguage\":\"fr-FR\",\"@id\":\"https:\/\/www.rapoo-eu.com\/fr\/product\/wm1-2\/#primaryimage\",\"url\":\"https:\/\/www.rapoo-eu.com\/fr\/wp-content\/uploads\/sites\/15\/2024\/08\/WM1_black.png--e1746092898142.webp\",\"contentUrl\":\"https:\/\/www.rapoo-eu.com\/fr\/wp-content\/uploads\/sites\/15\/2024\/08\/WM1_black.png--e1746092898142.webp\",\"width\":1315,\"height\":1345},{\"@type\":\"BreadcrumbList\",\"@id\":\"https:\/\/www.rapoo-eu.com\/fr\/product\/wm1-2\/#breadcrumb\",\"itemListElement\":[{\"@type\":\"ListItem\",\"position\":1,\"name\":\"Home\",\"item\":\"https:\/\/www.rapoo-eu.com\/fr\/\"},{\"@type\":\"ListItem\",\"position\":2,\"name\":\"Products\",\"item\":\"https:\/\/www.rapoo-eu.com\/fr\/shop\/\"},{\"@type\":\"ListItem\",\"position\":3,\"name\":\"WM1\"}]},{\"@type\":\"WebSite\",\"@id\":\"https:\/\/www.rapoo-eu.com\/fr\/#website\",\"url\":\"https:\/\/www.rapoo-eu.com\/fr\/\",\"name\":\"French new\",\"description\":\"Wireless Your Life\",\"potentialAction\":[{\"@type\":\"SearchAction\",\"target\":{\"@type\":\"EntryPoint\",\"urlTemplate\":\"https:\/\/www.rapoo-eu.com\/fr\/?s={search_term_string}\"},\"query-input\":\"required name=search_term_string\"}],\"inLanguage\":\"fr-FR\"}]}<\/script>\n<!-- \/ Yoast SEO plugin. -->","yoast_head_json":{"title":"WM1 - French new","robots":{"index":"index","follow":"follow","max-snippet":"max-snippet:-1","max-image-preview":"max-image-preview:large","max-video-preview":"max-video-preview:-1"},"canonical":"https:\/\/www.rapoo-eu.com\/fr\/product\/wm1-2\/","og_locale":"fr_FR","og_type":"article","og_title":"WM1 - French new","og_description":"Int\u00e9gration parfaite : Se fixe facilement aux souris MT760M et MT760L pour une recharge sans effort. Commodit\u00e9 sans fil : Plus besoin de c\u00e2bles ni de piles \u2013 il suffit de poser votre souris sur un socle de recharge. Toujours pr\u00eate : Votre souris reste charg\u00e9e en permanence et pr\u00eate \u00e0 l\u2019emploi. Design \u00e9l\u00e9gant : Accessoire discret qui s\u2019int\u00e8gre parfaitement au design de votre souris. Productivit\u00e9 renforc\u00e9e : Aucune interruption li\u00e9e \u00e0 la recharge \u2013 travaillez sans interruption.","og_url":"https:\/\/www.rapoo-eu.com\/fr\/product\/wm1-2\/","og_site_name":"French new","article_modified_time":"2025-07-16T11:14:42+00:00","og_image":[{"width":1315,"height":1345,"url":"https:\/\/www.rapoo-eu.com\/fr\/wp-content\/uploads\/sites\/15\/2024\/08\/WM1_black.png--e1746092898142.webp","type":"image\/webp"}],"twitter_card":"summary_large_image","twitter_misc":{"Dur\u00e9e de lecture estim\u00e9e":"1 minute"},"schema":{"@context":"https:\/\/schema.org","@graph":[{"@type":"WebPage","@id":"https:\/\/www.rapoo-eu.com\/fr\/product\/wm1-2\/","url":"https:\/\/www.rapoo-eu.com\/fr\/product\/wm1-2\/","name":"WM1 - French new","isPartOf":{"@id":"https:\/\/www.rapoo-eu.com\/fr\/#website"},"primaryImageOfPage":{"@id":"https:\/\/www.rapoo-eu.com\/fr\/product\/wm1-2\/#primaryimage"},"image":{"@id":"https:\/\/www.rapoo-eu.com\/fr\/product\/wm1-2\/#primaryimage"},"thumbnailUrl":"https:\/\/www.rapoo-eu.com\/fr\/wp-content\/uploads\/sites\/15\/2024\/08\/WM1_black.png--e1746092898142.webp","datePublished":"2024-08-19T13:49:38+00:00","dateModified":"2025-07-16T11:14:42+00:00","breadcrumb":{"@id":"https:\/\/www.rapoo-eu.com\/fr\/product\/wm1-2\/#breadcrumb"},"inLanguage":"fr-FR","potentialAction":[{"@type":"ReadAction","target":["https:\/\/www.rapoo-eu.com\/fr\/product\/wm1-2\/"]}]},{"@type":"ImageObject","inLanguage":"fr-FR","@id":"https:\/\/www.rapoo-eu.com\/fr\/product\/wm1-2\/#primaryimage","url":"https:\/\/www.rapoo-eu.com\/fr\/wp-content\/uploads\/sites\/15\/2024\/08\/WM1_black.png--e1746092898142.webp","contentUrl":"https:\/\/www.rapoo-eu.com\/fr\/wp-content\/uploads\/sites\/15\/2024\/08\/WM1_black.png--e1746092898142.webp","width":1315,"height":1345},{"@type":"BreadcrumbList","@id":"https:\/\/www.rapoo-eu.com\/fr\/product\/wm1-2\/#breadcrumb","itemListElement":[{"@type":"ListItem","position":1,"name":"Home","item":"https:\/\/www.rapoo-eu.com\/fr\/"},{"@type":"ListItem","position":2,"name":"Products","item":"https:\/\/www.rapoo-eu.com\/fr\/shop\/"},{"@type":"ListItem","position":3,"name":"WM1"}]},{"@type":"WebSite","@id":"https:\/\/www.rapoo-eu.com\/fr\/#website","url":"https:\/\/www.rapoo-eu.com\/fr\/","name":"French new","description":"Wireless Your Life","potentialAction":[{"@type":"SearchAction","target":{"@type":"EntryPoint","urlTemplate":"https:\/\/www.rapoo-eu.com\/fr\/?s={search_term_string}"},"query-input":"required name=search_term_string"}],"inLanguage":"fr-FR"}]}},"_links":{"self":[{"href":"https:\/\/www.rapoo-eu.com\/fr\/wp-json\/wp\/v2\/product\/13348"}],"collection":[{"href":"https:\/\/www.rapoo-eu.com\/fr\/wp-json\/wp\/v2\/product"}],"about":[{"href":"https:\/\/www.rapoo-eu.com\/fr\/wp-json\/wp\/v2\/types\/product"}],"wp:featuredmedia":[{"embeddable":true,"href":"https:\/\/www.rapoo-eu.com\/fr\/wp-json\/wp\/v2\/media\/14478"}],"wp:attachment":[{"href":"https:\/\/www.rapoo-eu.com\/fr\/wp-json\/wp\/v2\/media?parent=13348"}],"wp:term":[{"taxonomy":"product_cat","embeddable":true,"href":"https:\/\/www.rapoo-eu.com\/fr\/wp-json\/wp\/v2\/product_cat?post=13348"},{"taxonomy":"product_tag","embeddable":true,"href":"https:\/\/www.rapoo-eu.com\/fr\/wp-json\/wp\/v2\/product_tag?post=13348"}],"curies":[{"name":"wp","href":"https:\/\/api.w.org\/{rel}","templated":true}]}}