{"id":9293,"date":"2023-04-13T15:58:49","date_gmt":"2023-04-13T13:58:49","guid":{"rendered":"https:\/\/www.rapoo-eu.com\/fr\/?post_type=product&#038;p=9293"},"modified":"2025-07-17T11:22:59","modified_gmt":"2025-07-17T09:22:59","slug":"n500","status":"publish","type":"product","link":"https:\/\/www.rapoo-eu.com\/fr\/product\/n500\/","title":{"rendered":"N500"},"content":{"rendered":"\n<div class=\"container wp-block-advanced-bootstrap-blocks-container\">\n<div class=\"row wp-block-advanced-bootstrap-blocks-row\">\n<div class=\"col wp-block-advanced-bootstrap-blocks-column\"><link rel=\"stylesheet\" href=\"https:\/\/www.rapoo-eu.com\/fr\/wp-content\/themes\/bmade\/dist\/css\/bmade.submenu.css?ver=1754292888\" type=\"text\/css\" media=\"all\">\n\n<section class=\"section--submenu submenu-wrapper\">\n    <ul>\n                    <li>\n                <a href=\"#features-anchor\" alt=\"Caract\u00e9ristiques\">\n                    Caract\u00e9ristiques\n                <\/a>\n            <\/li>\n                    <li>\n                <a href=\"#downloads-anchor\" alt=\"Assistance\">\n                    Assistance\n                <\/a>\n            <\/li>\n                    <li>\n                <a href=\"#specifications-anchor\" alt=\"Sp\u00e9cifications\">\n                    Sp\u00e9cifications\n                <\/a>\n            <\/li>\n            <\/ul>\n<\/section><\/div>\n<\/div>\n<\/div>\n\n\n\n<div id=\"features-anchor\" class=\"container wp-block-advanced-bootstrap-blocks-container\">\n<div class=\"row wp-block-advanced-bootstrap-blocks-row align-items-center\">\n<div class=\"col wp-block-advanced-bootstrap-blocks-column\"><link rel=\"stylesheet\" href=\"https:\/\/www.rapoo-eu.com\/fr\/wp-content\/themes\/bmade\/dist\/css\/bmade.image-single.css?ver=1754292888\" type=\"text\/css\" media=\"all\">\n\n<section class=\"image-single\">\n             <picture class=\"\">\n                        <source srcset=\"https:\/\/www.rapoo-eu.com\/fr\/wp-content\/uploads\/sites\/15\/2023\/04\/N500-black-3-e1681396443858-1024x0-c-default.webp\" type=\"image\/webp\">\n            <source srcset=\"https:\/\/www.rapoo-eu.com\/fr\/wp-content\/uploads\/sites\/15\/2023\/04\/N500-black-3-e1681396443858-1024x0-c-default.png\">\n            \n    <img src=\"data:image\/gif;base64,R0lGODlhAQABAAAAACH5BAEKAAEALAAAAAABAAEAAAICTAEAOw==\"\n         alt=\"\"\n         data-cookieconsent=\"ignore\"\n         class=\"image-single__img b-lazy\"\n                  width=\"1024\"    \/>\n    <\/picture>        <\/section><\/div>\n\n\n\n<div class=\"col wp-block-advanced-bootstrap-blocks-column\"><link rel=\"stylesheet\" href=\"https:\/\/www.rapoo-eu.com\/fr\/wp-content\/themes\/bmade\/dist\/css\/bmade.rich-text.css?ver=1754292888\" type=\"text\/css\" media=\"all\">\n\n<section class=\"section section--rich-text rich-text\">\n    <div class=\"rich-text__inner\">\n        <h2>Conception grand format<\/h2>\n<p id=\"tw-target-text\" class=\"tw-data-text tw-text-large tw-ta\" dir=\"ltr\" data-placeholder=\"Translation\" data-ved=\"2ahUKEwj28tbA-5OCAxW_wQIHHeUbCWkQ3ewLegQIBBAQ\"><span class=\"Y2IQFc\" lang=\"fr\">Gr\u00e2ce \u00e0 sa forme sym\u00e9trique et ergonomique, cette souris classique est confortable tout au long d\u2019une journ\u00e9e de travail compl\u00e8te et r\u00e9duit la fatigue des mains.<\/span><\/p>\n\n    <\/div>\n<\/section><\/div>\n<\/div>\n<\/div>\n\n\n\n<div class=\"container wp-block-advanced-bootstrap-blocks-container align-items-center\" style=\"background-image:url(https:\/\/www.rapoo-eu.com\/fr\/wp-content\/uploads\/sites\/15\/2020\/06\/Website-blue-background.png);background-size:cover;background-position:72% 82%\">\n<div class=\"row wp-block-advanced-bootstrap-blocks-row align-items-center\">\n<div class=\"col wp-block-advanced-bootstrap-blocks-column\">\n\n<section class=\"section section--rich-text rich-text\">\n    <div class=\"rich-text__inner\">\n        <div class=\"page\" title=\"Page 2\">\n<div class=\"layoutArea\">\n<div class=\"column\">\n<h2><span style=\"color: #ffffff;\">Capteur 3600 DPI r\u00e9glable<\/span><\/h2>\n<p><span style=\"color: #ffffff;\">Une pr\u00e9cision au pixel pr\u00e8s : avec le capteur DPI r\u00e9glable, la<\/span><br \/>\n<span style=\"color: #ffffff;\">pr\u00e9cision n\u2019est plus laiss\u00e9e au hasard. R\u00e9glable de 1200 \u00e0 3600 DPI, il s\u2019adapte \u00e0 vos pr\u00e9f\u00e9rences.<\/span><\/p>\n<\/div>\n<\/div>\n<\/div>\n\n    <\/div>\n<\/section><\/div>\n\n\n\n<div class=\"col wp-block-advanced-bootstrap-blocks-column\">\n\n<section class=\"image-single\">\n             <picture class=\"\">\n                        <source srcset=\"https:\/\/www.rapoo-eu.com\/fr\/wp-content\/uploads\/sites\/15\/2023\/04\/N500-black-1-e1681394811758-1024x0-c-default.webp\" type=\"image\/webp\">\n            <source srcset=\"https:\/\/www.rapoo-eu.com\/fr\/wp-content\/uploads\/sites\/15\/2023\/04\/N500-black-1-e1681394811758-1024x0-c-default.png\">\n            \n    <img src=\"data:image\/gif;base64,R0lGODlhAQABAAAAACH5BAEKAAEALAAAAAABAAEAAAICTAEAOw==\"\n         alt=\"\"\n         data-cookieconsent=\"ignore\"\n         class=\"image-single__img b-lazy\"\n                  width=\"1024\"    \/>\n    <\/picture>        <\/section><\/div>\n<\/div>\n<\/div>\n\n\n\n<div id=\"features-anchor\" class=\"container wp-block-advanced-bootstrap-blocks-container\">\n<div class=\"row wp-block-advanced-bootstrap-blocks-row align-items-center\">\n<div class=\"col wp-block-advanced-bootstrap-blocks-column\">\n\n<section class=\"image-single\">\n             <picture class=\"\">\n                        <source srcset=\"https:\/\/www.rapoo-eu.com\/fr\/wp-content\/uploads\/sites\/15\/2023\/04\/N500-black-5-e1681395227443-1024x0-c-default.webp\" type=\"image\/webp\">\n            <source srcset=\"https:\/\/www.rapoo-eu.com\/fr\/wp-content\/uploads\/sites\/15\/2023\/04\/N500-black-5-e1681395227443-1024x0-c-default.png\">\n            \n    <img src=\"data:image\/gif;base64,R0lGODlhAQABAAAAACH5BAEKAAEALAAAAAABAAEAAAICTAEAOw==\"\n         alt=\"\"\n         data-cookieconsent=\"ignore\"\n         class=\"image-single__img b-lazy\"\n                  width=\"1024\"    \/>\n    <\/picture>        <\/section><\/div>\n\n\n\n<div class=\"col wp-block-advanced-bootstrap-blocks-column\">\n\n<section class=\"section section--rich-text rich-text\">\n    <div class=\"rich-text__inner\">\n        <h2><strong>Le son du silence<\/strong><\/h2>\n<p>Gr\u00e2ce aux boutons silencieux de la souris, vous pouvez cliquer autant que vous le voulez, sans crainte de d\u00e9ranger les autres. Cette souris est parfaite pour les cogitations noctu<br \/>\nes, les utilisations dans les lieux publics et toutes vos activit\u00e9s informatiques en d\u00e9placement.<\/p>\n\n    <\/div>\n<\/section><\/div>\n<\/div>\n<\/div>\n\n\n\n<div class=\"container wp-block-advanced-bootstrap-blocks-container align-items-center\" style=\"background-image:url(https:\/\/www.rapoo-eu.com\/fr\/wp-content\/uploads\/sites\/15\/2020\/06\/Website-blue-background.png);background-size:cover;background-position:72% 82%\">\n<div class=\"row wp-block-advanced-bootstrap-blocks-row align-items-center\">\n<div class=\"col wp-block-advanced-bootstrap-blocks-column\">\n\n<section class=\"section section--rich-text rich-text\">\n    <div class=\"rich-text__inner\">\n        <h2><span style=\"color: #ffffff;\">Installation facile<\/span><\/h2>\n<p><span style=\"color: #ffffff;\">Mod\u00e8le pr\u00eat \u00e0 l\u2019emploi : Pas de pilote ni de configuration n\u00e9cessaire. Il suffit de le brancher sur une prise USB et vous pouvez commencer \u00e0 travailler!<\/span><\/p>\n\n    <\/div>\n<\/section><\/div>\n\n\n\n<div class=\"col wp-block-advanced-bootstrap-blocks-column\">\n\n<section class=\"image-single\">\n             <picture class=\"\">\n                        <source srcset=\"https:\/\/www.rapoo-eu.com\/fr\/wp-content\/uploads\/sites\/15\/2020\/06\/01-8-1024x0-c-default.webp\" type=\"image\/webp\">\n            <source srcset=\"https:\/\/www.rapoo-eu.com\/fr\/wp-content\/uploads\/sites\/15\/2020\/06\/01-8-1024x0-c-default.png\">\n            \n    <img src=\"data:image\/gif;base64,R0lGODlhAQABAAAAACH5BAEKAAEALAAAAAABAAEAAAICTAEAOw==\"\n         alt=\"\"\n         data-cookieconsent=\"ignore\"\n         class=\"image-single__img b-lazy\"\n                  width=\"1024\"    \/>\n    <\/picture>        <\/section><\/div>\n<\/div>\n<\/div>\n\n\n\n<div id=\"downloads-anchor\" class=\"container wp-block-advanced-bootstrap-blocks-container container--gray\">\n<div class=\"row wp-block-advanced-bootstrap-blocks-row align-items-center\">\n<div class=\"col wp-block-advanced-bootstrap-blocks-column\"><link rel=\"stylesheet\" href=\"https:\/\/www.rapoo-eu.com\/fr\/wp-content\/themes\/bmade\/dist\/css\/bmade.variable-blocks.css?ver=1754292888\" type=\"text\/css\" media=\"all\">\n\n\n    \n\n\n<section \n    class=\"section section--variable-blocks variable-blocks variable-blocks--icon \">\n            <div class=\"card-icon\">\n    <div class=\"card-icon__inner\">\n                    <div class=\"card-icon__content\">\n                                    <figure class=\"card-icon__icon-figure\">\n                        <img alt=\"Plug &#038; Play\" src=\"https:\/\/www.rapoo-eu.com\/fr\/wp-content\/uploads\/sites\/15\/2020\/06\/Infobox_info_icon-black.png\"\/>\n                    <\/figure>\n                \n                                    <h3 class=\"h3 card-icon__title\">\n                        Plug &#038; Play\n                    <\/h3>\n                                                    <p class=\"card-icon__caption\">\n                        T\u00e9l\u00e9chargez le guAucun pilote ou installation n\u2019est n\u00e9cessaire. Le produit se connecte \u00e0 votre appareil d\u00e8s qu\u2019il est branch\u00e9 via un port USB.ide de d\u00e9marrage rapide pour ce produit\n                    <\/p>\n                                            <\/div>\n                            <div class=\"card-icon__footer\">\n                                    <p>\n                        <a\n                                class=\"card-icon__button button button--full-width button--ghost\"\n                                href=\"https:\/\/www.rapoo-eu.com\/fr\/wp-content\/uploads\/sites\/15\/2023\/09\/N500-Silent_User-Manual.pdf\"\n                                                                    rel=\"noreferrer noopener\"\n                                                                target=\"_blank\"\n                        >\n                            T\u00e9l\u00e9charger\n                        <\/a>\n                    <\/p>\n                \n                                    <p class=\"text-center\">\n                        <a\n                                class=\"card-icon__link\"\n                                href=\"https:\/\/www.rapoo-eu.com\/fr\/support\/mice-support\/\"\n                                                                target=\"\"\n                        >\n                            Voir tous les manuels\n                        <\/a>\n                    <\/p>\n                            <\/div>\n        \n    <\/div>\n<\/div>    <\/section>\n<\/div>\n\n\n\n<div class=\"col wp-block-advanced-bootstrap-blocks-column\">\n\n\n    \n\n\n<section \n    class=\"section section--variable-blocks variable-blocks variable-blocks--icon \">\n            <div class=\"card-icon\">\n    <div class=\"card-icon__inner\">\n                    <div class=\"card-icon__content\">\n                                    <figure class=\"card-icon__icon-figure\">\n                        <img alt=\"Assistance \u00e9tendue\" src=\"https:\/\/www.rapoo-eu.com\/fr\/wp-content\/uploads\/sites\/15\/2020\/06\/Windows-2.png\"\/>\n                    <\/figure>\n                \n                                    <h3 class=\"h3 card-icon__title\">\n                        Assistance \u00e9tendue\n                    <\/h3>\n                                                    <p class=\"card-icon__caption\">\n                        Consultez les questions fr\u00e9quemment pos\u00e9es\n                    <\/p>\n                                            <\/div>\n                            <div class=\"card-icon__footer\">\n                                    <p>\n                        <a\n                                class=\"card-icon__button button button--full-width button--ghost\"\n                                href=\"https:\/\/www.rapoo-eu.com\/fr\/support\/mice-support\/n500-support\/\"\n                                                                target=\"\"\n                        >\n                            Visitez le centre d\u2019assistance\n                        <\/a>\n                    <\/p>\n                \n                                    <p class=\"text-center\">\n                        <a\n                                class=\"card-icon__link\"\n                                href=\"https:\/\/www.rapoo-eu.com\/fr\/support\/\"\n                                                                target=\"\"\n                        >\n                            FAQ\n                        <\/a>\n                    <\/p>\n                            <\/div>\n        \n    <\/div>\n<\/div>    <\/section>\n<\/div>\n<\/div>\n<\/div>\n\n\n\n<div id=\"specifications-anchor\" class=\"container wp-block-advanced-bootstrap-blocks-container\">\n<div class=\"row wp-block-advanced-bootstrap-blocks-row\">\n<div class=\"col wp-block-advanced-bootstrap-blocks-column\"><h2 class=\"h2 section__title text-left \">Specifications<\/h2>\n\n\n\n\n<section class=\"section section--rich-text rich-text\">\n    <div class=\"rich-text__inner\">\n        <h2 class=\"h2 section__title text-left \">Sp\u00e9cifications<\/h2>\n\n    <\/div>\n<\/section><\/div>\n<\/div>\n<\/div>\n\n\n\t<section class=\"section section--cta cta\">\n\t\t<link rel=\"stylesheet\" href=\"https:\/\/www.rapoo-eu.com\/fr\/wp-content\/themes\/bmade\/dist\/css\/bmade.cta.css?ver=1754292888\" type=\"text\/css\" media=\"all\">\n\t\t<div class=\"cta__inner\">\n\t\t\t<div class=\"cta__content\">\n\t\t\t\t<div class=\"row align-items-center\">\n\t\t\t\t\t<div class=\"col-24 col-md col-lg-18\">\n\t\t\t\t\t\t\t\t\t\t\t\t\t<h3 class=\"h2 cta__title\">Trouver un revendeur<\/h3>\n\t\t\t\t\t\t\t\t\t\t\t\t\t\t\t\t\t\t\t<span class=\"cta__caption\">Souhaitez-vous savoir o\u00f9 vous pouvez acheter ce produit?<\/span>\n\t\t\t\t\t\t\t\t\t\t\t<\/div>\n\t\t\t\t\t\t\t\t\t\t\t<div class=\"col-24 col-md-8 col-lg-6\">\n\t\t\t\t\t\t\t<a href=\"https:\/\/www.rapoo-eu.com\/fr\/where-to-buy\/\" target=\"\" class=\"button button--full-width button--green cta__button float-md-right\" title=\"O\u00f9 acheter?\">\n\t\t\t\t\t\t\t\tO\u00f9 acheter?\n\t\t\t\t\t\t\t<\/a>\n\t\t\t\t\t\t<\/div>\n\t\t\t\t\t\t\t\t\t<\/div>\n\t\t\t<\/div>\n\t\t<\/div>\n\t<\/section>\n","protected":false},"excerpt":{"rendered":"<ul>\n<li>Design grand format<\/li>\n<li>Capteur 3600 DPI r\u00e9glable<\/li>\n<li>4 boutons de souris, y compris un commutateur DPI<\/li>\n<li>Clic silencieux<\/li>\n<li>Pas de pilote ni de configuration n\u00e9cessaire<\/li>\n<\/ul>\n","protected":false},"featured_media":9297,"template":"","meta":[],"product_cat":[78],"product_tag":[],"acf":[],"yoast_head":"<!-- This site is optimized with the Yoast SEO plugin v22.9 - https:\/\/yoast.com\/wordpress\/plugins\/seo\/ -->\n<title>N500 - French new<\/title>\n<meta name=\"description\" content=\"Boasting a simple full-size design, this mouse is very easy to use. Just plug-in the USB cable and you\u2019re good to go: no drivers, installation or setup needed. The high-performance 1600 DPI optical sensor offers a smooth and accurate mouse-pointer control, while the symmetrical design allows for ambidextrous use. What\u2019s more, the non-slip mouse wheel provides amazing grip and precise navigation of websites and longer documents.\" \/>\n<meta name=\"robots\" content=\"index, follow, max-snippet:-1, max-image-preview:large, max-video-preview:-1\" \/>\n<link rel=\"canonical\" href=\"https:\/\/www.rapoo-eu.com\/fr\/product\/n500\/\" \/>\n<meta property=\"og:locale\" content=\"fr_FR\" \/>\n<meta property=\"og:type\" content=\"article\" \/>\n<meta property=\"og:title\" content=\"N500 - French new\" \/>\n<meta property=\"og:description\" content=\"Boasting a simple full-size design, this mouse is very easy to use. Just plug-in the USB cable and you\u2019re good to go: no drivers, installation or setup needed. The high-performance 1600 DPI optical sensor offers a smooth and accurate mouse-pointer control, while the symmetrical design allows for ambidextrous use. What\u2019s more, the non-slip mouse wheel provides amazing grip and precise navigation of websites and longer documents.\" \/>\n<meta property=\"og:url\" content=\"https:\/\/www.rapoo-eu.com\/fr\/product\/n500\/\" \/>\n<meta property=\"og:site_name\" content=\"French new\" \/>\n<meta property=\"article:modified_time\" content=\"2025-07-17T09:22:59+00:00\" \/>\n<meta property=\"og:image\" content=\"https:\/\/www.rapoo-eu.com\/fr\/wp-content\/uploads\/sites\/15\/2023\/04\/N500-black-1-1-e1746095288558.png\" \/>\n\t<meta property=\"og:image:width\" content=\"1948\" \/>\n\t<meta property=\"og:image:height\" content=\"2611\" \/>\n\t<meta property=\"og:image:type\" content=\"image\/png\" \/>\n<meta name=\"twitter:card\" content=\"summary_large_image\" \/>\n<meta name=\"twitter:label1\" content=\"Dur\u00e9e de lecture estim\u00e9e\" \/>\n\t<meta name=\"twitter:data1\" content=\"1 minute\" \/>\n<script type=\"application\/ld+json\" class=\"yoast-schema-graph\">{\"@context\":\"https:\/\/schema.org\",\"@graph\":[{\"@type\":\"WebPage\",\"@id\":\"https:\/\/www.rapoo-eu.com\/fr\/product\/n500\/\",\"url\":\"https:\/\/www.rapoo-eu.com\/fr\/product\/n500\/\",\"name\":\"N500 - French new\",\"isPartOf\":{\"@id\":\"https:\/\/www.rapoo-eu.com\/fr\/#website\"},\"primaryImageOfPage\":{\"@id\":\"https:\/\/www.rapoo-eu.com\/fr\/product\/n500\/#primaryimage\"},\"image\":{\"@id\":\"https:\/\/www.rapoo-eu.com\/fr\/product\/n500\/#primaryimage\"},\"thumbnailUrl\":\"https:\/\/www.rapoo-eu.com\/fr\/wp-content\/uploads\/sites\/15\/2023\/04\/N500-black-1-1-e1746095288558.png\",\"datePublished\":\"2023-04-13T13:58:49+00:00\",\"dateModified\":\"2025-07-17T09:22:59+00:00\",\"description\":\"Boasting a simple full-size design, this mouse is very easy to use. Just plug-in the USB cable and you\u2019re good to go: no drivers, installation or setup needed. The high-performance 1600 DPI optical sensor offers a smooth and accurate mouse-pointer control, while the symmetrical design allows for ambidextrous use. What\u2019s more, the non-slip mouse wheel provides amazing grip and precise navigation of websites and longer documents.\",\"breadcrumb\":{\"@id\":\"https:\/\/www.rapoo-eu.com\/fr\/product\/n500\/#breadcrumb\"},\"inLanguage\":\"fr-FR\",\"potentialAction\":[{\"@type\":\"ReadAction\",\"target\":[\"https:\/\/www.rapoo-eu.com\/fr\/product\/n500\/\"]}]},{\"@type\":\"ImageObject\",\"inLanguage\":\"fr-FR\",\"@id\":\"https:\/\/www.rapoo-eu.com\/fr\/product\/n500\/#primaryimage\",\"url\":\"https:\/\/www.rapoo-eu.com\/fr\/wp-content\/uploads\/sites\/15\/2023\/04\/N500-black-1-1-e1746095288558.png\",\"contentUrl\":\"https:\/\/www.rapoo-eu.com\/fr\/wp-content\/uploads\/sites\/15\/2023\/04\/N500-black-1-1-e1746095288558.png\",\"width\":1948,\"height\":2611},{\"@type\":\"BreadcrumbList\",\"@id\":\"https:\/\/www.rapoo-eu.com\/fr\/product\/n500\/#breadcrumb\",\"itemListElement\":[{\"@type\":\"ListItem\",\"position\":1,\"name\":\"Home\",\"item\":\"https:\/\/www.rapoo-eu.com\/fr\/\"},{\"@type\":\"ListItem\",\"position\":2,\"name\":\"Products\",\"item\":\"https:\/\/www.rapoo-eu.com\/fr\/shop\/\"},{\"@type\":\"ListItem\",\"position\":3,\"name\":\"N500\"}]},{\"@type\":\"WebSite\",\"@id\":\"https:\/\/www.rapoo-eu.com\/fr\/#website\",\"url\":\"https:\/\/www.rapoo-eu.com\/fr\/\",\"name\":\"French new\",\"description\":\"Wireless Your Life\",\"potentialAction\":[{\"@type\":\"SearchAction\",\"target\":{\"@type\":\"EntryPoint\",\"urlTemplate\":\"https:\/\/www.rapoo-eu.com\/fr\/?s={search_term_string}\"},\"query-input\":\"required name=search_term_string\"}],\"inLanguage\":\"fr-FR\"}]}<\/script>\n<!-- \/ Yoast SEO plugin. -->","yoast_head_json":{"title":"N500 - French new","description":"Boasting a simple full-size design, this mouse is very easy to use. Just plug-in the USB cable and you\u2019re good to go: no drivers, installation or setup needed. The high-performance 1600 DPI optical sensor offers a smooth and accurate mouse-pointer control, while the symmetrical design allows for ambidextrous use. What\u2019s more, the non-slip mouse wheel provides amazing grip and precise navigation of websites and longer documents.","robots":{"index":"index","follow":"follow","max-snippet":"max-snippet:-1","max-image-preview":"max-image-preview:large","max-video-preview":"max-video-preview:-1"},"canonical":"https:\/\/www.rapoo-eu.com\/fr\/product\/n500\/","og_locale":"fr_FR","og_type":"article","og_title":"N500 - French new","og_description":"Boasting a simple full-size design, this mouse is very easy to use. Just plug-in the USB cable and you\u2019re good to go: no drivers, installation or setup needed. The high-performance 1600 DPI optical sensor offers a smooth and accurate mouse-pointer control, while the symmetrical design allows for ambidextrous use. What\u2019s more, the non-slip mouse wheel provides amazing grip and precise navigation of websites and longer documents.","og_url":"https:\/\/www.rapoo-eu.com\/fr\/product\/n500\/","og_site_name":"French new","article_modified_time":"2025-07-17T09:22:59+00:00","og_image":[{"width":1948,"height":2611,"url":"https:\/\/www.rapoo-eu.com\/fr\/wp-content\/uploads\/sites\/15\/2023\/04\/N500-black-1-1-e1746095288558.png","type":"image\/png"}],"twitter_card":"summary_large_image","twitter_misc":{"Dur\u00e9e de lecture estim\u00e9e":"1 minute"},"schema":{"@context":"https:\/\/schema.org","@graph":[{"@type":"WebPage","@id":"https:\/\/www.rapoo-eu.com\/fr\/product\/n500\/","url":"https:\/\/www.rapoo-eu.com\/fr\/product\/n500\/","name":"N500 - French new","isPartOf":{"@id":"https:\/\/www.rapoo-eu.com\/fr\/#website"},"primaryImageOfPage":{"@id":"https:\/\/www.rapoo-eu.com\/fr\/product\/n500\/#primaryimage"},"image":{"@id":"https:\/\/www.rapoo-eu.com\/fr\/product\/n500\/#primaryimage"},"thumbnailUrl":"https:\/\/www.rapoo-eu.com\/fr\/wp-content\/uploads\/sites\/15\/2023\/04\/N500-black-1-1-e1746095288558.png","datePublished":"2023-04-13T13:58:49+00:00","dateModified":"2025-07-17T09:22:59+00:00","description":"Boasting a simple full-size design, this mouse is very easy to use. Just plug-in the USB cable and you\u2019re good to go: no drivers, installation or setup needed. The high-performance 1600 DPI optical sensor offers a smooth and accurate mouse-pointer control, while the symmetrical design allows for ambidextrous use. What\u2019s more, the non-slip mouse wheel provides amazing grip and precise navigation of websites and longer documents.","breadcrumb":{"@id":"https:\/\/www.rapoo-eu.com\/fr\/product\/n500\/#breadcrumb"},"inLanguage":"fr-FR","potentialAction":[{"@type":"ReadAction","target":["https:\/\/www.rapoo-eu.com\/fr\/product\/n500\/"]}]},{"@type":"ImageObject","inLanguage":"fr-FR","@id":"https:\/\/www.rapoo-eu.com\/fr\/product\/n500\/#primaryimage","url":"https:\/\/www.rapoo-eu.com\/fr\/wp-content\/uploads\/sites\/15\/2023\/04\/N500-black-1-1-e1746095288558.png","contentUrl":"https:\/\/www.rapoo-eu.com\/fr\/wp-content\/uploads\/sites\/15\/2023\/04\/N500-black-1-1-e1746095288558.png","width":1948,"height":2611},{"@type":"BreadcrumbList","@id":"https:\/\/www.rapoo-eu.com\/fr\/product\/n500\/#breadcrumb","itemListElement":[{"@type":"ListItem","position":1,"name":"Home","item":"https:\/\/www.rapoo-eu.com\/fr\/"},{"@type":"ListItem","position":2,"name":"Products","item":"https:\/\/www.rapoo-eu.com\/fr\/shop\/"},{"@type":"ListItem","position":3,"name":"N500"}]},{"@type":"WebSite","@id":"https:\/\/www.rapoo-eu.com\/fr\/#website","url":"https:\/\/www.rapoo-eu.com\/fr\/","name":"French new","description":"Wireless Your Life","potentialAction":[{"@type":"SearchAction","target":{"@type":"EntryPoint","urlTemplate":"https:\/\/www.rapoo-eu.com\/fr\/?s={search_term_string}"},"query-input":"required name=search_term_string"}],"inLanguage":"fr-FR"}]}},"_links":{"self":[{"href":"https:\/\/www.rapoo-eu.com\/fr\/wp-json\/wp\/v2\/product\/9293"}],"collection":[{"href":"https:\/\/www.rapoo-eu.com\/fr\/wp-json\/wp\/v2\/product"}],"about":[{"href":"https:\/\/www.rapoo-eu.com\/fr\/wp-json\/wp\/v2\/types\/product"}],"wp:featuredmedia":[{"embeddable":true,"href":"https:\/\/www.rapoo-eu.com\/fr\/wp-json\/wp\/v2\/media\/9297"}],"wp:attachment":[{"href":"https:\/\/www.rapoo-eu.com\/fr\/wp-json\/wp\/v2\/media?parent=9293"}],"wp:term":[{"taxonomy":"product_cat","embeddable":true,"href":"https:\/\/www.rapoo-eu.com\/fr\/wp-json\/wp\/v2\/product_cat?post=9293"},{"taxonomy":"product_tag","embeddable":true,"href":"https:\/\/www.rapoo-eu.com\/fr\/wp-json\/wp\/v2\/product_tag?post=9293"}],"curies":[{"name":"wp","href":"https:\/\/api.w.org\/{rel}","templated":true}]}}