{"id":14727,"date":"2025-05-16T15:23:29","date_gmt":"2025-05-16T13:23:29","guid":{"rendered":"https:\/\/www.rapoo-eu.com\/it\/?page_id=14727"},"modified":"2025-07-29T15:26:46","modified_gmt":"2025-07-29T13:26:46","slug":"spotlight-m","status":"publish","type":"page","link":"https:\/\/www.rapoo-eu.com\/it\/spotlight-m\/","title":{"rendered":"M+ Technology"},"content":{"rendered":"\n<div id=\"features-anchor\" class=\"container wp-block-advanced-bootstrap-blocks-container container--light\">\n<div class=\"row wp-block-advanced-bootstrap-blocks-row align-items-center\">\n<div class=\"col wp-block-advanced-bootstrap-blocks-column\"><link rel=\"stylesheet\" href=\"https:\/\/www.rapoo-eu.com\/it\/wp-content\/themes\/bmade\/dist\/css\/bmade.rich-text.css?ver=1754292888\" type=\"text\/css\" media=\"all\">\n\n<section class=\"section section--rich-text rich-text\">\n    <div class=\"rich-text__inner\">\n        <h2 style=\"font-weight: 400;\"><strong>Progettato per un controllo fluido<\/strong><\/h2>\n<div><span lang=\"EN-GB\">Il passaggio da un dispositivo all&#8217;altro non dovrebbe interrompere la tua concentrazione. <\/span><span lang=\"EN-GB\">Ecco perch\u00e9 abbiamo creato la tecnologia M+: una soluzione wireless intelligente che collega fino a due dispositivi in un\u2019unica esperienza continua.<br \/>\nPassa da un sistema all\u2019altro. Copia qui, incolla l\u00ec. Un solo mouse, un solo gesto, zero interruzioni.<br \/>\nNiente cloud. Nessuna disconnessione. Solo prestazioni silenziose che ti aiutano a restare concentrato.<\/span><\/div>\n\n    <\/div>\n<\/section><\/div>\n\n\n\n<div class=\"col wp-block-advanced-bootstrap-blocks-column\"><link rel=\"stylesheet\" href=\"https:\/\/www.rapoo-eu.com\/it\/wp-content\/themes\/bmade\/dist\/css\/bmade.image-single.css?ver=1754292888\" type=\"text\/css\" media=\"all\">\n\n<section class=\"image-single\">\n             <picture class=\"\">\n                        <source srcset=\"https:\/\/www.rapoo-eu.com\/it\/wp-content\/uploads\/sites\/16\/2025\/05\/160525_MPlus_Technology_Visual1-3-scaled-1024x0-c-default.webp\" type=\"image\/webp\">\n            <source srcset=\"https:\/\/www.rapoo-eu.com\/it\/wp-content\/uploads\/sites\/16\/2025\/05\/160525_MPlus_Technology_Visual1-3-scaled-1024x0-c-default.webp\">\n            \n    <img src=\"data:image\/gif;base64,R0lGODlhAQABAAAAACH5BAEKAAEALAAAAAABAAEAAAICTAEAOw==\"\n         alt=\"\"\n         data-cookieconsent=\"ignore\"\n         class=\"image-single__img b-lazy\"\n                  width=\"1024\"    \/>\n    <\/picture>        <\/section><\/div>\n<\/div>\n<\/div>\n\n\n\n<div id=\"features-anchor\" class=\"container wp-block-advanced-bootstrap-blocks-container container--light\" style=\"background-image:url(https:\/\/www.rapoo-eu.com\/it\/wp-content\/uploads\/sites\/16\/2020\/06\/Website-blue-background.png)\">\n<div class=\"row wp-block-advanced-bootstrap-blocks-row align-items-center\">\n<div class=\"col wp-block-advanced-bootstrap-blocks-column\">\n\n<section class=\"image-single\">\n             <picture class=\"\">\n                        <source srcset=\"https:\/\/www.rapoo-eu.com\/it\/wp-content\/uploads\/sites\/16\/2025\/05\/160525_MPlus_Technology_Visual2-1-1024x0-c-default.webp\" type=\"image\/webp\">\n            <source srcset=\"https:\/\/www.rapoo-eu.com\/it\/wp-content\/uploads\/sites\/16\/2025\/05\/160525_MPlus_Technology_Visual2-1-1024x0-c-default.webp\">\n            \n    <img src=\"data:image\/gif;base64,R0lGODlhAQABAAAAACH5BAEKAAEALAAAAAABAAEAAAICTAEAOw==\"\n         alt=\"\"\n         data-cookieconsent=\"ignore\"\n         class=\"image-single__img b-lazy\"\n                  width=\"1024\"    \/>\n    <\/picture>        <\/section><\/div>\n\n\n\n<div class=\"col wp-block-advanced-bootstrap-blocks-column\">\n\n<section class=\"section section--rich-text rich-text\">\n    <div class=\"rich-text__inner\">\n        \n    <\/div>\n<\/section>\n\n\n\n<section class=\"section section--rich-text rich-text\">\n    <div class=\"rich-text__inner\">\n        <div>\n<h2><span style=\"color: #ffffff;\"><strong><span lang=\"EN-GB\">Un solo mouse. Un solo gesto. Controllo totale.<\/span><\/strong><\/span><\/h2>\n<\/div>\n<div>\n<p><span style=\"color: #ffffff;\"><span lang=\"EN-GB\">Alcuni flussi di lavoro richiedono pi\u00f9 di uno schermo per essere gestiti efficacemente<\/span><span lang=\"EN-GB\"><br \/>\nM+ \u00e8 pensato per questa realt\u00e0: ti permette di navigare con fluidit\u00e0 tra dispositivi e piattaforme \u2013 senza cavi, senza cloud, senza interruzioni.<br \/>\nPer chi pretende di pi\u00f9 dai propri strumenti. E si affida a loro per restare sempre un passo avanti.<\/span><\/span><\/p>\n<\/div>\n\n    <\/div>\n<\/section><\/div>\n<\/div>\n<\/div>\n\n\n<link rel=\"stylesheet\" href=\"https:\/\/www.rapoo-eu.com\/it\/wp-content\/themes\/bmade\/dist\/css\/bmade.embed.css?ver=1754292888\" type=\"text\/css\" media=\"all\">\n\n    \n                \n\t<section class=\"section section--embed embed-wrapper\">\n\t\t<div class=\"embed-responsive embed-responsive-16by9\">\n\t\t\t<iframe title=\"\" class=\"embed-responsive-item\" data-cookieconsent=\"ignore\" src=\"https:\/\/www.youtube-nocookie.com\/embed\/i1Nr60ZYRh0?si=GMnKWqRquoICRMEb?mute=1&#038;autoplay=1\" allowfullscreen><\/iframe>\n\t\t<\/div>\n\t<\/section>\n\n\n\n<div class=\"container wp-block-advanced-bootstrap-blocks-container\">\n<div class=\"row wp-block-advanced-bootstrap-blocks-row\">\n<div class=\"col wp-block-advanced-bootstrap-blocks-column\">\n\n<section class=\"section section--rich-text rich-text\">\n    <div class=\"rich-text__inner\">\n        \n    <\/div>\n<\/section><\/div>\n<\/div>\n\n\n\n<div class=\"row wp-block-advanced-bootstrap-blocks-row\">\n<div class=\"col wp-block-advanced-bootstrap-blocks-column\"><link rel=\"stylesheet\" href=\"https:\/\/www.rapoo-eu.com\/it\/wp-content\/themes\/bmade\/dist\/css\/bmade.variable-blocks.css?ver=1754292888\" type=\"text\/css\" media=\"all\">\n\n\n    \n\n\n<section \n    class=\"section section--variable-blocks variable-blocks variable-blocks--block \">\n                    \n                            \n                    <a href=\"https:\/\/www.rapoo-eu.com\/it\/product\/mt760l\/\" class=\"variable-block variable-block--landscape variable-block--text-color-white\" title=\"MT760 M\/L\">\n    \n                    <div class=\"variable-block__bg b-lazy\" data-src=\"https:\/\/www.rapoo-eu.com\/it\/wp-content\/uploads\/sites\/16\/2025\/05\/JP32265-3--scaled.webp\"><\/div>\n                <div class=\"variable-block__inner\">\n            <div class=\"variable-block__content\">\n\n                                                    <h3 class=\"variable-block__title h3\">MT760 M\/L<\/h3>\n                \n                <div class=\"variable-block__button-holder d-lg-none\">\n                    <span class=\"button button--ghost\">Visualizza prodotto<\/span>\n                <\/div>\n\n            <\/div>\n        <\/div>\n        <div class=\"variable-block__button-holder d-none d-lg-block\">\n            <span class=\"button button--ghost\">Visualizza prodotto<\/span>\n        <\/div>\n    <\/a>\n    <\/section>\n<\/div>\n\n\n\n<div class=\"col wp-block-advanced-bootstrap-blocks-column\">\n\n\n    \n\n\n<section \n    class=\"section section--variable-blocks variable-blocks variable-blocks--block \">\n                    \n                            \n                    <a href=\"https:\/\/www.rapoo-eu.com\/it\/product\/mt560\/\" class=\"variable-block variable-block--landscape variable-block--text-color-white\" title=\"MT560\">\n    \n                    <div class=\"variable-block__bg b-lazy\" data-src=\"https:\/\/www.rapoo-eu.com\/it\/wp-content\/uploads\/sites\/16\/2025\/05\/MT560-black-lifestyle-1-.webp\"><\/div>\n                <div class=\"variable-block__inner\">\n            <div class=\"variable-block__content\">\n\n                                                    <h3 class=\"variable-block__title h3\">MT560<\/h3>\n                \n                <div class=\"variable-block__button-holder d-lg-none\">\n                    <span class=\"button button--ghost\">Visualizza prodotto<\/span>\n                <\/div>\n\n            <\/div>\n        <\/div>\n        <div class=\"variable-block__button-holder d-none d-lg-block\">\n            <span class=\"button button--ghost\">Visualizza prodotto<\/span>\n        <\/div>\n    <\/a>\n    <\/section>\n<\/div>\n<\/div>\n<\/div>\n","protected":false},"excerpt":{"rendered":"","protected":false},"author":9,"featured_media":0,"parent":0,"menu_order":0,"comment_status":"closed","ping_status":"closed","template":"","meta":[],"acf":[],"yoast_head":"<!-- This site is optimized with the Yoast SEO plugin v22.9 - https:\/\/yoast.com\/wordpress\/plugins\/seo\/ -->\n<title>M+ Technology - Italian website new<\/title>\n<meta name=\"robots\" content=\"index, follow, max-snippet:-1, max-image-preview:large, max-video-preview:-1\" \/>\n<link rel=\"canonical\" href=\"https:\/\/www.rapoo-eu.com\/it\/spotlight-m\/\" \/>\n<meta property=\"og:locale\" content=\"it_IT\" \/>\n<meta property=\"og:type\" content=\"article\" \/>\n<meta property=\"og:title\" content=\"M+ Technology - Italian website new\" \/>\n<meta property=\"og:url\" content=\"https:\/\/www.rapoo-eu.com\/it\/spotlight-m\/\" \/>\n<meta property=\"og:site_name\" content=\"Italian website new\" \/>\n<meta property=\"article:modified_time\" content=\"2025-07-29T13:26:46+00:00\" \/>\n<meta name=\"twitter:card\" content=\"summary_large_image\" \/>\n<script type=\"application\/ld+json\" class=\"yoast-schema-graph\">{\"@context\":\"https:\/\/schema.org\",\"@graph\":[{\"@type\":\"WebPage\",\"@id\":\"https:\/\/www.rapoo-eu.com\/it\/spotlight-m\/\",\"url\":\"https:\/\/www.rapoo-eu.com\/it\/spotlight-m\/\",\"name\":\"M+ Technology - Italian website new\",\"isPartOf\":{\"@id\":\"https:\/\/www.rapoo-eu.com\/it\/#website\"},\"datePublished\":\"2025-05-16T13:23:29+00:00\",\"dateModified\":\"2025-07-29T13:26:46+00:00\",\"breadcrumb\":{\"@id\":\"https:\/\/www.rapoo-eu.com\/it\/spotlight-m\/#breadcrumb\"},\"inLanguage\":\"it-IT\",\"potentialAction\":[{\"@type\":\"ReadAction\",\"target\":[\"https:\/\/www.rapoo-eu.com\/it\/spotlight-m\/\"]}]},{\"@type\":\"BreadcrumbList\",\"@id\":\"https:\/\/www.rapoo-eu.com\/it\/spotlight-m\/#breadcrumb\",\"itemListElement\":[{\"@type\":\"ListItem\",\"position\":1,\"name\":\"Home\",\"item\":\"https:\/\/www.rapoo-eu.com\/it\/\"},{\"@type\":\"ListItem\",\"position\":2,\"name\":\"M+ Technology\"}]},{\"@type\":\"WebSite\",\"@id\":\"https:\/\/www.rapoo-eu.com\/it\/#website\",\"url\":\"https:\/\/www.rapoo-eu.com\/it\/\",\"name\":\"Italian website new\",\"description\":\"Wireless Your Life\",\"potentialAction\":[{\"@type\":\"SearchAction\",\"target\":{\"@type\":\"EntryPoint\",\"urlTemplate\":\"https:\/\/www.rapoo-eu.com\/it\/?s={search_term_string}\"},\"query-input\":\"required name=search_term_string\"}],\"inLanguage\":\"it-IT\"}]}<\/script>\n<!-- \/ Yoast SEO plugin. -->","yoast_head_json":{"title":"M+ Technology - Italian website new","robots":{"index":"index","follow":"follow","max-snippet":"max-snippet:-1","max-image-preview":"max-image-preview:large","max-video-preview":"max-video-preview:-1"},"canonical":"https:\/\/www.rapoo-eu.com\/it\/spotlight-m\/","og_locale":"it_IT","og_type":"article","og_title":"M+ Technology - Italian website new","og_url":"https:\/\/www.rapoo-eu.com\/it\/spotlight-m\/","og_site_name":"Italian website new","article_modified_time":"2025-07-29T13:26:46+00:00","twitter_card":"summary_large_image","schema":{"@context":"https:\/\/schema.org","@graph":[{"@type":"WebPage","@id":"https:\/\/www.rapoo-eu.com\/it\/spotlight-m\/","url":"https:\/\/www.rapoo-eu.com\/it\/spotlight-m\/","name":"M+ Technology - Italian website new","isPartOf":{"@id":"https:\/\/www.rapoo-eu.com\/it\/#website"},"datePublished":"2025-05-16T13:23:29+00:00","dateModified":"2025-07-29T13:26:46+00:00","breadcrumb":{"@id":"https:\/\/www.rapoo-eu.com\/it\/spotlight-m\/#breadcrumb"},"inLanguage":"it-IT","potentialAction":[{"@type":"ReadAction","target":["https:\/\/www.rapoo-eu.com\/it\/spotlight-m\/"]}]},{"@type":"BreadcrumbList","@id":"https:\/\/www.rapoo-eu.com\/it\/spotlight-m\/#breadcrumb","itemListElement":[{"@type":"ListItem","position":1,"name":"Home","item":"https:\/\/www.rapoo-eu.com\/it\/"},{"@type":"ListItem","position":2,"name":"M+ Technology"}]},{"@type":"WebSite","@id":"https:\/\/www.rapoo-eu.com\/it\/#website","url":"https:\/\/www.rapoo-eu.com\/it\/","name":"Italian website new","description":"Wireless Your Life","potentialAction":[{"@type":"SearchAction","target":{"@type":"EntryPoint","urlTemplate":"https:\/\/www.rapoo-eu.com\/it\/?s={search_term_string}"},"query-input":"required name=search_term_string"}],"inLanguage":"it-IT"}]}},"_links":{"self":[{"href":"https:\/\/www.rapoo-eu.com\/it\/wp-json\/wp\/v2\/pages\/14727"}],"collection":[{"href":"https:\/\/www.rapoo-eu.com\/it\/wp-json\/wp\/v2\/pages"}],"about":[{"href":"https:\/\/www.rapoo-eu.com\/it\/wp-json\/wp\/v2\/types\/page"}],"author":[{"embeddable":true,"href":"https:\/\/www.rapoo-eu.com\/it\/wp-json\/wp\/v2\/users\/9"}],"replies":[{"embeddable":true,"href":"https:\/\/www.rapoo-eu.com\/it\/wp-json\/wp\/v2\/comments?post=14727"}],"version-history":[{"count":37,"href":"https:\/\/www.rapoo-eu.com\/it\/wp-json\/wp\/v2\/pages\/14727\/revisions"}],"predecessor-version":[{"id":15620,"href":"https:\/\/www.rapoo-eu.com\/it\/wp-json\/wp\/v2\/pages\/14727\/revisions\/15620"}],"wp:attachment":[{"href":"https:\/\/www.rapoo-eu.com\/it\/wp-json\/wp\/v2\/media?parent=14727"}],"curies":[{"name":"wp","href":"https:\/\/api.w.org\/{rel}","templated":true}]}}